{"id":2,"date":"2023-11-06T12:59:34","date_gmt":"2023-11-06T11:59:34","guid":{"rendered":"https:\/\/editions-la-californie.fr\/californie\/?page_id=2"},"modified":"2024-01-05T18:46:29","modified_gmt":"2024-01-05T17:46:29","slug":"foire-aux-questions-editions-la-californie","status":"publish","type":"page","link":"https:\/\/editions-la-californie.fr\/californie\/index.php\/foire-aux-questions-editions-la-californie\/","title":{"rendered":"Foire Aux Questions"},"content":{"rendered":"\n<h2 class=\"wp-block-heading\">Comment sont calcul\u00e9s les frais de port?<\/h2>\n\n\n\n<div class=\"wp-block-columns is-layout-flex wp-container-core-columns-is-layout-28f84493 wp-block-columns-is-layout-flex\">\n<div class=\"wp-block-column is-layout-flow wp-block-column-is-layout-flow\" style=\"flex-basis:66.66%\">\n<p>Pour l&rsquo;envoi d&rsquo;un livre, la tarif Colissimo est de 6,71-\u20ac HT (tarif PRO au 1er janvier 2022). \u00c0 cela s&rsquo;ajoutent l&#8217;emballage cartonn\u00e9 (1,20-\u20ac), la pr\u00e9paration de la commande (avec amour!), l&rsquo;impression de l&rsquo;\u00e9tiquette et le d\u00e9p\u00f4t \u00e0 La Poste.<br>Nous avons d\u00e9cid\u00e9 de prendre une grosse partie de ces frais \u00e0 notre charge. Ainsi, pour les livres (et les commandes de plusieurs articles), nous facturons les frais de port <strong>en un forfait unique de 5,00-\u20ac<\/strong>.<br>Pour les cartes postales, nous facturons uniquement le prix de l&rsquo;affranchissement.<\/p>\n<\/div>\n\n\n\n<div class=\"wp-block-column is-layout-flow wp-block-column-is-layout-flow\" style=\"flex-basis:33.33%\">\n<figure class=\"wp-block-image\"><img decoding=\"async\" src=\"https:\/\/assets.zyrosite.com\/cdn-cgi\/image\/format=auto,w=600,h=386,fit=crop\/mePPKo1eXrtJzrRy\/frais-de-port-editions-la-californie-alsace-AVLXNG6RPLTo1OGY.jpg\" alt=\"Frais de port sur les commandes effectu\u00e9es sur la boutique du site la-californie.alsace.\"\/><\/figure>\n<\/div>\n<\/div>\n\n\n\n<h2 class=\"wp-block-heading\">Le paiement est-il s\u00e9curis\u00e9?<\/h2>\n\n\n\n<div class=\"wp-block-columns is-layout-flex wp-container-core-columns-is-layout-28f84493 wp-block-columns-is-layout-flex\">\n<div class=\"wp-block-column is-layout-flow wp-block-column-is-layout-flow\" style=\"flex-basis:66.66%\">\n<p>Votre s\u00e9curit\u00e9 est notre priorit\u00e9! Pour cela, nous vous proposons plusieurs options de paiement:<\/p>\n\n\n\n<ul class=\"wp-block-list\">\n<li>par carte bancaire via des applications de r\u00e9f\u00e9rence en terme de cyber-s\u00e9curit\u00e9: <a target=\"_blank\" href=\"https:\/\/www.paypal.com\/fr\/webapps\/mpp\/home\" rel=\"noreferrer noopener\">Paypal<\/a> et <a target=\"_blank\" href=\"https:\/\/stripe.com\/fr\" rel=\"noreferrer noopener\">Stripe<\/a>.<\/li>\n\n\n\n<li>par virement bancaire.<\/li>\n<\/ul>\n\n\n\n<p>Lors des paiements par carte bancaire, vos informations sont saisies directement dans l&rsquo;application (Paypal ou Stripe). En aucun cas nous avons acc\u00e8s \u00e0 ces informations.<br>Par ailleurs, notre site utilise le <strong>protocole https<\/strong> (v\u00e9rifiez dans la barre d&rsquo;adresse web) qui vous garantit que le site sur lequel vous naviguez est s\u00e9curis\u00e9.<\/p>\n<\/div>\n\n\n\n<div class=\"wp-block-column is-layout-flow wp-block-column-is-layout-flow\" style=\"flex-basis:33.33%\">\n<figure class=\"wp-block-image\"><img decoding=\"async\" src=\"https:\/\/assets.zyrosite.com\/cdn-cgi\/image\/format=auto,w=600,h=487,fit=crop\/mePPKo1eXrtJzrRy\/paiement-securise-editeur-livres-alsace-A1aNrDREBlSVgKen.jpg\" alt=\"Sur le site la-californie.alsace, achetez des livres en toute s\u00e9curit\u00e9.\"\/><\/figure>\n<\/div>\n<\/div>\n\n\n\n<p>Vous ne trouvez pas la r\u00e9ponse \u00e0 votre question? <a href=\"https:\/\/www.editions-la-californie.com\/contact-editions-la-californie-alsace\">Contactez-nous<\/a>!<\/p>\n\n\n\n<p>\u00c9ditions La Californie, \u00e9diteur ind\u00e9pendant \u00e0 Schlierbach, au coeur des Trois Fronti\u00e8res en Alsace<\/p>\n","protected":false},"excerpt":{"rendered":"<p>Comment sont calcul\u00e9s les frais de port? Pour l&rsquo;envoi d&rsquo;un livre, la tarif Colissimo est de 6,71-\u20ac HT (tarif PRO au 1er janvier 2022). \u00c0 cela s&rsquo;ajoutent l&#8217;emballage cartonn\u00e9 (1,20-\u20ac), la pr\u00e9paration de la commande (avec amour!), l&rsquo;impression de l&rsquo;\u00e9tiquette et le d\u00e9p\u00f4t \u00e0 La Poste.Nous avons d\u00e9cid\u00e9 de prendre une grosse partie de ces [&hellip;]<\/p>\n","protected":false},"author":1,"featured_media":0,"parent":0,"menu_order":0,"comment_status":"closed","ping_status":"open","template":"","meta":{"footnotes":""},"class_list":["post-2","page","type-page","status-publish","hentry"],"yoast_head":"<!-- This site is optimized with the Yoast SEO plugin v27.4 - https:\/\/yoast.com\/product\/yoast-seo-wordpress\/ -->\n<title>Foire Aux Questions - \u00c9ditions La Californie, boutique en ligne<\/title>\n<meta name=\"description\" content=\"Dans la Foire Aux Questions des \u00c9ditions La Californie, trouvez les r\u00e9ponses pour acheter en toute s\u00e9r\u00e9nit\u00e9 dans notre boutique en ligne.\" \/>\n<meta name=\"robots\" content=\"index, follow, max-snippet:-1, max-image-preview:large, max-video-preview:-1\" \/>\n<link rel=\"canonical\" href=\"https:\/\/editions-la-californie.fr\/californie\/index.php\/foire-aux-questions-editions-la-californie\/\" \/>\n<meta property=\"og:locale\" content=\"fr_FR\" \/>\n<meta property=\"og:type\" content=\"article\" \/>\n<meta property=\"og:title\" content=\"Foire Aux Questions - \u00c9ditions La Californie, boutique en ligne\" \/>\n<meta property=\"og:description\" content=\"Dans la Foire Aux Questions des \u00c9ditions La Californie, trouvez les r\u00e9ponses pour acheter en toute s\u00e9r\u00e9nit\u00e9 dans notre boutique en ligne.\" \/>\n<meta property=\"og:url\" content=\"https:\/\/editions-la-californie.fr\/californie\/index.php\/foire-aux-questions-editions-la-californie\/\" \/>\n<meta property=\"og:site_name\" content=\"\u00c9ditions La Californie, boutique en ligne\" \/>\n<meta property=\"article:publisher\" content=\"https:\/\/www.facebook.com\/editionslacalifornie\" \/>\n<meta property=\"article:modified_time\" content=\"2024-01-05T17:46:29+00:00\" \/>\n<meta property=\"og:image\" content=\"https:\/\/assets.zyrosite.com\/cdn-cgi\/image\/format=auto,w=600,h=386,fit=crop\/mePPKo1eXrtJzrRy\/frais-de-port-editions-la-californie-alsace-AVLXNG6RPLTo1OGY.jpg\" \/>\n<meta name=\"twitter:card\" content=\"summary_large_image\" \/>\n<meta name=\"twitter:site\" content=\"@edilacalifornie\" \/>\n<meta name=\"twitter:label1\" content=\"Dur\u00e9e de lecture estim\u00e9e\" \/>\n\t<meta name=\"twitter:data1\" content=\"2 minutes\" \/>\n<script type=\"application\/ld+json\" class=\"yoast-schema-graph\">{\"@context\":\"https:\\\/\\\/schema.org\",\"@graph\":[{\"@type\":\"WebPage\",\"@id\":\"https:\\\/\\\/editions-la-californie.fr\\\/californie\\\/index.php\\\/foire-aux-questions-editions-la-californie\\\/\",\"url\":\"https:\\\/\\\/editions-la-californie.fr\\\/californie\\\/index.php\\\/foire-aux-questions-editions-la-californie\\\/\",\"name\":\"Foire Aux Questions - \u00c9ditions La Californie, boutique en ligne\",\"isPartOf\":{\"@id\":\"https:\\\/\\\/editions-la-californie.fr\\\/californie\\\/#website\"},\"primaryImageOfPage\":{\"@id\":\"https:\\\/\\\/editions-la-californie.fr\\\/californie\\\/index.php\\\/foire-aux-questions-editions-la-californie\\\/#primaryimage\"},\"image\":{\"@id\":\"https:\\\/\\\/editions-la-californie.fr\\\/californie\\\/index.php\\\/foire-aux-questions-editions-la-californie\\\/#primaryimage\"},\"thumbnailUrl\":\"https:\\\/\\\/assets.zyrosite.com\\\/cdn-cgi\\\/image\\\/format=auto,w=600,h=386,fit=crop\\\/mePPKo1eXrtJzrRy\\\/frais-de-port-editions-la-californie-alsace-AVLXNG6RPLTo1OGY.jpg\",\"datePublished\":\"2023-11-06T11:59:34+00:00\",\"dateModified\":\"2024-01-05T17:46:29+00:00\",\"description\":\"Dans la Foire Aux Questions des \u00c9ditions La Californie, trouvez les r\u00e9ponses pour acheter en toute s\u00e9r\u00e9nit\u00e9 dans notre boutique en ligne.\",\"breadcrumb\":{\"@id\":\"https:\\\/\\\/editions-la-californie.fr\\\/californie\\\/index.php\\\/foire-aux-questions-editions-la-californie\\\/#breadcrumb\"},\"inLanguage\":\"fr-FR\",\"potentialAction\":[{\"@type\":\"ReadAction\",\"target\":[\"https:\\\/\\\/editions-la-californie.fr\\\/californie\\\/index.php\\\/foire-aux-questions-editions-la-californie\\\/\"]}]},{\"@type\":\"ImageObject\",\"inLanguage\":\"fr-FR\",\"@id\":\"https:\\\/\\\/editions-la-californie.fr\\\/californie\\\/index.php\\\/foire-aux-questions-editions-la-californie\\\/#primaryimage\",\"url\":\"https:\\\/\\\/assets.zyrosite.com\\\/cdn-cgi\\\/image\\\/format=auto,w=600,h=386,fit=crop\\\/mePPKo1eXrtJzrRy\\\/frais-de-port-editions-la-californie-alsace-AVLXNG6RPLTo1OGY.jpg\",\"contentUrl\":\"https:\\\/\\\/assets.zyrosite.com\\\/cdn-cgi\\\/image\\\/format=auto,w=600,h=386,fit=crop\\\/mePPKo1eXrtJzrRy\\\/frais-de-port-editions-la-californie-alsace-AVLXNG6RPLTo1OGY.jpg\"},{\"@type\":\"BreadcrumbList\",\"@id\":\"https:\\\/\\\/editions-la-californie.fr\\\/californie\\\/index.php\\\/foire-aux-questions-editions-la-californie\\\/#breadcrumb\",\"itemListElement\":[{\"@type\":\"ListItem\",\"position\":1,\"name\":\"Accueil\",\"item\":\"https:\\\/\\\/editions-la-californie.fr\\\/californie\\\/\"},{\"@type\":\"ListItem\",\"position\":2,\"name\":\"Foire Aux Questions\"}]},{\"@type\":\"WebSite\",\"@id\":\"https:\\\/\\\/editions-la-californie.fr\\\/californie\\\/#website\",\"url\":\"https:\\\/\\\/editions-la-californie.fr\\\/californie\\\/\",\"name\":\"\u00c9ditions La Californie, boutique en ligne\",\"description\":\"Offrez(-vous) des livres imagin\u00e9s, cr\u00e9\u00e9s et illustr\u00e9s en Alsace\",\"publisher\":{\"@id\":\"https:\\\/\\\/editions-la-californie.fr\\\/californie\\\/#organization\"},\"potentialAction\":[{\"@type\":\"SearchAction\",\"target\":{\"@type\":\"EntryPoint\",\"urlTemplate\":\"https:\\\/\\\/editions-la-californie.fr\\\/californie\\\/?s={search_term_string}\"},\"query-input\":{\"@type\":\"PropertyValueSpecification\",\"valueRequired\":true,\"valueName\":\"search_term_string\"}}],\"inLanguage\":\"fr-FR\"},{\"@type\":\"Organization\",\"@id\":\"https:\\\/\\\/editions-la-californie.fr\\\/californie\\\/#organization\",\"name\":\"\u00c9ditions La Californie\",\"url\":\"https:\\\/\\\/editions-la-californie.fr\\\/californie\\\/\",\"logo\":{\"@type\":\"ImageObject\",\"inLanguage\":\"fr-FR\",\"@id\":\"https:\\\/\\\/editions-la-californie.fr\\\/californie\\\/#\\\/schema\\\/logo\\\/image\\\/\",\"url\":\"https:\\\/\\\/editions-la-californie.fr\\\/californie\\\/wp-content\\\/uploads\\\/2023\\\/11\\\/cropped-logo-editions-la-californie-alsace-boutique.png\",\"contentUrl\":\"https:\\\/\\\/editions-la-californie.fr\\\/californie\\\/wp-content\\\/uploads\\\/2023\\\/11\\\/cropped-logo-editions-la-californie-alsace-boutique.png\",\"width\":522,\"height\":122,\"caption\":\"\u00c9ditions La Californie\"},\"image\":{\"@id\":\"https:\\\/\\\/editions-la-californie.fr\\\/californie\\\/#\\\/schema\\\/logo\\\/image\\\/\"},\"sameAs\":[\"https:\\\/\\\/www.facebook.com\\\/editionslacalifornie\",\"https:\\\/\\\/x.com\\\/edilacalifornie\",\"https:\\\/\\\/www.instagram.com\\\/editionslacalifornie\"]}]}<\/script>\n<!-- \/ Yoast SEO plugin. -->","yoast_head_json":{"title":"Foire Aux Questions - \u00c9ditions La Californie, boutique en ligne","description":"Dans la Foire Aux Questions des \u00c9ditions La Californie, trouvez les r\u00e9ponses pour acheter en toute s\u00e9r\u00e9nit\u00e9 dans notre boutique en ligne.","robots":{"index":"index","follow":"follow","max-snippet":"max-snippet:-1","max-image-preview":"max-image-preview:large","max-video-preview":"max-video-preview:-1"},"canonical":"https:\/\/editions-la-californie.fr\/californie\/index.php\/foire-aux-questions-editions-la-californie\/","og_locale":"fr_FR","og_type":"article","og_title":"Foire Aux Questions - \u00c9ditions La Californie, boutique en ligne","og_description":"Dans la Foire Aux Questions des \u00c9ditions La Californie, trouvez les r\u00e9ponses pour acheter en toute s\u00e9r\u00e9nit\u00e9 dans notre boutique en ligne.","og_url":"https:\/\/editions-la-californie.fr\/californie\/index.php\/foire-aux-questions-editions-la-californie\/","og_site_name":"\u00c9ditions La Californie, boutique en ligne","article_publisher":"https:\/\/www.facebook.com\/editionslacalifornie","article_modified_time":"2024-01-05T17:46:29+00:00","og_image":[{"url":"https:\/\/assets.zyrosite.com\/cdn-cgi\/image\/format=auto,w=600,h=386,fit=crop\/mePPKo1eXrtJzrRy\/frais-de-port-editions-la-californie-alsace-AVLXNG6RPLTo1OGY.jpg","type":"","width":"","height":""}],"twitter_card":"summary_large_image","twitter_site":"@edilacalifornie","twitter_misc":{"Dur\u00e9e de lecture estim\u00e9e":"2 minutes"},"schema":{"@context":"https:\/\/schema.org","@graph":[{"@type":"WebPage","@id":"https:\/\/editions-la-californie.fr\/californie\/index.php\/foire-aux-questions-editions-la-californie\/","url":"https:\/\/editions-la-californie.fr\/californie\/index.php\/foire-aux-questions-editions-la-californie\/","name":"Foire Aux Questions - \u00c9ditions La Californie, boutique en ligne","isPartOf":{"@id":"https:\/\/editions-la-californie.fr\/californie\/#website"},"primaryImageOfPage":{"@id":"https:\/\/editions-la-californie.fr\/californie\/index.php\/foire-aux-questions-editions-la-californie\/#primaryimage"},"image":{"@id":"https:\/\/editions-la-californie.fr\/californie\/index.php\/foire-aux-questions-editions-la-californie\/#primaryimage"},"thumbnailUrl":"https:\/\/assets.zyrosite.com\/cdn-cgi\/image\/format=auto,w=600,h=386,fit=crop\/mePPKo1eXrtJzrRy\/frais-de-port-editions-la-californie-alsace-AVLXNG6RPLTo1OGY.jpg","datePublished":"2023-11-06T11:59:34+00:00","dateModified":"2024-01-05T17:46:29+00:00","description":"Dans la Foire Aux Questions des \u00c9ditions La Californie, trouvez les r\u00e9ponses pour acheter en toute s\u00e9r\u00e9nit\u00e9 dans notre boutique en ligne.","breadcrumb":{"@id":"https:\/\/editions-la-californie.fr\/californie\/index.php\/foire-aux-questions-editions-la-californie\/#breadcrumb"},"inLanguage":"fr-FR","potentialAction":[{"@type":"ReadAction","target":["https:\/\/editions-la-californie.fr\/californie\/index.php\/foire-aux-questions-editions-la-californie\/"]}]},{"@type":"ImageObject","inLanguage":"fr-FR","@id":"https:\/\/editions-la-californie.fr\/californie\/index.php\/foire-aux-questions-editions-la-californie\/#primaryimage","url":"https:\/\/assets.zyrosite.com\/cdn-cgi\/image\/format=auto,w=600,h=386,fit=crop\/mePPKo1eXrtJzrRy\/frais-de-port-editions-la-californie-alsace-AVLXNG6RPLTo1OGY.jpg","contentUrl":"https:\/\/assets.zyrosite.com\/cdn-cgi\/image\/format=auto,w=600,h=386,fit=crop\/mePPKo1eXrtJzrRy\/frais-de-port-editions-la-californie-alsace-AVLXNG6RPLTo1OGY.jpg"},{"@type":"BreadcrumbList","@id":"https:\/\/editions-la-californie.fr\/californie\/index.php\/foire-aux-questions-editions-la-californie\/#breadcrumb","itemListElement":[{"@type":"ListItem","position":1,"name":"Accueil","item":"https:\/\/editions-la-californie.fr\/californie\/"},{"@type":"ListItem","position":2,"name":"Foire Aux Questions"}]},{"@type":"WebSite","@id":"https:\/\/editions-la-californie.fr\/californie\/#website","url":"https:\/\/editions-la-californie.fr\/californie\/","name":"\u00c9ditions La Californie, boutique en ligne","description":"Offrez(-vous) des livres imagin\u00e9s, cr\u00e9\u00e9s et illustr\u00e9s en Alsace","publisher":{"@id":"https:\/\/editions-la-californie.fr\/californie\/#organization"},"potentialAction":[{"@type":"SearchAction","target":{"@type":"EntryPoint","urlTemplate":"https:\/\/editions-la-californie.fr\/californie\/?s={search_term_string}"},"query-input":{"@type":"PropertyValueSpecification","valueRequired":true,"valueName":"search_term_string"}}],"inLanguage":"fr-FR"},{"@type":"Organization","@id":"https:\/\/editions-la-californie.fr\/californie\/#organization","name":"\u00c9ditions La Californie","url":"https:\/\/editions-la-californie.fr\/californie\/","logo":{"@type":"ImageObject","inLanguage":"fr-FR","@id":"https:\/\/editions-la-californie.fr\/californie\/#\/schema\/logo\/image\/","url":"https:\/\/editions-la-californie.fr\/californie\/wp-content\/uploads\/2023\/11\/cropped-logo-editions-la-californie-alsace-boutique.png","contentUrl":"https:\/\/editions-la-californie.fr\/californie\/wp-content\/uploads\/2023\/11\/cropped-logo-editions-la-californie-alsace-boutique.png","width":522,"height":122,"caption":"\u00c9ditions La Californie"},"image":{"@id":"https:\/\/editions-la-californie.fr\/californie\/#\/schema\/logo\/image\/"},"sameAs":["https:\/\/www.facebook.com\/editionslacalifornie","https:\/\/x.com\/edilacalifornie","https:\/\/www.instagram.com\/editionslacalifornie"]}]}},"jetpack_sharing_enabled":true,"_links":{"self":[{"href":"https:\/\/editions-la-californie.fr\/californie\/index.php\/wp-json\/wp\/v2\/pages\/2","targetHints":{"allow":["GET"]}}],"collection":[{"href":"https:\/\/editions-la-californie.fr\/californie\/index.php\/wp-json\/wp\/v2\/pages"}],"about":[{"href":"https:\/\/editions-la-californie.fr\/californie\/index.php\/wp-json\/wp\/v2\/types\/page"}],"author":[{"embeddable":true,"href":"https:\/\/editions-la-californie.fr\/californie\/index.php\/wp-json\/wp\/v2\/users\/1"}],"replies":[{"embeddable":true,"href":"https:\/\/editions-la-californie.fr\/californie\/index.php\/wp-json\/wp\/v2\/comments?post=2"}],"version-history":[{"count":3,"href":"https:\/\/editions-la-californie.fr\/californie\/index.php\/wp-json\/wp\/v2\/pages\/2\/revisions"}],"predecessor-version":[{"id":183,"href":"https:\/\/editions-la-californie.fr\/californie\/index.php\/wp-json\/wp\/v2\/pages\/2\/revisions\/183"}],"wp:attachment":[{"href":"https:\/\/editions-la-californie.fr\/californie\/index.php\/wp-json\/wp\/v2\/media?parent=2"}],"curies":[{"name":"wp","href":"https:\/\/api.w.org\/{rel}","templated":true}]}}