{"id":1054,"date":"2026-04-07T07:27:25","date_gmt":"2026-04-07T05:27:25","guid":{"rendered":"https:\/\/editions-la-californie.fr\/californie\/?post_type=product&#038;p=1054"},"modified":"2026-04-07T08:00:36","modified_gmt":"2026-04-07T06:00:36","slug":"_luka-le-dragon-mais-ou-sont-passees-les-etoiles-livre-illustre-copie","status":"publish","type":"product","link":"https:\/\/editions-la-californie.fr\/californie\/index.php\/produit\/_luka-le-dragon-mais-ou-sont-passees-les-etoiles-livre-illustre-copie\/","title":{"rendered":"__Luka le dragon, Mais o\u00f9 sont pass\u00e9es les \u00e9toiles ? &#8211; livre illustr\u00e9"},"content":{"rendered":"<p>Luka le dragon, Mais o\u00f9 sont pass\u00e9es les \u00e9toiles ?, un livre \u00e9crit par Caroline Niglis-Gerber et illustr\u00e9 par Coeur d&rsquo;Artiflo. <strong>Le livre audio est inclus !<\/strong><\/p>\n<h3>R\u00e9sum\u00e9 du livre \u00ab\u00a0Luka le dragon, Mais o\u00f9 sont pass\u00e9es les \u00e9toiles ?\u00a0\u00bb<\/h3>\n<p>Par une paisible nuit de printemps, alors qu\u2019il observe le ciel, Luka le dragon s\u2019aper\u00e7oit que les \u00e9toiles ont disparu !<br \/>\nAccompagn\u00e9 de son Nini, il part \u00e0 leur recherche. Mais, le chemin leur r\u00e9serve de belles surprises&#8230;<\/p>\n<h3>Inclus : un livre audio enchanteur et immersif !<\/h3>\n<p>Le livre est accompagn\u00e9 d\u2019un livre audio o\u00f9 l\u2019auteure elle-m\u00eame donne vie \u00e0 l\u2019histoire de Luka le dragon. Sa voix douce et expressive plonge les jeunes lecteurs dans un univers enchanteur, port\u00e9e par une musique immersive qui accompagne chaque \u00e9motion du r\u00e9cit. Les m\u00e9lodies d\u00e9licates et les sons de la nature renforcent la po\u00e9sie de l\u2019histoire, rendant l\u2019\u00e9coute aussi apaisante que captivante. Ce format audio permet aux enfants de s\u2019impr\u00e9gner pleinement de l\u2019atmosph\u00e8re du conte, en fermant les yeux et en se laissant emporter par le souffle du printemps.<\/p>\n<h3>Informations<\/h3>\n<p>Format : 21x21cm &#8211; 24 pages<br \/>\nLivre audio inclus, accessible gr\u00e2ce \u00e0 un qr-code<br \/>\nISBN : 978-2-493618-23-8<br \/>\nPrix : 10-\u20ac<\/p>\n<h3>Exp\u00e9dition et livraison<\/h3>\n<p>Pour la commande d&rsquo;un livre \u00ab\u00a0Luka le dragon\u00a0\u00bb, optez pour l&rsquo;envoi en \u00ab\u00a0lettre verte\u00a0\u00bb par la Poste. Ce transport \u00e9cologique ne vous co\u00fbtera que 3,00-\u20ac.<br \/>\nPour toute commande sup\u00e9rieure, choisissez l&rsquo;envoi par Colissimo.<br \/>\n<strong>\u00c0 partir de 36,00-\u20ac, b\u00e9n\u00e9ficiez de la livraison \u00e0 0,01-\u20ac !<\/strong><\/p>\n","protected":false},"excerpt":{"rendered":"<p>\u00ab\u00a0Luka le dragon, Mais o\u00f9 sont pass\u00e9es les \u00e9toiles ?\u00a0\u00bb est un livre pour enfants \u00e0 partir de 2 ans. Livre audio inclus<\/p>\n","protected":false},"featured_media":1055,"comment_status":"open","ping_status":"closed","template":"","meta":[],"product_brand":[],"product_cat":[53],"product_tag":[54,56,55],"class_list":{"0":"post-1054","1":"product","2":"type-product","3":"status-publish","4":"has-post-thumbnail","6":"product_cat-luka-le-dragon","7":"product_tag-livre","8":"product_tag-livre-pour-enfant","9":"product_tag-luka-le-dragon","11":"first","12":"instock","13":"taxable","14":"shipping-taxable","15":"purchasable","16":"product-type-simple"},"yoast_head":"<!-- This site is optimized with the Yoast SEO plugin v27.4 - https:\/\/yoast.com\/product\/yoast-seo-wordpress\/ -->\n<title>Luka le dragon mais o\u00f9 sont pass\u00e9es les \u00e9toiles, livre illustr\u00e9 audio<\/title>\n<meta name=\"description\" content=\"Luka le dragon mais o\u00f9 sont pass\u00e9es les \u00e9toiles ? une histoire \u00e9crite par Caroline Niglis et illustr\u00e9e par Coeur d&#039;Artiflo, avec un livre audio inclus !\" \/>\n<meta name=\"robots\" content=\"index, follow, max-snippet:-1, max-image-preview:large, max-video-preview:-1\" \/>\n<link rel=\"canonical\" href=\"https:\/\/editions-la-californie.fr\/californie\/index.php\/produit\/_luka-le-dragon-mais-ou-sont-passees-les-etoiles-livre-illustre-copie\/\" \/>\n<meta property=\"og:locale\" content=\"fr_FR\" \/>\n<meta property=\"og:type\" content=\"article\" \/>\n<meta property=\"og:title\" content=\"Luka le dragon mais o\u00f9 sont pass\u00e9es les \u00e9toiles, livre illustr\u00e9 audio\" \/>\n<meta property=\"og:description\" content=\"Luka le dragon mais o\u00f9 sont pass\u00e9es les \u00e9toiles ? une histoire \u00e9crite par Caroline Niglis et illustr\u00e9e par Coeur d&#039;Artiflo, avec un livre audio inclus !\" \/>\n<meta property=\"og:url\" content=\"https:\/\/editions-la-californie.fr\/californie\/index.php\/produit\/_luka-le-dragon-mais-ou-sont-passees-les-etoiles-livre-illustre-copie\/\" \/>\n<meta property=\"og:site_name\" content=\"\u00c9ditions La Californie, boutique en ligne\" \/>\n<meta property=\"article:publisher\" content=\"https:\/\/www.facebook.com\/editionslacalifornie\" \/>\n<meta property=\"article:modified_time\" content=\"2026-04-07T06:00:36+00:00\" \/>\n<meta property=\"og:image\" content=\"https:\/\/editions-la-californie.fr\/californie\/wp-content\/uploads\/2026\/04\/Luka-le-dragon-ou-sont-passees-les-etoiles.jpg\" \/>\n\t<meta property=\"og:image:width\" content=\"700\" \/>\n\t<meta property=\"og:image:height\" content=\"700\" \/>\n\t<meta property=\"og:image:type\" content=\"image\/jpeg\" \/>\n<meta name=\"twitter:card\" content=\"summary_large_image\" \/>\n<meta name=\"twitter:site\" content=\"@edilacalifornie\" \/>\n<meta name=\"twitter:label1\" content=\"Dur\u00e9e de lecture estim\u00e9e\" \/>\n\t<meta name=\"twitter:data1\" content=\"2 minutes\" \/>\n<script type=\"application\/ld+json\" class=\"yoast-schema-graph\">{\"@context\":\"https:\\\/\\\/schema.org\",\"@graph\":[{\"@type\":\"WebPage\",\"@id\":\"https:\\\/\\\/editions-la-californie.fr\\\/californie\\\/index.php\\\/produit\\\/_luka-le-dragon-mais-ou-sont-passees-les-etoiles-livre-illustre-copie\\\/\",\"url\":\"https:\\\/\\\/editions-la-californie.fr\\\/californie\\\/index.php\\\/produit\\\/_luka-le-dragon-mais-ou-sont-passees-les-etoiles-livre-illustre-copie\\\/\",\"name\":\"Luka le dragon mais o\u00f9 sont pass\u00e9es les \u00e9toiles, livre illustr\u00e9 audio\",\"isPartOf\":{\"@id\":\"https:\\\/\\\/editions-la-californie.fr\\\/californie\\\/#website\"},\"primaryImageOfPage\":{\"@id\":\"https:\\\/\\\/editions-la-californie.fr\\\/californie\\\/index.php\\\/produit\\\/_luka-le-dragon-mais-ou-sont-passees-les-etoiles-livre-illustre-copie\\\/#primaryimage\"},\"image\":{\"@id\":\"https:\\\/\\\/editions-la-californie.fr\\\/californie\\\/index.php\\\/produit\\\/_luka-le-dragon-mais-ou-sont-passees-les-etoiles-livre-illustre-copie\\\/#primaryimage\"},\"thumbnailUrl\":\"https:\\\/\\\/editions-la-californie.fr\\\/californie\\\/wp-content\\\/uploads\\\/2026\\\/04\\\/Luka-le-dragon-ou-sont-passees-les-etoiles.jpg\",\"datePublished\":\"2026-04-07T05:27:25+00:00\",\"dateModified\":\"2026-04-07T06:00:36+00:00\",\"description\":\"Luka le dragon mais o\u00f9 sont pass\u00e9es les \u00e9toiles ? une histoire \u00e9crite par Caroline Niglis et illustr\u00e9e par Coeur d'Artiflo, avec un livre audio inclus !\",\"breadcrumb\":{\"@id\":\"https:\\\/\\\/editions-la-californie.fr\\\/californie\\\/index.php\\\/produit\\\/_luka-le-dragon-mais-ou-sont-passees-les-etoiles-livre-illustre-copie\\\/#breadcrumb\"},\"inLanguage\":\"fr-FR\",\"potentialAction\":[{\"@type\":\"ReadAction\",\"target\":[\"https:\\\/\\\/editions-la-californie.fr\\\/californie\\\/index.php\\\/produit\\\/_luka-le-dragon-mais-ou-sont-passees-les-etoiles-livre-illustre-copie\\\/\"]}]},{\"@type\":\"ImageObject\",\"inLanguage\":\"fr-FR\",\"@id\":\"https:\\\/\\\/editions-la-californie.fr\\\/californie\\\/index.php\\\/produit\\\/_luka-le-dragon-mais-ou-sont-passees-les-etoiles-livre-illustre-copie\\\/#primaryimage\",\"url\":\"https:\\\/\\\/editions-la-californie.fr\\\/californie\\\/wp-content\\\/uploads\\\/2026\\\/04\\\/Luka-le-dragon-ou-sont-passees-les-etoiles.jpg\",\"contentUrl\":\"https:\\\/\\\/editions-la-californie.fr\\\/californie\\\/wp-content\\\/uploads\\\/2026\\\/04\\\/Luka-le-dragon-ou-sont-passees-les-etoiles.jpg\",\"width\":700,\"height\":700,\"caption\":\"Luka le dragon, Mais o\u00f9 sont pass\u00e9es les \u00e9toiles ? est un livre \u00e9crit par Caroline Niglis-Gerber et illustr\u00e9 par Coeur d'Artiflo. En cadeau : le livre audio, compos\u00e9 par Philippe Monnier !\"},{\"@type\":\"BreadcrumbList\",\"@id\":\"https:\\\/\\\/editions-la-californie.fr\\\/californie\\\/index.php\\\/produit\\\/_luka-le-dragon-mais-ou-sont-passees-les-etoiles-livre-illustre-copie\\\/#breadcrumb\",\"itemListElement\":[{\"@type\":\"ListItem\",\"position\":1,\"name\":\"Accueil\",\"item\":\"https:\\\/\\\/editions-la-californie.fr\\\/californie\\\/\"},{\"@type\":\"ListItem\",\"position\":2,\"name\":\"Boutique en ligne des \u00c9ditions La Californie\",\"item\":\"https:\\\/\\\/editions-la-californie.fr\\\/californie\\\/\"},{\"@type\":\"ListItem\",\"position\":3,\"name\":\"__Luka le dragon, Mais o\u00f9 sont pass\u00e9es les \u00e9toiles ? &#8211; livre illustr\u00e9\"}]},{\"@type\":\"WebSite\",\"@id\":\"https:\\\/\\\/editions-la-californie.fr\\\/californie\\\/#website\",\"url\":\"https:\\\/\\\/editions-la-californie.fr\\\/californie\\\/\",\"name\":\"\u00c9ditions La Californie, boutique en ligne\",\"description\":\"Offrez(-vous) des livres imagin\u00e9s, cr\u00e9\u00e9s et illustr\u00e9s en Alsace\",\"publisher\":{\"@id\":\"https:\\\/\\\/editions-la-californie.fr\\\/californie\\\/#organization\"},\"potentialAction\":[{\"@type\":\"SearchAction\",\"target\":{\"@type\":\"EntryPoint\",\"urlTemplate\":\"https:\\\/\\\/editions-la-californie.fr\\\/californie\\\/?s={search_term_string}\"},\"query-input\":{\"@type\":\"PropertyValueSpecification\",\"valueRequired\":true,\"valueName\":\"search_term_string\"}}],\"inLanguage\":\"fr-FR\"},{\"@type\":\"Organization\",\"@id\":\"https:\\\/\\\/editions-la-californie.fr\\\/californie\\\/#organization\",\"name\":\"\u00c9ditions La Californie\",\"url\":\"https:\\\/\\\/editions-la-californie.fr\\\/californie\\\/\",\"logo\":{\"@type\":\"ImageObject\",\"inLanguage\":\"fr-FR\",\"@id\":\"https:\\\/\\\/editions-la-californie.fr\\\/californie\\\/#\\\/schema\\\/logo\\\/image\\\/\",\"url\":\"https:\\\/\\\/editions-la-californie.fr\\\/californie\\\/wp-content\\\/uploads\\\/2023\\\/11\\\/cropped-logo-editions-la-californie-alsace-boutique.png\",\"contentUrl\":\"https:\\\/\\\/editions-la-californie.fr\\\/californie\\\/wp-content\\\/uploads\\\/2023\\\/11\\\/cropped-logo-editions-la-californie-alsace-boutique.png\",\"width\":522,\"height\":122,\"caption\":\"\u00c9ditions La Californie\"},\"image\":{\"@id\":\"https:\\\/\\\/editions-la-californie.fr\\\/californie\\\/#\\\/schema\\\/logo\\\/image\\\/\"},\"sameAs\":[\"https:\\\/\\\/www.facebook.com\\\/editionslacalifornie\",\"https:\\\/\\\/x.com\\\/edilacalifornie\",\"https:\\\/\\\/www.instagram.com\\\/editionslacalifornie\"]}]}<\/script>\n<!-- \/ Yoast SEO plugin. -->","yoast_head_json":{"title":"Luka le dragon mais o\u00f9 sont pass\u00e9es les \u00e9toiles, livre illustr\u00e9 audio","description":"Luka le dragon mais o\u00f9 sont pass\u00e9es les \u00e9toiles ? une histoire \u00e9crite par Caroline Niglis et illustr\u00e9e par Coeur d'Artiflo, avec un livre audio inclus !","robots":{"index":"index","follow":"follow","max-snippet":"max-snippet:-1","max-image-preview":"max-image-preview:large","max-video-preview":"max-video-preview:-1"},"canonical":"https:\/\/editions-la-californie.fr\/californie\/index.php\/produit\/_luka-le-dragon-mais-ou-sont-passees-les-etoiles-livre-illustre-copie\/","og_locale":"fr_FR","og_type":"article","og_title":"Luka le dragon mais o\u00f9 sont pass\u00e9es les \u00e9toiles, livre illustr\u00e9 audio","og_description":"Luka le dragon mais o\u00f9 sont pass\u00e9es les \u00e9toiles ? une histoire \u00e9crite par Caroline Niglis et illustr\u00e9e par Coeur d'Artiflo, avec un livre audio inclus !","og_url":"https:\/\/editions-la-californie.fr\/californie\/index.php\/produit\/_luka-le-dragon-mais-ou-sont-passees-les-etoiles-livre-illustre-copie\/","og_site_name":"\u00c9ditions La Californie, boutique en ligne","article_publisher":"https:\/\/www.facebook.com\/editionslacalifornie","article_modified_time":"2026-04-07T06:00:36+00:00","og_image":[{"width":700,"height":700,"url":"https:\/\/editions-la-californie.fr\/californie\/wp-content\/uploads\/2026\/04\/Luka-le-dragon-ou-sont-passees-les-etoiles.jpg","type":"image\/jpeg"}],"twitter_card":"summary_large_image","twitter_site":"@edilacalifornie","twitter_misc":{"Dur\u00e9e de lecture estim\u00e9e":"2 minutes"},"schema":{"@context":"https:\/\/schema.org","@graph":[{"@type":"WebPage","@id":"https:\/\/editions-la-californie.fr\/californie\/index.php\/produit\/_luka-le-dragon-mais-ou-sont-passees-les-etoiles-livre-illustre-copie\/","url":"https:\/\/editions-la-californie.fr\/californie\/index.php\/produit\/_luka-le-dragon-mais-ou-sont-passees-les-etoiles-livre-illustre-copie\/","name":"Luka le dragon mais o\u00f9 sont pass\u00e9es les \u00e9toiles, livre illustr\u00e9 audio","isPartOf":{"@id":"https:\/\/editions-la-californie.fr\/californie\/#website"},"primaryImageOfPage":{"@id":"https:\/\/editions-la-californie.fr\/californie\/index.php\/produit\/_luka-le-dragon-mais-ou-sont-passees-les-etoiles-livre-illustre-copie\/#primaryimage"},"image":{"@id":"https:\/\/editions-la-californie.fr\/californie\/index.php\/produit\/_luka-le-dragon-mais-ou-sont-passees-les-etoiles-livre-illustre-copie\/#primaryimage"},"thumbnailUrl":"https:\/\/editions-la-californie.fr\/californie\/wp-content\/uploads\/2026\/04\/Luka-le-dragon-ou-sont-passees-les-etoiles.jpg","datePublished":"2026-04-07T05:27:25+00:00","dateModified":"2026-04-07T06:00:36+00:00","description":"Luka le dragon mais o\u00f9 sont pass\u00e9es les \u00e9toiles ? une histoire \u00e9crite par Caroline Niglis et illustr\u00e9e par Coeur d'Artiflo, avec un livre audio inclus !","breadcrumb":{"@id":"https:\/\/editions-la-californie.fr\/californie\/index.php\/produit\/_luka-le-dragon-mais-ou-sont-passees-les-etoiles-livre-illustre-copie\/#breadcrumb"},"inLanguage":"fr-FR","potentialAction":[{"@type":"ReadAction","target":["https:\/\/editions-la-californie.fr\/californie\/index.php\/produit\/_luka-le-dragon-mais-ou-sont-passees-les-etoiles-livre-illustre-copie\/"]}]},{"@type":"ImageObject","inLanguage":"fr-FR","@id":"https:\/\/editions-la-californie.fr\/californie\/index.php\/produit\/_luka-le-dragon-mais-ou-sont-passees-les-etoiles-livre-illustre-copie\/#primaryimage","url":"https:\/\/editions-la-californie.fr\/californie\/wp-content\/uploads\/2026\/04\/Luka-le-dragon-ou-sont-passees-les-etoiles.jpg","contentUrl":"https:\/\/editions-la-californie.fr\/californie\/wp-content\/uploads\/2026\/04\/Luka-le-dragon-ou-sont-passees-les-etoiles.jpg","width":700,"height":700,"caption":"Luka le dragon, Mais o\u00f9 sont pass\u00e9es les \u00e9toiles ? est un livre \u00e9crit par Caroline Niglis-Gerber et illustr\u00e9 par Coeur d'Artiflo. En cadeau : le livre audio, compos\u00e9 par Philippe Monnier !"},{"@type":"BreadcrumbList","@id":"https:\/\/editions-la-californie.fr\/californie\/index.php\/produit\/_luka-le-dragon-mais-ou-sont-passees-les-etoiles-livre-illustre-copie\/#breadcrumb","itemListElement":[{"@type":"ListItem","position":1,"name":"Accueil","item":"https:\/\/editions-la-californie.fr\/californie\/"},{"@type":"ListItem","position":2,"name":"Boutique en ligne des \u00c9ditions La Californie","item":"https:\/\/editions-la-californie.fr\/californie\/"},{"@type":"ListItem","position":3,"name":"__Luka le dragon, Mais o\u00f9 sont pass\u00e9es les \u00e9toiles ? &#8211; livre illustr\u00e9"}]},{"@type":"WebSite","@id":"https:\/\/editions-la-californie.fr\/californie\/#website","url":"https:\/\/editions-la-californie.fr\/californie\/","name":"\u00c9ditions La Californie, boutique en ligne","description":"Offrez(-vous) des livres imagin\u00e9s, cr\u00e9\u00e9s et illustr\u00e9s en Alsace","publisher":{"@id":"https:\/\/editions-la-californie.fr\/californie\/#organization"},"potentialAction":[{"@type":"SearchAction","target":{"@type":"EntryPoint","urlTemplate":"https:\/\/editions-la-californie.fr\/californie\/?s={search_term_string}"},"query-input":{"@type":"PropertyValueSpecification","valueRequired":true,"valueName":"search_term_string"}}],"inLanguage":"fr-FR"},{"@type":"Organization","@id":"https:\/\/editions-la-californie.fr\/californie\/#organization","name":"\u00c9ditions La Californie","url":"https:\/\/editions-la-californie.fr\/californie\/","logo":{"@type":"ImageObject","inLanguage":"fr-FR","@id":"https:\/\/editions-la-californie.fr\/californie\/#\/schema\/logo\/image\/","url":"https:\/\/editions-la-californie.fr\/californie\/wp-content\/uploads\/2023\/11\/cropped-logo-editions-la-californie-alsace-boutique.png","contentUrl":"https:\/\/editions-la-californie.fr\/californie\/wp-content\/uploads\/2023\/11\/cropped-logo-editions-la-californie-alsace-boutique.png","width":522,"height":122,"caption":"\u00c9ditions La Californie"},"image":{"@id":"https:\/\/editions-la-californie.fr\/californie\/#\/schema\/logo\/image\/"},"sameAs":["https:\/\/www.facebook.com\/editionslacalifornie","https:\/\/x.com\/edilacalifornie","https:\/\/www.instagram.com\/editionslacalifornie"]}]}},"jetpack_sharing_enabled":true,"_links":{"self":[{"href":"https:\/\/editions-la-californie.fr\/californie\/index.php\/wp-json\/wp\/v2\/product\/1054","targetHints":{"allow":["GET"]}}],"collection":[{"href":"https:\/\/editions-la-californie.fr\/californie\/index.php\/wp-json\/wp\/v2\/product"}],"about":[{"href":"https:\/\/editions-la-californie.fr\/californie\/index.php\/wp-json\/wp\/v2\/types\/product"}],"replies":[{"embeddable":true,"href":"https:\/\/editions-la-californie.fr\/californie\/index.php\/wp-json\/wp\/v2\/comments?post=1054"}],"wp:featuredmedia":[{"embeddable":true,"href":"https:\/\/editions-la-californie.fr\/californie\/index.php\/wp-json\/wp\/v2\/media\/1055"}],"wp:attachment":[{"href":"https:\/\/editions-la-californie.fr\/californie\/index.php\/wp-json\/wp\/v2\/media?parent=1054"}],"wp:term":[{"taxonomy":"product_brand","embeddable":true,"href":"https:\/\/editions-la-californie.fr\/californie\/index.php\/wp-json\/wp\/v2\/product_brand?post=1054"},{"taxonomy":"product_cat","embeddable":true,"href":"https:\/\/editions-la-californie.fr\/californie\/index.php\/wp-json\/wp\/v2\/product_cat?post=1054"},{"taxonomy":"product_tag","embeddable":true,"href":"https:\/\/editions-la-californie.fr\/californie\/index.php\/wp-json\/wp\/v2\/product_tag?post=1054"}],"curies":[{"name":"wp","href":"https:\/\/api.w.org\/{rel}","templated":true}]}}