{"id":117,"date":"2023-11-13T09:37:15","date_gmt":"2023-11-13T08:37:15","guid":{"rendered":"https:\/\/editions-la-californie.fr\/californie\/?post_type=product&#038;p=117"},"modified":"2026-01-10T15:38:11","modified_gmt":"2026-01-10T14:38:11","slug":"dys-moi-comment-taider-livre-de-mathilde-brasquer","status":"publish","type":"product","link":"https:\/\/editions-la-californie.fr\/californie\/index.php\/produit\/dys-moi-comment-taider-livre-de-mathilde-brasquer\/","title":{"rendered":"DYS-moi comment t&rsquo;aider, de Mathilde Brasquer, livre broch\u00e9"},"content":{"rendered":"<h3>DYS-moi comment t&rsquo;aider &#8211; le livre pour d\u00e9finir et mod\u00e9rer les retentissements des troubles d&rsquo;apprentissage DYS<\/h3>\n<p>Auteure : Mathilde Brasquer, orthophoniste.<br \/>\nPr\u00e9face du Dr Marie Pillot, neuro-p\u00e9diatre \u00e0 Mulhouse.<br \/>\nDate de parution : 16 f\u00e9vrier 2023.<br \/>\nCollection : les livres qui font du bien.<\/p>\n<h2>Un livre sur les troubles d&rsquo;apprentissage<\/h2>\n<p><em data-redactor-tag=\"em\"><strong data-redactor-tag=\"strong\">DYS-moi comment t\u2019aider<\/strong><\/em>, un livre qui donne des solutions et des m\u00e9thodes pour d\u00e9finir et mod\u00e9rer les retentissements des troubles DYS : dyslexie, dysorthographie, dyscalculie, dysphasie, dyspraxie, troubles dysex\u00e9cutifs&#8230;<\/p>\n<p><em data-redactor-tag=\"em\"><strong data-redactor-tag=\"strong\">DYS-moi comment t\u2019aider<\/strong><\/em> s&rsquo;adresse avec bienveillance aux enfants, parents et accompagnants (enseignants, para-m\u00e9dical&#8230;).<\/p>\n<p>Pr\u00e9fac\u00e9 par le Docteur Marie Pillot, neurop\u00e9diatre, ce livre part d\u2019un constat malheureusement trop fr\u00e9quent : les personnes confront\u00e9es \u00e0 un trouble DYS (enfants, parents, enseignants) se sentent souvent d\u00e9munies et peinent \u00e0 trouver des r\u00e9ponses pertinentes.<\/p>\n<p>Mathilde Brasquer, orthophoniste dans le Haut-Rhin depuis 25 ans, partage son exp\u00e9rience et apporte de vraies solutions, avec bienveillance et professionnalisme.<\/p>\n<h4>Pour qui ?<\/h4>\n<p><strong><em>DYS-moi comment t\u2019aider<\/em><\/strong> est destin\u00e9 aux jeunes porteurs de troubles DYS, aux parents, aux enseignants et \u00e0 toute personne qui souhaite comprendre et optimiser les apprentissages, gr\u00e2ce \u00e0 des m\u00e9thodes et des outils plus efficaces.<\/p>\n<h4>Pourquoi ?<\/h4>\n<p>Le but de cet ouvrage est de d\u00e9velopper le dialogue et la coop\u00e9ration entre les acteurs et de trouver une base commune, pour mettre en place des actions coordonn\u00e9es avec le jeune porteur de troubles DYS.<\/p>\n<h4>Comment ?<\/h4>\n<p>&#8230; en reconnaissant que c\u2019est difficile ! Mais l\u2019objectif principal est d\u2019identifier les besoins particuliers pour ensuite proposer des pistes de travail. FORMONS UNE \u00c9QUIPE !<\/p>\n<h2>Informations techniques<\/h2>\n<p>Livre broch\u00e9, impression haut-de-gamme avec pelliculage mat et vernis s\u00e9lectif.<br \/>\nISBN : 978-2-493618-09-2<br \/>\n124 pages<br \/>\nFormat : 148x210mm (A5)<\/p>\n<p><strong><em>DYS-moi comment t\u2019aider<\/em><\/strong> fait partie de la collection <em><a href=\"https:\/\/editions-la-californie.fr\/les-livres-qui-font-du-bien\/\" target=\"_blank\" rel=\"noopener\">Les livres qui font du bien<\/a><\/em>.<br \/>\nImagin\u00e9 et cr\u00e9\u00e9 en Alsace. Imprim\u00e9 en France.<br \/>\n<a href=\"https:\/\/editions-la-californie.fr\/\">\u00c9ditions La Californie<\/a>, \u00e9diteur de talents en Alsace \u00e0 Saint-Louis, Mulhouse, Strasbourg et Colmar.<\/p>\n","protected":false},"excerpt":{"rendered":"<p>Dans \u00ab\u00a0DYS-moi comment t&rsquo;aider\u00a0\u00bb, Mathilde Brasquer donne des solutions simples aux enfants, parents et accompagnants pour vivre avec les troubles d&rsquo;apprentissage.<\/p>\n","protected":false},"featured_media":126,"comment_status":"open","ping_status":"closed","template":"","meta":[],"product_brand":[],"product_cat":[17,16],"product_tag":[20,22,18,23,19,21],"class_list":{"0":"post-117","1":"product","2":"type-product","3":"status-publish","4":"has-post-thumbnail","6":"product_cat-les-livres-qui-font-du-bien","7":"product_cat-livres","8":"product_tag-dys","9":"product_tag-editions-la-californie","10":"product_tag-livre-dys","11":"product_tag-livre-orthophoniste","12":"product_tag-livre-sur-les-troubles-dapprentissage","13":"product_tag-troubles-dys","15":"first","16":"instock","17":"taxable","18":"shipping-taxable","19":"purchasable","20":"product-type-simple"},"yoast_head":"<!-- This site is optimized with the Yoast SEO plugin v27.3 - https:\/\/yoast.com\/product\/yoast-seo-wordpress\/ -->\n<title>DYS-moi comment t&#039;aider, de Mathilde Brasquer, livre broch\u00e9<\/title>\n<meta name=\"description\" content=\"Dans &quot;DYS-moi comment t&#039;aider&quot;, Mathilde Brasquer donne des solutions simples pour vivre avec les troubles d&#039;apprentissage.\" \/>\n<meta name=\"robots\" content=\"index, follow, max-snippet:-1, max-image-preview:large, max-video-preview:-1\" \/>\n<link rel=\"canonical\" href=\"https:\/\/editions-la-californie.fr\/californie\/index.php\/produit\/dys-moi-comment-taider-livre-de-mathilde-brasquer\/\" \/>\n<meta property=\"og:locale\" content=\"fr_FR\" \/>\n<meta property=\"og:type\" content=\"article\" \/>\n<meta property=\"og:title\" content=\"DYS-moi comment t&#039;aider, de Mathilde Brasquer, livre broch\u00e9\" \/>\n<meta property=\"og:description\" content=\"Dans &quot;DYS-moi comment t&#039;aider&quot;, Mathilde Brasquer donne des solutions simples pour vivre avec les troubles d&#039;apprentissage.\" \/>\n<meta property=\"og:url\" content=\"https:\/\/editions-la-californie.fr\/californie\/index.php\/produit\/dys-moi-comment-taider-livre-de-mathilde-brasquer\/\" \/>\n<meta property=\"og:site_name\" content=\"\u00c9ditions La Californie, boutique en ligne\" \/>\n<meta property=\"article:publisher\" content=\"https:\/\/www.facebook.com\/editionslacalifornie\" \/>\n<meta property=\"article:modified_time\" content=\"2026-01-10T14:38:11+00:00\" \/>\n<meta property=\"og:image\" content=\"https:\/\/editions-la-californie.fr\/californie\/wp-content\/uploads\/2023\/11\/DYS-moi-comment-t-aider-mathilde-brasquer-couv.jpg\" \/>\n\t<meta property=\"og:image:width\" content=\"999\" \/>\n\t<meta property=\"og:image:height\" content=\"999\" \/>\n\t<meta property=\"og:image:type\" content=\"image\/jpeg\" \/>\n<meta name=\"twitter:card\" content=\"summary_large_image\" \/>\n<meta name=\"twitter:site\" content=\"@edilacalifornie\" \/>\n<meta name=\"twitter:label1\" content=\"Dur\u00e9e de lecture estim\u00e9e\" \/>\n\t<meta name=\"twitter:data1\" content=\"2 minutes\" \/>\n<script type=\"application\/ld+json\" class=\"yoast-schema-graph\">{\"@context\":\"https:\\\/\\\/schema.org\",\"@graph\":[{\"@type\":\"WebPage\",\"@id\":\"https:\\\/\\\/editions-la-californie.fr\\\/californie\\\/index.php\\\/produit\\\/dys-moi-comment-taider-livre-de-mathilde-brasquer\\\/\",\"url\":\"https:\\\/\\\/editions-la-californie.fr\\\/californie\\\/index.php\\\/produit\\\/dys-moi-comment-taider-livre-de-mathilde-brasquer\\\/\",\"name\":\"DYS-moi comment t'aider, de Mathilde Brasquer, livre broch\u00e9\",\"isPartOf\":{\"@id\":\"https:\\\/\\\/editions-la-californie.fr\\\/californie\\\/#website\"},\"primaryImageOfPage\":{\"@id\":\"https:\\\/\\\/editions-la-californie.fr\\\/californie\\\/index.php\\\/produit\\\/dys-moi-comment-taider-livre-de-mathilde-brasquer\\\/#primaryimage\"},\"image\":{\"@id\":\"https:\\\/\\\/editions-la-californie.fr\\\/californie\\\/index.php\\\/produit\\\/dys-moi-comment-taider-livre-de-mathilde-brasquer\\\/#primaryimage\"},\"thumbnailUrl\":\"https:\\\/\\\/editions-la-californie.fr\\\/californie\\\/wp-content\\\/uploads\\\/2023\\\/11\\\/DYS-moi-comment-t-aider-mathilde-brasquer-couv.jpg\",\"datePublished\":\"2023-11-13T08:37:15+00:00\",\"dateModified\":\"2026-01-10T14:38:11+00:00\",\"description\":\"Dans \\\"DYS-moi comment t'aider\\\", Mathilde Brasquer donne des solutions simples pour vivre avec les troubles d'apprentissage.\",\"breadcrumb\":{\"@id\":\"https:\\\/\\\/editions-la-californie.fr\\\/californie\\\/index.php\\\/produit\\\/dys-moi-comment-taider-livre-de-mathilde-brasquer\\\/#breadcrumb\"},\"inLanguage\":\"fr-FR\",\"potentialAction\":[{\"@type\":\"ReadAction\",\"target\":[\"https:\\\/\\\/editions-la-californie.fr\\\/californie\\\/index.php\\\/produit\\\/dys-moi-comment-taider-livre-de-mathilde-brasquer\\\/\"]}]},{\"@type\":\"ImageObject\",\"inLanguage\":\"fr-FR\",\"@id\":\"https:\\\/\\\/editions-la-californie.fr\\\/californie\\\/index.php\\\/produit\\\/dys-moi-comment-taider-livre-de-mathilde-brasquer\\\/#primaryimage\",\"url\":\"https:\\\/\\\/editions-la-californie.fr\\\/californie\\\/wp-content\\\/uploads\\\/2023\\\/11\\\/DYS-moi-comment-t-aider-mathilde-brasquer-couv.jpg\",\"contentUrl\":\"https:\\\/\\\/editions-la-californie.fr\\\/californie\\\/wp-content\\\/uploads\\\/2023\\\/11\\\/DYS-moi-comment-t-aider-mathilde-brasquer-couv.jpg\",\"width\":999,\"height\":999,\"caption\":\"\\\"DYS-moi comment t'aider\\\", un livre sur les troubles d'apprentissage, par Mathilde Brasquer, orthophoniste en Alsace,. \u00c9ditions La Californie.\"},{\"@type\":\"BreadcrumbList\",\"@id\":\"https:\\\/\\\/editions-la-californie.fr\\\/californie\\\/index.php\\\/produit\\\/dys-moi-comment-taider-livre-de-mathilde-brasquer\\\/#breadcrumb\",\"itemListElement\":[{\"@type\":\"ListItem\",\"position\":1,\"name\":\"Accueil\",\"item\":\"https:\\\/\\\/editions-la-californie.fr\\\/californie\\\/\"},{\"@type\":\"ListItem\",\"position\":2,\"name\":\"Boutique en ligne des \u00c9ditions La Californie\",\"item\":\"https:\\\/\\\/editions-la-californie.fr\\\/californie\\\/\"},{\"@type\":\"ListItem\",\"position\":3,\"name\":\"DYS-moi comment t&#8217;aider, de Mathilde Brasquer, livre broch\u00e9\"}]},{\"@type\":\"WebSite\",\"@id\":\"https:\\\/\\\/editions-la-californie.fr\\\/californie\\\/#website\",\"url\":\"https:\\\/\\\/editions-la-californie.fr\\\/californie\\\/\",\"name\":\"\u00c9ditions La Californie, boutique en ligne\",\"description\":\"Offrez(-vous) des livres imagin\u00e9s, cr\u00e9\u00e9s et illustr\u00e9s en Alsace\",\"publisher\":{\"@id\":\"https:\\\/\\\/editions-la-californie.fr\\\/californie\\\/#organization\"},\"potentialAction\":[{\"@type\":\"SearchAction\",\"target\":{\"@type\":\"EntryPoint\",\"urlTemplate\":\"https:\\\/\\\/editions-la-californie.fr\\\/californie\\\/?s={search_term_string}\"},\"query-input\":{\"@type\":\"PropertyValueSpecification\",\"valueRequired\":true,\"valueName\":\"search_term_string\"}}],\"inLanguage\":\"fr-FR\"},{\"@type\":\"Organization\",\"@id\":\"https:\\\/\\\/editions-la-californie.fr\\\/californie\\\/#organization\",\"name\":\"\u00c9ditions La Californie\",\"url\":\"https:\\\/\\\/editions-la-californie.fr\\\/californie\\\/\",\"logo\":{\"@type\":\"ImageObject\",\"inLanguage\":\"fr-FR\",\"@id\":\"https:\\\/\\\/editions-la-californie.fr\\\/californie\\\/#\\\/schema\\\/logo\\\/image\\\/\",\"url\":\"https:\\\/\\\/editions-la-californie.fr\\\/californie\\\/wp-content\\\/uploads\\\/2023\\\/11\\\/cropped-logo-editions-la-californie-alsace-boutique.png\",\"contentUrl\":\"https:\\\/\\\/editions-la-californie.fr\\\/californie\\\/wp-content\\\/uploads\\\/2023\\\/11\\\/cropped-logo-editions-la-californie-alsace-boutique.png\",\"width\":522,\"height\":122,\"caption\":\"\u00c9ditions La Californie\"},\"image\":{\"@id\":\"https:\\\/\\\/editions-la-californie.fr\\\/californie\\\/#\\\/schema\\\/logo\\\/image\\\/\"},\"sameAs\":[\"https:\\\/\\\/www.facebook.com\\\/editionslacalifornie\",\"https:\\\/\\\/x.com\\\/edilacalifornie\",\"https:\\\/\\\/www.instagram.com\\\/editionslacalifornie\"]}]}<\/script>\n<!-- \/ Yoast SEO plugin. -->","yoast_head_json":{"title":"DYS-moi comment t'aider, de Mathilde Brasquer, livre broch\u00e9","description":"Dans \"DYS-moi comment t'aider\", Mathilde Brasquer donne des solutions simples pour vivre avec les troubles d'apprentissage.","robots":{"index":"index","follow":"follow","max-snippet":"max-snippet:-1","max-image-preview":"max-image-preview:large","max-video-preview":"max-video-preview:-1"},"canonical":"https:\/\/editions-la-californie.fr\/californie\/index.php\/produit\/dys-moi-comment-taider-livre-de-mathilde-brasquer\/","og_locale":"fr_FR","og_type":"article","og_title":"DYS-moi comment t'aider, de Mathilde Brasquer, livre broch\u00e9","og_description":"Dans \"DYS-moi comment t'aider\", Mathilde Brasquer donne des solutions simples pour vivre avec les troubles d'apprentissage.","og_url":"https:\/\/editions-la-californie.fr\/californie\/index.php\/produit\/dys-moi-comment-taider-livre-de-mathilde-brasquer\/","og_site_name":"\u00c9ditions La Californie, boutique en ligne","article_publisher":"https:\/\/www.facebook.com\/editionslacalifornie","article_modified_time":"2026-01-10T14:38:11+00:00","og_image":[{"width":999,"height":999,"url":"https:\/\/editions-la-californie.fr\/californie\/wp-content\/uploads\/2023\/11\/DYS-moi-comment-t-aider-mathilde-brasquer-couv.jpg","type":"image\/jpeg"}],"twitter_card":"summary_large_image","twitter_site":"@edilacalifornie","twitter_misc":{"Dur\u00e9e de lecture estim\u00e9e":"2 minutes"},"schema":{"@context":"https:\/\/schema.org","@graph":[{"@type":"WebPage","@id":"https:\/\/editions-la-californie.fr\/californie\/index.php\/produit\/dys-moi-comment-taider-livre-de-mathilde-brasquer\/","url":"https:\/\/editions-la-californie.fr\/californie\/index.php\/produit\/dys-moi-comment-taider-livre-de-mathilde-brasquer\/","name":"DYS-moi comment t'aider, de Mathilde Brasquer, livre broch\u00e9","isPartOf":{"@id":"https:\/\/editions-la-californie.fr\/californie\/#website"},"primaryImageOfPage":{"@id":"https:\/\/editions-la-californie.fr\/californie\/index.php\/produit\/dys-moi-comment-taider-livre-de-mathilde-brasquer\/#primaryimage"},"image":{"@id":"https:\/\/editions-la-californie.fr\/californie\/index.php\/produit\/dys-moi-comment-taider-livre-de-mathilde-brasquer\/#primaryimage"},"thumbnailUrl":"https:\/\/editions-la-californie.fr\/californie\/wp-content\/uploads\/2023\/11\/DYS-moi-comment-t-aider-mathilde-brasquer-couv.jpg","datePublished":"2023-11-13T08:37:15+00:00","dateModified":"2026-01-10T14:38:11+00:00","description":"Dans \"DYS-moi comment t'aider\", Mathilde Brasquer donne des solutions simples pour vivre avec les troubles d'apprentissage.","breadcrumb":{"@id":"https:\/\/editions-la-californie.fr\/californie\/index.php\/produit\/dys-moi-comment-taider-livre-de-mathilde-brasquer\/#breadcrumb"},"inLanguage":"fr-FR","potentialAction":[{"@type":"ReadAction","target":["https:\/\/editions-la-californie.fr\/californie\/index.php\/produit\/dys-moi-comment-taider-livre-de-mathilde-brasquer\/"]}]},{"@type":"ImageObject","inLanguage":"fr-FR","@id":"https:\/\/editions-la-californie.fr\/californie\/index.php\/produit\/dys-moi-comment-taider-livre-de-mathilde-brasquer\/#primaryimage","url":"https:\/\/editions-la-californie.fr\/californie\/wp-content\/uploads\/2023\/11\/DYS-moi-comment-t-aider-mathilde-brasquer-couv.jpg","contentUrl":"https:\/\/editions-la-californie.fr\/californie\/wp-content\/uploads\/2023\/11\/DYS-moi-comment-t-aider-mathilde-brasquer-couv.jpg","width":999,"height":999,"caption":"\"DYS-moi comment t'aider\", un livre sur les troubles d'apprentissage, par Mathilde Brasquer, orthophoniste en Alsace,. \u00c9ditions La Californie."},{"@type":"BreadcrumbList","@id":"https:\/\/editions-la-californie.fr\/californie\/index.php\/produit\/dys-moi-comment-taider-livre-de-mathilde-brasquer\/#breadcrumb","itemListElement":[{"@type":"ListItem","position":1,"name":"Accueil","item":"https:\/\/editions-la-californie.fr\/californie\/"},{"@type":"ListItem","position":2,"name":"Boutique en ligne des \u00c9ditions La Californie","item":"https:\/\/editions-la-californie.fr\/californie\/"},{"@type":"ListItem","position":3,"name":"DYS-moi comment t&#8217;aider, de Mathilde Brasquer, livre broch\u00e9"}]},{"@type":"WebSite","@id":"https:\/\/editions-la-californie.fr\/californie\/#website","url":"https:\/\/editions-la-californie.fr\/californie\/","name":"\u00c9ditions La Californie, boutique en ligne","description":"Offrez(-vous) des livres imagin\u00e9s, cr\u00e9\u00e9s et illustr\u00e9s en Alsace","publisher":{"@id":"https:\/\/editions-la-californie.fr\/californie\/#organization"},"potentialAction":[{"@type":"SearchAction","target":{"@type":"EntryPoint","urlTemplate":"https:\/\/editions-la-californie.fr\/californie\/?s={search_term_string}"},"query-input":{"@type":"PropertyValueSpecification","valueRequired":true,"valueName":"search_term_string"}}],"inLanguage":"fr-FR"},{"@type":"Organization","@id":"https:\/\/editions-la-californie.fr\/californie\/#organization","name":"\u00c9ditions La Californie","url":"https:\/\/editions-la-californie.fr\/californie\/","logo":{"@type":"ImageObject","inLanguage":"fr-FR","@id":"https:\/\/editions-la-californie.fr\/californie\/#\/schema\/logo\/image\/","url":"https:\/\/editions-la-californie.fr\/californie\/wp-content\/uploads\/2023\/11\/cropped-logo-editions-la-californie-alsace-boutique.png","contentUrl":"https:\/\/editions-la-californie.fr\/californie\/wp-content\/uploads\/2023\/11\/cropped-logo-editions-la-californie-alsace-boutique.png","width":522,"height":122,"caption":"\u00c9ditions La Californie"},"image":{"@id":"https:\/\/editions-la-californie.fr\/californie\/#\/schema\/logo\/image\/"},"sameAs":["https:\/\/www.facebook.com\/editionslacalifornie","https:\/\/x.com\/edilacalifornie","https:\/\/www.instagram.com\/editionslacalifornie"]}]}},"jetpack_sharing_enabled":true,"_links":{"self":[{"href":"https:\/\/editions-la-californie.fr\/californie\/index.php\/wp-json\/wp\/v2\/product\/117","targetHints":{"allow":["GET"]}}],"collection":[{"href":"https:\/\/editions-la-californie.fr\/californie\/index.php\/wp-json\/wp\/v2\/product"}],"about":[{"href":"https:\/\/editions-la-californie.fr\/californie\/index.php\/wp-json\/wp\/v2\/types\/product"}],"replies":[{"embeddable":true,"href":"https:\/\/editions-la-californie.fr\/californie\/index.php\/wp-json\/wp\/v2\/comments?post=117"}],"wp:featuredmedia":[{"embeddable":true,"href":"https:\/\/editions-la-californie.fr\/californie\/index.php\/wp-json\/wp\/v2\/media\/126"}],"wp:attachment":[{"href":"https:\/\/editions-la-californie.fr\/californie\/index.php\/wp-json\/wp\/v2\/media?parent=117"}],"wp:term":[{"taxonomy":"product_brand","embeddable":true,"href":"https:\/\/editions-la-californie.fr\/californie\/index.php\/wp-json\/wp\/v2\/product_brand?post=117"},{"taxonomy":"product_cat","embeddable":true,"href":"https:\/\/editions-la-californie.fr\/californie\/index.php\/wp-json\/wp\/v2\/product_cat?post=117"},{"taxonomy":"product_tag","embeddable":true,"href":"https:\/\/editions-la-californie.fr\/californie\/index.php\/wp-json\/wp\/v2\/product_tag?post=117"}],"curies":[{"name":"wp","href":"https:\/\/api.w.org\/{rel}","templated":true}]}}