{"id":131,"date":"2023-11-13T10:51:23","date_gmt":"2023-11-13T09:51:23","guid":{"rendered":"https:\/\/editions-la-californie.fr\/californie\/?post_type=product&#038;p=131"},"modified":"2026-01-10T15:38:11","modified_gmt":"2026-01-10T14:38:11","slug":"le-hamster-damsterdam-de-philippe-monnier-et-elena-blondeau-livre-broche","status":"publish","type":"product","link":"https:\/\/editions-la-californie.fr\/californie\/index.php\/produit\/le-hamster-damsterdam-de-philippe-monnier-et-elena-blondeau-livre-broche\/","title":{"rendered":"Le hamster d&rsquo;Amsterdam, de Philippe Monnier et \u00c9l\u00e9na Blondeau, livre broch\u00e9"},"content":{"rendered":"<h3>Le hamster d&rsquo;Amsterdam, un livre pour les enfants et ceux qui le sont rest\u00e9<\/h3>\n<p><strong><em>Le hamster d&rsquo;Amsterdam<\/em><\/strong> met en sc\u00e8ne des personnages attachants qui plaisent aux enfants et aux parents. L&rsquo;auteur joue avec la musicalit\u00e9 des mots, pour rendre l&rsquo;histoire agr\u00e9able \u00e0 lire, mais aussi \u00e0 raconter \u00e0 haute voix, lors de l&rsquo;histoire du soir.<\/p>\n<p>Les textes de Philippe Monnier sont cisel\u00e9s avec beaucoup de subtilit\u00e9 et d&rsquo;humour. Les illustrations \u00e0 l&rsquo;aquarelle d&rsquo;El\u00e9na Blondeau apportent au r\u00e9cit une touche de po\u00e9sie, toute en nuance.<\/p>\n<h3>L&rsquo;histoire<\/h3>\n<p><em data-redactor-tag=\"em\">Au march\u00e9 d\u2019Amsterdam, un petit hamster vend des munsters-myst\u00e8res.<br \/>\n<\/em><em data-redactor-tag=\"em\">Un jour, il d\u00e9cide d\u2019aller rendre visite \u00e0 ses amis. Commence alors un tr\u00e9pidant p\u00e9riple qui le m\u00e8nera chez le grizzly des Grisons, l\u2019autruche d\u2019Autriche, la belette qui joue \u00e0 la belote, le lama de Lima, le chameau qui aime les mochis, le lapin de Laponie et enfin, la limace d\u2019Alsace.<br \/>\nPourquoi un si long voyage ?<br \/>\nLa r\u00e9ponse se trouve au fil des pages !<\/em><\/p>\n<p>Le hamster d&rsquo;Amsterdam est un livre subtil, intelligent et dr\u00f4le, \u00e9crit par Philippe Monnier et illustr\u00e9 d&rsquo;aquarelles d&rsquo;El\u00e9na Blondeau. Ce premier tome de la s\u00e9rie <em>les Animuchachos<\/em> met l&rsquo;accent sur <strong data-redactor-tag=\"strong\">trois valeurs fondamentales : l&rsquo;amiti\u00e9, la bienveillance&#8230; et la rigolade!<br \/>\n<\/strong><\/p>\n<p>Livre broch\u00e9 48 pages, format 21&#215;29,7cm, impression haut-de-gamme avec pelliculage <em data-redactor-tag=\"em\">soft touch<\/em> et vernis s\u00e9lectif.<\/p>\n<p>ISBN : 978-2-493618-00-9<\/p>\n<p>Imagin\u00e9, cr\u00e9\u00e9 et dessin\u00e9 en Alsace.<\/p>\n<p><iframe src=\"https:\/\/www.youtube.com\/embed\/-tS2xpCzZqs\" frameborder=\"0\" allowfullscreen=\"allowfullscreen\"><\/iframe><\/p>\n<p>&nbsp;<\/p>\n<p>Le hamster d&rsquo;Amsterdam fait partie de la collection <em><a href=\"https:\/\/editions-la-californie.fr\/le-hamster-damsterdam\/\" target=\"_blank\" rel=\"noopener\">Les Animuchachos<\/a><\/em>.<br \/>\n<strong>Imagin\u00e9 et cr\u00e9\u00e9 en Alsace. Imprim\u00e9 en France.<\/strong><br \/>\n<a href=\"https:\/\/editions-la-californie.fr\/\">\u00c9ditions La Californie<\/a>, \u00e9diteur de talents en Alsace \u00e0 Saint-Louis, Mulhouse, Strasbourg et Colmar.<\/p>\n","protected":false},"excerpt":{"rendered":"<p><strong><em>Le hamster d&rsquo;Amsterdam<\/em><\/strong> est un livre pour enfants dr\u00f4le et subtil, illustr\u00e9 \u00e0 l&rsquo;aquarelle, qui c\u00e9l\u00e8bre l&rsquo;amiti\u00e9, la bienveillance et la rigolade.<\/p>\n","protected":false},"featured_media":133,"comment_status":"open","ping_status":"closed","template":"","meta":[],"product_brand":[],"product_cat":[24,16],"product_tag":[25,29,22,28,30,26,27],"class_list":{"0":"post-131","1":"product","2":"type-product","3":"status-publish","4":"has-post-thumbnail","6":"product_cat-les-animuchachos","7":"product_cat-livres","8":"product_tag-animuchachos","9":"product_tag-editeur-en-alsace","10":"product_tag-editions-la-californie","11":"product_tag-elena-blondeau-aquarelle","12":"product_tag-la-limace-dalsace","13":"product_tag-le-hamster-damsterdam","14":"product_tag-philippe-monnier-ecrivain","16":"first","17":"instock","18":"taxable","19":"shipping-taxable","20":"purchasable","21":"product-type-simple"},"yoast_head":"<!-- This site is optimized with the Yoast SEO plugin v27.4 - https:\/\/yoast.com\/product\/yoast-seo-wordpress\/ -->\n<title>Le hamster d&#039;Amsterdam, de P. Monnier et E. Blondeau<\/title>\n<meta name=\"description\" content=\"Le hamster d&#039;Amsterdam est un livre pour enfants dr\u00f4le et subtil, illustr\u00e9 \u00e0 l&#039;aquarelle, qui c\u00e9l\u00e8bre l&#039;amiti\u00e9, la bienveillance et la rigolade.\" \/>\n<meta name=\"robots\" content=\"index, follow, max-snippet:-1, max-image-preview:large, max-video-preview:-1\" \/>\n<link rel=\"canonical\" href=\"https:\/\/editions-la-californie.fr\/californie\/index.php\/produit\/le-hamster-damsterdam-de-philippe-monnier-et-elena-blondeau-livre-broche\/\" \/>\n<meta property=\"og:locale\" content=\"fr_FR\" \/>\n<meta property=\"og:type\" content=\"article\" \/>\n<meta property=\"og:title\" content=\"Le hamster d&#039;Amsterdam, de P. Monnier et E. Blondeau\" \/>\n<meta property=\"og:description\" content=\"Le hamster d&#039;Amsterdam est un livre pour enfants dr\u00f4le et subtil, illustr\u00e9 \u00e0 l&#039;aquarelle, qui c\u00e9l\u00e8bre l&#039;amiti\u00e9, la bienveillance et la rigolade.\" \/>\n<meta property=\"og:url\" content=\"https:\/\/editions-la-californie.fr\/californie\/index.php\/produit\/le-hamster-damsterdam-de-philippe-monnier-et-elena-blondeau-livre-broche\/\" \/>\n<meta property=\"og:site_name\" content=\"\u00c9ditions La Californie, boutique en ligne\" \/>\n<meta property=\"article:publisher\" content=\"https:\/\/www.facebook.com\/editionslacalifornie\" \/>\n<meta property=\"article:modified_time\" content=\"2026-01-10T14:38:11+00:00\" \/>\n<meta property=\"og:image\" content=\"https:\/\/editions-la-californie.fr\/californie\/wp-content\/uploads\/2023\/11\/le-hamster-d-amsterdam-livre-jeunesse-alsace.jpg\" \/>\n\t<meta property=\"og:image:width\" content=\"1000\" \/>\n\t<meta property=\"og:image:height\" content=\"1000\" \/>\n\t<meta property=\"og:image:type\" content=\"image\/jpeg\" \/>\n<meta name=\"twitter:card\" content=\"summary_large_image\" \/>\n<meta name=\"twitter:site\" content=\"@edilacalifornie\" \/>\n<meta name=\"twitter:label1\" content=\"Dur\u00e9e de lecture estim\u00e9e\" \/>\n\t<meta name=\"twitter:data1\" content=\"2 minutes\" \/>\n<script type=\"application\/ld+json\" class=\"yoast-schema-graph\">{\"@context\":\"https:\\\/\\\/schema.org\",\"@graph\":[{\"@type\":\"WebPage\",\"@id\":\"https:\\\/\\\/editions-la-californie.fr\\\/californie\\\/index.php\\\/produit\\\/le-hamster-damsterdam-de-philippe-monnier-et-elena-blondeau-livre-broche\\\/\",\"url\":\"https:\\\/\\\/editions-la-californie.fr\\\/californie\\\/index.php\\\/produit\\\/le-hamster-damsterdam-de-philippe-monnier-et-elena-blondeau-livre-broche\\\/\",\"name\":\"Le hamster d'Amsterdam, de P. Monnier et E. Blondeau\",\"isPartOf\":{\"@id\":\"https:\\\/\\\/editions-la-californie.fr\\\/californie\\\/#website\"},\"primaryImageOfPage\":{\"@id\":\"https:\\\/\\\/editions-la-californie.fr\\\/californie\\\/index.php\\\/produit\\\/le-hamster-damsterdam-de-philippe-monnier-et-elena-blondeau-livre-broche\\\/#primaryimage\"},\"image\":{\"@id\":\"https:\\\/\\\/editions-la-californie.fr\\\/californie\\\/index.php\\\/produit\\\/le-hamster-damsterdam-de-philippe-monnier-et-elena-blondeau-livre-broche\\\/#primaryimage\"},\"thumbnailUrl\":\"https:\\\/\\\/editions-la-californie.fr\\\/californie\\\/wp-content\\\/uploads\\\/2023\\\/11\\\/le-hamster-d-amsterdam-livre-jeunesse-alsace.jpg\",\"datePublished\":\"2023-11-13T09:51:23+00:00\",\"dateModified\":\"2026-01-10T14:38:11+00:00\",\"description\":\"Le hamster d'Amsterdam est un livre pour enfants dr\u00f4le et subtil, illustr\u00e9 \u00e0 l'aquarelle, qui c\u00e9l\u00e8bre l'amiti\u00e9, la bienveillance et la rigolade.\",\"breadcrumb\":{\"@id\":\"https:\\\/\\\/editions-la-californie.fr\\\/californie\\\/index.php\\\/produit\\\/le-hamster-damsterdam-de-philippe-monnier-et-elena-blondeau-livre-broche\\\/#breadcrumb\"},\"inLanguage\":\"fr-FR\",\"potentialAction\":[{\"@type\":\"ReadAction\",\"target\":[\"https:\\\/\\\/editions-la-californie.fr\\\/californie\\\/index.php\\\/produit\\\/le-hamster-damsterdam-de-philippe-monnier-et-elena-blondeau-livre-broche\\\/\"]}]},{\"@type\":\"ImageObject\",\"inLanguage\":\"fr-FR\",\"@id\":\"https:\\\/\\\/editions-la-californie.fr\\\/californie\\\/index.php\\\/produit\\\/le-hamster-damsterdam-de-philippe-monnier-et-elena-blondeau-livre-broche\\\/#primaryimage\",\"url\":\"https:\\\/\\\/editions-la-californie.fr\\\/californie\\\/wp-content\\\/uploads\\\/2023\\\/11\\\/le-hamster-d-amsterdam-livre-jeunesse-alsace.jpg\",\"contentUrl\":\"https:\\\/\\\/editions-la-californie.fr\\\/californie\\\/wp-content\\\/uploads\\\/2023\\\/11\\\/le-hamster-d-amsterdam-livre-jeunesse-alsace.jpg\",\"width\":1000,\"height\":1000,\"caption\":\"Le hamster d'Amsterdam, un livre dr\u00f4le et subtil \u00e9crit par Philippe Monnier et illustr\u00e9 \u00e0 l'aquarelle par El\u00e9na Blondeau. \u00c9ditions La Californie, en Alsace.\"},{\"@type\":\"BreadcrumbList\",\"@id\":\"https:\\\/\\\/editions-la-californie.fr\\\/californie\\\/index.php\\\/produit\\\/le-hamster-damsterdam-de-philippe-monnier-et-elena-blondeau-livre-broche\\\/#breadcrumb\",\"itemListElement\":[{\"@type\":\"ListItem\",\"position\":1,\"name\":\"Accueil\",\"item\":\"https:\\\/\\\/editions-la-californie.fr\\\/californie\\\/\"},{\"@type\":\"ListItem\",\"position\":2,\"name\":\"Boutique en ligne des \u00c9ditions La Californie\",\"item\":\"https:\\\/\\\/editions-la-californie.fr\\\/californie\\\/\"},{\"@type\":\"ListItem\",\"position\":3,\"name\":\"Le hamster d&#8217;Amsterdam, de Philippe Monnier et \u00c9l\u00e9na Blondeau, livre broch\u00e9\"}]},{\"@type\":\"WebSite\",\"@id\":\"https:\\\/\\\/editions-la-californie.fr\\\/californie\\\/#website\",\"url\":\"https:\\\/\\\/editions-la-californie.fr\\\/californie\\\/\",\"name\":\"\u00c9ditions La Californie, boutique en ligne\",\"description\":\"Offrez(-vous) des livres imagin\u00e9s, cr\u00e9\u00e9s et illustr\u00e9s en Alsace\",\"publisher\":{\"@id\":\"https:\\\/\\\/editions-la-californie.fr\\\/californie\\\/#organization\"},\"potentialAction\":[{\"@type\":\"SearchAction\",\"target\":{\"@type\":\"EntryPoint\",\"urlTemplate\":\"https:\\\/\\\/editions-la-californie.fr\\\/californie\\\/?s={search_term_string}\"},\"query-input\":{\"@type\":\"PropertyValueSpecification\",\"valueRequired\":true,\"valueName\":\"search_term_string\"}}],\"inLanguage\":\"fr-FR\"},{\"@type\":\"Organization\",\"@id\":\"https:\\\/\\\/editions-la-californie.fr\\\/californie\\\/#organization\",\"name\":\"\u00c9ditions La Californie\",\"url\":\"https:\\\/\\\/editions-la-californie.fr\\\/californie\\\/\",\"logo\":{\"@type\":\"ImageObject\",\"inLanguage\":\"fr-FR\",\"@id\":\"https:\\\/\\\/editions-la-californie.fr\\\/californie\\\/#\\\/schema\\\/logo\\\/image\\\/\",\"url\":\"https:\\\/\\\/editions-la-californie.fr\\\/californie\\\/wp-content\\\/uploads\\\/2023\\\/11\\\/cropped-logo-editions-la-californie-alsace-boutique.png\",\"contentUrl\":\"https:\\\/\\\/editions-la-californie.fr\\\/californie\\\/wp-content\\\/uploads\\\/2023\\\/11\\\/cropped-logo-editions-la-californie-alsace-boutique.png\",\"width\":522,\"height\":122,\"caption\":\"\u00c9ditions La Californie\"},\"image\":{\"@id\":\"https:\\\/\\\/editions-la-californie.fr\\\/californie\\\/#\\\/schema\\\/logo\\\/image\\\/\"},\"sameAs\":[\"https:\\\/\\\/www.facebook.com\\\/editionslacalifornie\",\"https:\\\/\\\/x.com\\\/edilacalifornie\",\"https:\\\/\\\/www.instagram.com\\\/editionslacalifornie\"]}]}<\/script>\n<!-- \/ Yoast SEO plugin. -->","yoast_head_json":{"title":"Le hamster d'Amsterdam, de P. Monnier et E. Blondeau","description":"Le hamster d'Amsterdam est un livre pour enfants dr\u00f4le et subtil, illustr\u00e9 \u00e0 l'aquarelle, qui c\u00e9l\u00e8bre l'amiti\u00e9, la bienveillance et la rigolade.","robots":{"index":"index","follow":"follow","max-snippet":"max-snippet:-1","max-image-preview":"max-image-preview:large","max-video-preview":"max-video-preview:-1"},"canonical":"https:\/\/editions-la-californie.fr\/californie\/index.php\/produit\/le-hamster-damsterdam-de-philippe-monnier-et-elena-blondeau-livre-broche\/","og_locale":"fr_FR","og_type":"article","og_title":"Le hamster d'Amsterdam, de P. Monnier et E. Blondeau","og_description":"Le hamster d'Amsterdam est un livre pour enfants dr\u00f4le et subtil, illustr\u00e9 \u00e0 l'aquarelle, qui c\u00e9l\u00e8bre l'amiti\u00e9, la bienveillance et la rigolade.","og_url":"https:\/\/editions-la-californie.fr\/californie\/index.php\/produit\/le-hamster-damsterdam-de-philippe-monnier-et-elena-blondeau-livre-broche\/","og_site_name":"\u00c9ditions La Californie, boutique en ligne","article_publisher":"https:\/\/www.facebook.com\/editionslacalifornie","article_modified_time":"2026-01-10T14:38:11+00:00","og_image":[{"width":1000,"height":1000,"url":"https:\/\/editions-la-californie.fr\/californie\/wp-content\/uploads\/2023\/11\/le-hamster-d-amsterdam-livre-jeunesse-alsace.jpg","type":"image\/jpeg"}],"twitter_card":"summary_large_image","twitter_site":"@edilacalifornie","twitter_misc":{"Dur\u00e9e de lecture estim\u00e9e":"2 minutes"},"schema":{"@context":"https:\/\/schema.org","@graph":[{"@type":"WebPage","@id":"https:\/\/editions-la-californie.fr\/californie\/index.php\/produit\/le-hamster-damsterdam-de-philippe-monnier-et-elena-blondeau-livre-broche\/","url":"https:\/\/editions-la-californie.fr\/californie\/index.php\/produit\/le-hamster-damsterdam-de-philippe-monnier-et-elena-blondeau-livre-broche\/","name":"Le hamster d'Amsterdam, de P. Monnier et E. Blondeau","isPartOf":{"@id":"https:\/\/editions-la-californie.fr\/californie\/#website"},"primaryImageOfPage":{"@id":"https:\/\/editions-la-californie.fr\/californie\/index.php\/produit\/le-hamster-damsterdam-de-philippe-monnier-et-elena-blondeau-livre-broche\/#primaryimage"},"image":{"@id":"https:\/\/editions-la-californie.fr\/californie\/index.php\/produit\/le-hamster-damsterdam-de-philippe-monnier-et-elena-blondeau-livre-broche\/#primaryimage"},"thumbnailUrl":"https:\/\/editions-la-californie.fr\/californie\/wp-content\/uploads\/2023\/11\/le-hamster-d-amsterdam-livre-jeunesse-alsace.jpg","datePublished":"2023-11-13T09:51:23+00:00","dateModified":"2026-01-10T14:38:11+00:00","description":"Le hamster d'Amsterdam est un livre pour enfants dr\u00f4le et subtil, illustr\u00e9 \u00e0 l'aquarelle, qui c\u00e9l\u00e8bre l'amiti\u00e9, la bienveillance et la rigolade.","breadcrumb":{"@id":"https:\/\/editions-la-californie.fr\/californie\/index.php\/produit\/le-hamster-damsterdam-de-philippe-monnier-et-elena-blondeau-livre-broche\/#breadcrumb"},"inLanguage":"fr-FR","potentialAction":[{"@type":"ReadAction","target":["https:\/\/editions-la-californie.fr\/californie\/index.php\/produit\/le-hamster-damsterdam-de-philippe-monnier-et-elena-blondeau-livre-broche\/"]}]},{"@type":"ImageObject","inLanguage":"fr-FR","@id":"https:\/\/editions-la-californie.fr\/californie\/index.php\/produit\/le-hamster-damsterdam-de-philippe-monnier-et-elena-blondeau-livre-broche\/#primaryimage","url":"https:\/\/editions-la-californie.fr\/californie\/wp-content\/uploads\/2023\/11\/le-hamster-d-amsterdam-livre-jeunesse-alsace.jpg","contentUrl":"https:\/\/editions-la-californie.fr\/californie\/wp-content\/uploads\/2023\/11\/le-hamster-d-amsterdam-livre-jeunesse-alsace.jpg","width":1000,"height":1000,"caption":"Le hamster d'Amsterdam, un livre dr\u00f4le et subtil \u00e9crit par Philippe Monnier et illustr\u00e9 \u00e0 l'aquarelle par El\u00e9na Blondeau. \u00c9ditions La Californie, en Alsace."},{"@type":"BreadcrumbList","@id":"https:\/\/editions-la-californie.fr\/californie\/index.php\/produit\/le-hamster-damsterdam-de-philippe-monnier-et-elena-blondeau-livre-broche\/#breadcrumb","itemListElement":[{"@type":"ListItem","position":1,"name":"Accueil","item":"https:\/\/editions-la-californie.fr\/californie\/"},{"@type":"ListItem","position":2,"name":"Boutique en ligne des \u00c9ditions La Californie","item":"https:\/\/editions-la-californie.fr\/californie\/"},{"@type":"ListItem","position":3,"name":"Le hamster d&#8217;Amsterdam, de Philippe Monnier et \u00c9l\u00e9na Blondeau, livre broch\u00e9"}]},{"@type":"WebSite","@id":"https:\/\/editions-la-californie.fr\/californie\/#website","url":"https:\/\/editions-la-californie.fr\/californie\/","name":"\u00c9ditions La Californie, boutique en ligne","description":"Offrez(-vous) des livres imagin\u00e9s, cr\u00e9\u00e9s et illustr\u00e9s en Alsace","publisher":{"@id":"https:\/\/editions-la-californie.fr\/californie\/#organization"},"potentialAction":[{"@type":"SearchAction","target":{"@type":"EntryPoint","urlTemplate":"https:\/\/editions-la-californie.fr\/californie\/?s={search_term_string}"},"query-input":{"@type":"PropertyValueSpecification","valueRequired":true,"valueName":"search_term_string"}}],"inLanguage":"fr-FR"},{"@type":"Organization","@id":"https:\/\/editions-la-californie.fr\/californie\/#organization","name":"\u00c9ditions La Californie","url":"https:\/\/editions-la-californie.fr\/californie\/","logo":{"@type":"ImageObject","inLanguage":"fr-FR","@id":"https:\/\/editions-la-californie.fr\/californie\/#\/schema\/logo\/image\/","url":"https:\/\/editions-la-californie.fr\/californie\/wp-content\/uploads\/2023\/11\/cropped-logo-editions-la-californie-alsace-boutique.png","contentUrl":"https:\/\/editions-la-californie.fr\/californie\/wp-content\/uploads\/2023\/11\/cropped-logo-editions-la-californie-alsace-boutique.png","width":522,"height":122,"caption":"\u00c9ditions La Californie"},"image":{"@id":"https:\/\/editions-la-californie.fr\/californie\/#\/schema\/logo\/image\/"},"sameAs":["https:\/\/www.facebook.com\/editionslacalifornie","https:\/\/x.com\/edilacalifornie","https:\/\/www.instagram.com\/editionslacalifornie"]}]}},"jetpack_sharing_enabled":true,"_links":{"self":[{"href":"https:\/\/editions-la-californie.fr\/californie\/index.php\/wp-json\/wp\/v2\/product\/131","targetHints":{"allow":["GET"]}}],"collection":[{"href":"https:\/\/editions-la-californie.fr\/californie\/index.php\/wp-json\/wp\/v2\/product"}],"about":[{"href":"https:\/\/editions-la-californie.fr\/californie\/index.php\/wp-json\/wp\/v2\/types\/product"}],"replies":[{"embeddable":true,"href":"https:\/\/editions-la-californie.fr\/californie\/index.php\/wp-json\/wp\/v2\/comments?post=131"}],"wp:featuredmedia":[{"embeddable":true,"href":"https:\/\/editions-la-californie.fr\/californie\/index.php\/wp-json\/wp\/v2\/media\/133"}],"wp:attachment":[{"href":"https:\/\/editions-la-californie.fr\/californie\/index.php\/wp-json\/wp\/v2\/media?parent=131"}],"wp:term":[{"taxonomy":"product_brand","embeddable":true,"href":"https:\/\/editions-la-californie.fr\/californie\/index.php\/wp-json\/wp\/v2\/product_brand?post=131"},{"taxonomy":"product_cat","embeddable":true,"href":"https:\/\/editions-la-californie.fr\/californie\/index.php\/wp-json\/wp\/v2\/product_cat?post=131"},{"taxonomy":"product_tag","embeddable":true,"href":"https:\/\/editions-la-californie.fr\/californie\/index.php\/wp-json\/wp\/v2\/product_tag?post=131"}],"curies":[{"name":"wp","href":"https:\/\/api.w.org\/{rel}","templated":true}]}}