{"id":143,"date":"2023-11-13T15:44:59","date_gmt":"2023-11-13T14:44:59","guid":{"rendered":"https:\/\/editions-la-californie.fr\/californie\/?post_type=product&#038;p=143"},"modified":"2026-01-10T15:38:11","modified_gmt":"2026-01-10T14:38:11","slug":"le-roquetn-roll-de-philippe-monnier-et-elena-blondeau-livre-broche","status":"publish","type":"product","link":"https:\/\/editions-la-californie.fr\/californie\/index.php\/produit\/le-roquetn-roll-de-philippe-monnier-et-elena-blondeau-livre-broche\/","title":{"rendered":"Le roquet&rsquo;n roll, de Philippe Monnier et \u00c9l\u00e9na Blondeau, livre broch\u00e9"},"content":{"rendered":"<h3>LE ROQUET&rsquo;N ROLL &#8211; le livre jeunesse qui va faire swinguer votre biblioth\u00e8que!<\/h3>\n<p>Il est arriv\u00e9 ! Le roquet&rsquo;n roll, second volume de la s\u00e9rie de livres jeunesse <strong data-redactor-tag=\"strong\"><em data-redactor-tag=\"em\">Les Animuchachos<\/em><\/strong> est enfin disponible. Commandez-le d\u00e8s aujourd&rsquo;hui!<\/p>\n<p>Auteur : Philippe Monnier, \u00e9crivain.<br \/>\nIllustratrice : El\u00e9na Blondeau, aquarelliste.<\/p>\n<h2>Pr\u00e9sentation du livre<\/h2>\n<p>Le raton-loveur a le blues : il a envie de tout envoyer valser. Sa vie n\u2019est plus rythm\u00e9e par la m\u00e9lodie du bonheur. C\u2019est alors que son ami, le hamster d\u2019Amsterdam, lui met la puce \u00e0 l\u2019oreille : \u00abtu devrais fonder un groupe de rock!\u00bb<br \/>\n\u00c7a, c\u2019est une id\u00e9e qui va swinguer !<br \/>\nLe raton-loveur se met alors en devoir de recruter des musiciens&#8230; pas comme les autres ! Minouche, la star du jazz manouche qui a plus d\u2019une corde \u00e0 sa guitare, le cochon d\u2019Inde un peu dingue et bien s\u00fbr, le cocker rocker (entre autres !).<br \/>\nPlonge-toi dans l\u2019aventure qui fait la part belle \u00e0 l\u2019amiti\u00e9, la bienveillance, la rigolade&#8230; et le rock\u2019n roll !<\/p>\n<h4>Le positionnement<\/h4>\n<p>Avec des textes bourr\u00e9s d&rsquo;humour et de subtilit\u00e9 et de magnifiques illustrations \u00e0 l&rsquo;aquarelle, <em data-redactor-tag=\"em\">Le roquet&rsquo;n roll<\/em> est un livre qui fait la part belle \u00e0 l&rsquo;amiti\u00e9, la bienveillance, la rigolade et&#8230; le rock&rsquo;n roll!<\/p>\n<h4>Pour qui ?<\/h4>\n<p>Comme son pr\u00e9d\u00e9cesseur <em data-redactor-tag=\"em\">Le hamster d&rsquo;Amsterdam<\/em>, <em data-redactor-tag=\"em\">Le roquet&rsquo;n roll<\/em> pr\u00e9sente plusieurs niveaux de lecture. Ainsi, les petits savoureront la musicalit\u00e9 des mots de cette dr\u00f4le d\u2019aventure racont\u00e9e par un adulte. Les plus grands appr\u00e9cieront un r\u00e9cit cocasse, aux multiples rebondissements! Les adultes saisiront, quant \u00e0 eux, les subtilit\u00e9s et l\u2019intelligence d\u2019une plume cr\u00e9ative.<\/p>\n<h2>Informations techniques<\/h2>\n<p>Livre broch\u00e9 56 pages, format 21&#215;29,7cm, impression haut-de-gamme avec pelliculage <em data-redactor-tag=\"em\">soft touch<\/em>.<br \/>\nISBN : 978-2-493618-12-2<\/p>\n<p>Imagin\u00e9 et cr\u00e9\u00e9 en Alsace. Imprim\u00e9 en France.<br \/>\n<a href=\"https:\/\/editions-la-californie.fr\/\" target=\"_blank\" rel=\"noopener\">\u00c9ditions La Californie<\/a>, \u00e9diteur de talents en Alsace \u00e0 Saint-Louis, Mulhouse, Strasbourg et Colmar.<\/p>\n<h3>Soutenez la cr\u00e9ation culturelle alsacienne<\/h3>\n<p>Ajoutez \u00e0 votre commande un autre ouvrage cr\u00e9\u00e9 en Alsace et imprim\u00e9 en France :<\/p>\n<ul>\n<li><a href=\"https:\/\/www.editions-la-californie.com\/?store-page=Si-loin-de-lAtlantide-livre-broche-p465168134\">Si loin de l&rsquo;Atlantide<\/a>, un voyages en mots, images et musique de Philippe Monnier<\/li>\n<li><a href=\"https:\/\/editions-la-californie.fr\/californie\/index.php\/produit\/la-nutritherhappy-manger-mieux-ca-rend-heureux-vanessa-ritter-livre-broche\/\" target=\"_blank\" rel=\"noopener\">La nutrith\u00e9rHAPPY!<\/a> : manger mieux, \u00e7a rend heureux de Vanessa Ritter<\/li>\n<li><a href=\"https:\/\/editions-la-californie.fr\/californie\/index.php\/produit\/le-hamster-damsterdam-de-philippe-monnier-et-elena-blondeau-livre-broche\/\">Le hamster d&rsquo;Amsterdam<\/a>, premier volume des Animuchachos de Philippe Monnier et El\u00e9na Blondeau<\/li>\n<\/ul>\n<p><strong data-redactor-tag=\"strong\">La livraison est offerte \u00e0 partir de 36-euros<\/strong>, alors : PROFITEZ-EN!<\/p>\n<p>Livre broch\u00e9 52 pages, format 21&#215;29,7cm, impression haut-de-gamme avec pelliculage <em data-redactor-tag=\"em\">soft touch<\/em> et vernis s\u00e9lectif.<\/p>\n<p>ISBN : 978-2-493618-12-2<\/p>\n<p>Imagin\u00e9, cr\u00e9\u00e9 et dessin\u00e9 en Alsace.<\/p>\n","protected":false},"excerpt":{"rendered":"<p><strong><em>Le roquet&rsquo;n roll<\/em><\/strong> est un livre pour enfants dr\u00f4le et subtil, illustr\u00e9 \u00e0 l&rsquo;aquarelle, qui c\u00e9l\u00e8bre l&rsquo;amiti\u00e9, la bienveillance, la rigolade et&#8230; le rock&rsquo;n roll !<\/p>\n","protected":false},"featured_media":138,"comment_status":"open","ping_status":"closed","template":"","meta":[],"product_brand":[],"product_cat":[24,16],"product_tag":[32,25,29,22,28,30,31,27,33],"class_list":{"0":"post-143","1":"product","2":"type-product","3":"status-publish","4":"has-post-thumbnail","6":"product_cat-les-animuchachos","7":"product_cat-livres","8":"product_tag-abbey-road","9":"product_tag-animuchachos","10":"product_tag-editeur-en-alsace","11":"product_tag-editions-la-californie","12":"product_tag-elena-blondeau-aquarelle","13":"product_tag-la-limace-dalsace","14":"product_tag-le-roquetn-roll","15":"product_tag-philippe-monnier-ecrivain","16":"product_tag-the-beatles","18":"first","19":"instock","20":"taxable","21":"shipping-taxable","22":"purchasable","23":"product-type-simple"},"yoast_head":"<!-- This site is optimized with the Yoast SEO plugin v27.4 - https:\/\/yoast.com\/product\/yoast-seo-wordpress\/ -->\n<title>Le roquet&#039;n roll, de P. Monnier et E. Blondeau<\/title>\n<meta name=\"description\" content=\"Le roquet&#039;n roll est un livre pour enfants dr\u00f4le et subtil, illustr\u00e9 \u00e0 l&#039;aquarelle, qui c\u00e9l\u00e8bre l&#039;amiti\u00e9, la bienveillance, la rigolade et le rock&#039;n roll !\" \/>\n<meta name=\"robots\" content=\"index, follow, max-snippet:-1, max-image-preview:large, max-video-preview:-1\" \/>\n<link rel=\"canonical\" href=\"https:\/\/editions-la-californie.fr\/californie\/index.php\/produit\/le-roquetn-roll-de-philippe-monnier-et-elena-blondeau-livre-broche\/\" \/>\n<meta property=\"og:locale\" content=\"fr_FR\" \/>\n<meta property=\"og:type\" content=\"article\" \/>\n<meta property=\"og:title\" content=\"Le roquet&#039;n roll, de P. Monnier et E. Blondeau\" \/>\n<meta property=\"og:description\" content=\"Le roquet&#039;n roll est un livre pour enfants dr\u00f4le et subtil, illustr\u00e9 \u00e0 l&#039;aquarelle, qui c\u00e9l\u00e8bre l&#039;amiti\u00e9, la bienveillance, la rigolade et le rock&#039;n roll !\" \/>\n<meta property=\"og:url\" content=\"https:\/\/editions-la-californie.fr\/californie\/index.php\/produit\/le-roquetn-roll-de-philippe-monnier-et-elena-blondeau-livre-broche\/\" \/>\n<meta property=\"og:site_name\" content=\"\u00c9ditions La Californie, boutique en ligne\" \/>\n<meta property=\"article:publisher\" content=\"https:\/\/www.facebook.com\/editionslacalifornie\" \/>\n<meta property=\"article:modified_time\" content=\"2026-01-10T14:38:11+00:00\" \/>\n<meta property=\"og:image\" content=\"https:\/\/editions-la-californie.fr\/californie\/wp-content\/uploads\/2023\/11\/couv-roquet-n-roll-1400px-RVB.jpg\" \/>\n\t<meta property=\"og:image:width\" content=\"1400\" \/>\n\t<meta property=\"og:image:height\" content=\"1400\" \/>\n\t<meta property=\"og:image:type\" content=\"image\/jpeg\" \/>\n<meta name=\"twitter:card\" content=\"summary_large_image\" \/>\n<meta name=\"twitter:site\" content=\"@edilacalifornie\" \/>\n<meta name=\"twitter:label1\" content=\"Dur\u00e9e de lecture estim\u00e9e\" \/>\n\t<meta name=\"twitter:data1\" content=\"2 minutes\" \/>\n<script type=\"application\/ld+json\" class=\"yoast-schema-graph\">{\"@context\":\"https:\\\/\\\/schema.org\",\"@graph\":[{\"@type\":\"WebPage\",\"@id\":\"https:\\\/\\\/editions-la-californie.fr\\\/californie\\\/index.php\\\/produit\\\/le-roquetn-roll-de-philippe-monnier-et-elena-blondeau-livre-broche\\\/\",\"url\":\"https:\\\/\\\/editions-la-californie.fr\\\/californie\\\/index.php\\\/produit\\\/le-roquetn-roll-de-philippe-monnier-et-elena-blondeau-livre-broche\\\/\",\"name\":\"Le roquet'n roll, de P. Monnier et E. Blondeau\",\"isPartOf\":{\"@id\":\"https:\\\/\\\/editions-la-californie.fr\\\/californie\\\/#website\"},\"primaryImageOfPage\":{\"@id\":\"https:\\\/\\\/editions-la-californie.fr\\\/californie\\\/index.php\\\/produit\\\/le-roquetn-roll-de-philippe-monnier-et-elena-blondeau-livre-broche\\\/#primaryimage\"},\"image\":{\"@id\":\"https:\\\/\\\/editions-la-californie.fr\\\/californie\\\/index.php\\\/produit\\\/le-roquetn-roll-de-philippe-monnier-et-elena-blondeau-livre-broche\\\/#primaryimage\"},\"thumbnailUrl\":\"https:\\\/\\\/editions-la-californie.fr\\\/californie\\\/wp-content\\\/uploads\\\/2023\\\/11\\\/couv-roquet-n-roll-1400px-RVB.jpg\",\"datePublished\":\"2023-11-13T14:44:59+00:00\",\"dateModified\":\"2026-01-10T14:38:11+00:00\",\"description\":\"Le roquet'n roll est un livre pour enfants dr\u00f4le et subtil, illustr\u00e9 \u00e0 l'aquarelle, qui c\u00e9l\u00e8bre l'amiti\u00e9, la bienveillance, la rigolade et le rock'n roll !\",\"breadcrumb\":{\"@id\":\"https:\\\/\\\/editions-la-californie.fr\\\/californie\\\/index.php\\\/produit\\\/le-roquetn-roll-de-philippe-monnier-et-elena-blondeau-livre-broche\\\/#breadcrumb\"},\"inLanguage\":\"fr-FR\",\"potentialAction\":[{\"@type\":\"ReadAction\",\"target\":[\"https:\\\/\\\/editions-la-californie.fr\\\/californie\\\/index.php\\\/produit\\\/le-roquetn-roll-de-philippe-monnier-et-elena-blondeau-livre-broche\\\/\"]}]},{\"@type\":\"ImageObject\",\"inLanguage\":\"fr-FR\",\"@id\":\"https:\\\/\\\/editions-la-californie.fr\\\/californie\\\/index.php\\\/produit\\\/le-roquetn-roll-de-philippe-monnier-et-elena-blondeau-livre-broche\\\/#primaryimage\",\"url\":\"https:\\\/\\\/editions-la-californie.fr\\\/californie\\\/wp-content\\\/uploads\\\/2023\\\/11\\\/couv-roquet-n-roll-1400px-RVB.jpg\",\"contentUrl\":\"https:\\\/\\\/editions-la-californie.fr\\\/californie\\\/wp-content\\\/uploads\\\/2023\\\/11\\\/couv-roquet-n-roll-1400px-RVB.jpg\",\"width\":1400,\"height\":1400,\"caption\":\"Le roquet'n roll, un livre-jeunesse dr\u00f4le et subtil, \u00e9crite par Philippe Monnier et illustr\u00e9 \u00e0 l'aquarelle par El\u00e9na Blondeau.\"},{\"@type\":\"BreadcrumbList\",\"@id\":\"https:\\\/\\\/editions-la-californie.fr\\\/californie\\\/index.php\\\/produit\\\/le-roquetn-roll-de-philippe-monnier-et-elena-blondeau-livre-broche\\\/#breadcrumb\",\"itemListElement\":[{\"@type\":\"ListItem\",\"position\":1,\"name\":\"Accueil\",\"item\":\"https:\\\/\\\/editions-la-californie.fr\\\/californie\\\/\"},{\"@type\":\"ListItem\",\"position\":2,\"name\":\"Boutique en ligne des \u00c9ditions La Californie\",\"item\":\"https:\\\/\\\/editions-la-californie.fr\\\/californie\\\/\"},{\"@type\":\"ListItem\",\"position\":3,\"name\":\"Le roquet&#8217;n roll, de Philippe Monnier et \u00c9l\u00e9na Blondeau, livre broch\u00e9\"}]},{\"@type\":\"WebSite\",\"@id\":\"https:\\\/\\\/editions-la-californie.fr\\\/californie\\\/#website\",\"url\":\"https:\\\/\\\/editions-la-californie.fr\\\/californie\\\/\",\"name\":\"\u00c9ditions La Californie, boutique en ligne\",\"description\":\"Offrez(-vous) des livres imagin\u00e9s, cr\u00e9\u00e9s et illustr\u00e9s en Alsace\",\"publisher\":{\"@id\":\"https:\\\/\\\/editions-la-californie.fr\\\/californie\\\/#organization\"},\"potentialAction\":[{\"@type\":\"SearchAction\",\"target\":{\"@type\":\"EntryPoint\",\"urlTemplate\":\"https:\\\/\\\/editions-la-californie.fr\\\/californie\\\/?s={search_term_string}\"},\"query-input\":{\"@type\":\"PropertyValueSpecification\",\"valueRequired\":true,\"valueName\":\"search_term_string\"}}],\"inLanguage\":\"fr-FR\"},{\"@type\":\"Organization\",\"@id\":\"https:\\\/\\\/editions-la-californie.fr\\\/californie\\\/#organization\",\"name\":\"\u00c9ditions La Californie\",\"url\":\"https:\\\/\\\/editions-la-californie.fr\\\/californie\\\/\",\"logo\":{\"@type\":\"ImageObject\",\"inLanguage\":\"fr-FR\",\"@id\":\"https:\\\/\\\/editions-la-californie.fr\\\/californie\\\/#\\\/schema\\\/logo\\\/image\\\/\",\"url\":\"https:\\\/\\\/editions-la-californie.fr\\\/californie\\\/wp-content\\\/uploads\\\/2023\\\/11\\\/cropped-logo-editions-la-californie-alsace-boutique.png\",\"contentUrl\":\"https:\\\/\\\/editions-la-californie.fr\\\/californie\\\/wp-content\\\/uploads\\\/2023\\\/11\\\/cropped-logo-editions-la-californie-alsace-boutique.png\",\"width\":522,\"height\":122,\"caption\":\"\u00c9ditions La Californie\"},\"image\":{\"@id\":\"https:\\\/\\\/editions-la-californie.fr\\\/californie\\\/#\\\/schema\\\/logo\\\/image\\\/\"},\"sameAs\":[\"https:\\\/\\\/www.facebook.com\\\/editionslacalifornie\",\"https:\\\/\\\/x.com\\\/edilacalifornie\",\"https:\\\/\\\/www.instagram.com\\\/editionslacalifornie\"]}]}<\/script>\n<!-- \/ Yoast SEO plugin. -->","yoast_head_json":{"title":"Le roquet'n roll, de P. Monnier et E. Blondeau","description":"Le roquet'n roll est un livre pour enfants dr\u00f4le et subtil, illustr\u00e9 \u00e0 l'aquarelle, qui c\u00e9l\u00e8bre l'amiti\u00e9, la bienveillance, la rigolade et le rock'n roll !","robots":{"index":"index","follow":"follow","max-snippet":"max-snippet:-1","max-image-preview":"max-image-preview:large","max-video-preview":"max-video-preview:-1"},"canonical":"https:\/\/editions-la-californie.fr\/californie\/index.php\/produit\/le-roquetn-roll-de-philippe-monnier-et-elena-blondeau-livre-broche\/","og_locale":"fr_FR","og_type":"article","og_title":"Le roquet'n roll, de P. Monnier et E. Blondeau","og_description":"Le roquet'n roll est un livre pour enfants dr\u00f4le et subtil, illustr\u00e9 \u00e0 l'aquarelle, qui c\u00e9l\u00e8bre l'amiti\u00e9, la bienveillance, la rigolade et le rock'n roll !","og_url":"https:\/\/editions-la-californie.fr\/californie\/index.php\/produit\/le-roquetn-roll-de-philippe-monnier-et-elena-blondeau-livre-broche\/","og_site_name":"\u00c9ditions La Californie, boutique en ligne","article_publisher":"https:\/\/www.facebook.com\/editionslacalifornie","article_modified_time":"2026-01-10T14:38:11+00:00","og_image":[{"width":1400,"height":1400,"url":"https:\/\/editions-la-californie.fr\/californie\/wp-content\/uploads\/2023\/11\/couv-roquet-n-roll-1400px-RVB.jpg","type":"image\/jpeg"}],"twitter_card":"summary_large_image","twitter_site":"@edilacalifornie","twitter_misc":{"Dur\u00e9e de lecture estim\u00e9e":"2 minutes"},"schema":{"@context":"https:\/\/schema.org","@graph":[{"@type":"WebPage","@id":"https:\/\/editions-la-californie.fr\/californie\/index.php\/produit\/le-roquetn-roll-de-philippe-monnier-et-elena-blondeau-livre-broche\/","url":"https:\/\/editions-la-californie.fr\/californie\/index.php\/produit\/le-roquetn-roll-de-philippe-monnier-et-elena-blondeau-livre-broche\/","name":"Le roquet'n roll, de P. Monnier et E. Blondeau","isPartOf":{"@id":"https:\/\/editions-la-californie.fr\/californie\/#website"},"primaryImageOfPage":{"@id":"https:\/\/editions-la-californie.fr\/californie\/index.php\/produit\/le-roquetn-roll-de-philippe-monnier-et-elena-blondeau-livre-broche\/#primaryimage"},"image":{"@id":"https:\/\/editions-la-californie.fr\/californie\/index.php\/produit\/le-roquetn-roll-de-philippe-monnier-et-elena-blondeau-livre-broche\/#primaryimage"},"thumbnailUrl":"https:\/\/editions-la-californie.fr\/californie\/wp-content\/uploads\/2023\/11\/couv-roquet-n-roll-1400px-RVB.jpg","datePublished":"2023-11-13T14:44:59+00:00","dateModified":"2026-01-10T14:38:11+00:00","description":"Le roquet'n roll est un livre pour enfants dr\u00f4le et subtil, illustr\u00e9 \u00e0 l'aquarelle, qui c\u00e9l\u00e8bre l'amiti\u00e9, la bienveillance, la rigolade et le rock'n roll !","breadcrumb":{"@id":"https:\/\/editions-la-californie.fr\/californie\/index.php\/produit\/le-roquetn-roll-de-philippe-monnier-et-elena-blondeau-livre-broche\/#breadcrumb"},"inLanguage":"fr-FR","potentialAction":[{"@type":"ReadAction","target":["https:\/\/editions-la-californie.fr\/californie\/index.php\/produit\/le-roquetn-roll-de-philippe-monnier-et-elena-blondeau-livre-broche\/"]}]},{"@type":"ImageObject","inLanguage":"fr-FR","@id":"https:\/\/editions-la-californie.fr\/californie\/index.php\/produit\/le-roquetn-roll-de-philippe-monnier-et-elena-blondeau-livre-broche\/#primaryimage","url":"https:\/\/editions-la-californie.fr\/californie\/wp-content\/uploads\/2023\/11\/couv-roquet-n-roll-1400px-RVB.jpg","contentUrl":"https:\/\/editions-la-californie.fr\/californie\/wp-content\/uploads\/2023\/11\/couv-roquet-n-roll-1400px-RVB.jpg","width":1400,"height":1400,"caption":"Le roquet'n roll, un livre-jeunesse dr\u00f4le et subtil, \u00e9crite par Philippe Monnier et illustr\u00e9 \u00e0 l'aquarelle par El\u00e9na Blondeau."},{"@type":"BreadcrumbList","@id":"https:\/\/editions-la-californie.fr\/californie\/index.php\/produit\/le-roquetn-roll-de-philippe-monnier-et-elena-blondeau-livre-broche\/#breadcrumb","itemListElement":[{"@type":"ListItem","position":1,"name":"Accueil","item":"https:\/\/editions-la-californie.fr\/californie\/"},{"@type":"ListItem","position":2,"name":"Boutique en ligne des \u00c9ditions La Californie","item":"https:\/\/editions-la-californie.fr\/californie\/"},{"@type":"ListItem","position":3,"name":"Le roquet&#8217;n roll, de Philippe Monnier et \u00c9l\u00e9na Blondeau, livre broch\u00e9"}]},{"@type":"WebSite","@id":"https:\/\/editions-la-californie.fr\/californie\/#website","url":"https:\/\/editions-la-californie.fr\/californie\/","name":"\u00c9ditions La Californie, boutique en ligne","description":"Offrez(-vous) des livres imagin\u00e9s, cr\u00e9\u00e9s et illustr\u00e9s en Alsace","publisher":{"@id":"https:\/\/editions-la-californie.fr\/californie\/#organization"},"potentialAction":[{"@type":"SearchAction","target":{"@type":"EntryPoint","urlTemplate":"https:\/\/editions-la-californie.fr\/californie\/?s={search_term_string}"},"query-input":{"@type":"PropertyValueSpecification","valueRequired":true,"valueName":"search_term_string"}}],"inLanguage":"fr-FR"},{"@type":"Organization","@id":"https:\/\/editions-la-californie.fr\/californie\/#organization","name":"\u00c9ditions La Californie","url":"https:\/\/editions-la-californie.fr\/californie\/","logo":{"@type":"ImageObject","inLanguage":"fr-FR","@id":"https:\/\/editions-la-californie.fr\/californie\/#\/schema\/logo\/image\/","url":"https:\/\/editions-la-californie.fr\/californie\/wp-content\/uploads\/2023\/11\/cropped-logo-editions-la-californie-alsace-boutique.png","contentUrl":"https:\/\/editions-la-californie.fr\/californie\/wp-content\/uploads\/2023\/11\/cropped-logo-editions-la-californie-alsace-boutique.png","width":522,"height":122,"caption":"\u00c9ditions La Californie"},"image":{"@id":"https:\/\/editions-la-californie.fr\/californie\/#\/schema\/logo\/image\/"},"sameAs":["https:\/\/www.facebook.com\/editionslacalifornie","https:\/\/x.com\/edilacalifornie","https:\/\/www.instagram.com\/editionslacalifornie"]}]}},"jetpack_sharing_enabled":true,"_links":{"self":[{"href":"https:\/\/editions-la-californie.fr\/californie\/index.php\/wp-json\/wp\/v2\/product\/143","targetHints":{"allow":["GET"]}}],"collection":[{"href":"https:\/\/editions-la-californie.fr\/californie\/index.php\/wp-json\/wp\/v2\/product"}],"about":[{"href":"https:\/\/editions-la-californie.fr\/californie\/index.php\/wp-json\/wp\/v2\/types\/product"}],"replies":[{"embeddable":true,"href":"https:\/\/editions-la-californie.fr\/californie\/index.php\/wp-json\/wp\/v2\/comments?post=143"}],"wp:featuredmedia":[{"embeddable":true,"href":"https:\/\/editions-la-californie.fr\/californie\/index.php\/wp-json\/wp\/v2\/media\/138"}],"wp:attachment":[{"href":"https:\/\/editions-la-californie.fr\/californie\/index.php\/wp-json\/wp\/v2\/media?parent=143"}],"wp:term":[{"taxonomy":"product_brand","embeddable":true,"href":"https:\/\/editions-la-californie.fr\/californie\/index.php\/wp-json\/wp\/v2\/product_brand?post=143"},{"taxonomy":"product_cat","embeddable":true,"href":"https:\/\/editions-la-californie.fr\/californie\/index.php\/wp-json\/wp\/v2\/product_cat?post=143"},{"taxonomy":"product_tag","embeddable":true,"href":"https:\/\/editions-la-californie.fr\/californie\/index.php\/wp-json\/wp\/v2\/product_tag?post=143"}],"curies":[{"name":"wp","href":"https:\/\/api.w.org\/{rel}","templated":true}]}}