{"id":151,"date":"2023-11-13T16:00:30","date_gmt":"2023-11-13T15:00:30","guid":{"rendered":"https:\/\/editions-la-californie.fr\/californie\/?post_type=product&#038;p=151"},"modified":"2024-01-05T14:15:15","modified_gmt":"2024-01-05T13:15:15","slug":"la-nutritherhappy-manger-mieux-ca-rend-heureux-vanessa-ritter-livre-broche","status":"publish","type":"product","link":"https:\/\/editions-la-californie.fr\/californie\/index.php\/produit\/la-nutritherhappy-manger-mieux-ca-rend-heureux-vanessa-ritter-livre-broche\/","title":{"rendered":"La nutrith\u00e9rHAPPY! manger mieux, \u00e7a rend heureux, livre broch\u00e9"},"content":{"rendered":"<h3>La nutrith\u00e9rHAPPY! : recettes et conseils pour une vie plus saine et plus heureuse !<\/h3>\n<p>Auteure : Vanessa Ritter<\/p>\n<p>Imagin\u00e9 et cr\u00e9\u00e9 en Alsace. Imprim\u00e9 en France.<\/p>\n<div><iframe src=\"https:\/\/player.vimeo.com\/video\/710373722?h=43dbbd0f2a\" frameborder=\"0\" allowfullscreen=\"allowfullscreen\"><\/iframe><\/div>\n<p><a href=\"https:\/\/vimeo.com\/710373722\">Vanessa Ritter-La nutritherHAPPY!<\/a> from <a href=\"https:\/\/vimeo.com\/davidandresfilmmaker\">David ANDRES Filmmaker<\/a> on <a href=\"https:\/\/vimeo.com\">Vimeo<\/a>.<\/p>\n<h3>Pourquoi opter pour une alimentation plus saine ?<\/h3>\n<p><em data-redactor-tag=\"em\">Des conseils et des recettes pour une vie plus saine !<\/em><\/p>\n<p><em data-redactor-tag=\"em\">Pourquoi la nutrith\u00e9rhappy ? parce qu\u2019il est possible de manger sainement tout en se faisant plaisir ! L\u2019aliment est le premier m\u00e9dicament. Ce que nous mangeons a des r\u00e9percussions sur notre sant\u00e9 physique et mentale. Mieux encore : avec un r\u00e9gime \u00e9quilibr\u00e9 et personnalis\u00e9 selon notre mode de vie, nos ant\u00e9c\u00e9dents et nos envies, nous parvenons \u00e0 \u00e9viter bon nombre de d\u00e9sagr\u00e9ments.<\/em><\/p>\n<h3>Des recettes saines et savoureuses<\/h3>\n<p>Passionn\u00e9e par la sant\u00e9 naturelle et le mieux-\u00eatre, Vanessa Ritter s\u2019est tout naturellement tourn\u00e9e vers la nutrith\u00e9rapie. Avec des explications simples et des recettes originales et savoureuses, elle nous ouvre les portes d\u2019un monde de saveurs et de bien-\u00eatre, sans culpabilit\u00e9.<\/p>\n<p>Il y a plusieurs chemins pour adopter une vie plus saine : ce livre en est un&#8230;<\/p>\n<h3>La nutrith\u00e9rHAPPY!<\/h3>\n<p>Livre broch\u00e9 68 pages, format 21x21cm, impression haut-de-gamme avec pelliculage <em data-redactor-tag=\"em\">soft touch<\/em> et vernis s\u00e9lectif.<\/p>\n<p>ISBN : 978-2-493618-06-1<\/p>\n<p>&nbsp;<\/p>\n<p><strong><em>La nutrith\u00e9rHAPPY : manger mieux, \u00e7a rend heureux<\/em><\/strong> fait partie de la collection <em><a href=\"https:\/\/editions-la-californie.fr\/les-livres-qui-font-du-bien\/\" target=\"_blank\" rel=\"noopener\">Les livres qui font du bien<\/a><\/em>.<br \/>\nImagin\u00e9 et cr\u00e9\u00e9 en Alsace. Imprim\u00e9 en France.<br \/>\n<a href=\"https:\/\/editions-la-californie.fr\/\">\u00c9ditions La Californie<\/a>, \u00e9diteur de talents en Alsace \u00e0 Saint-Louis, Mulhouse, Strasbourg et Colmar.<\/p>\n","protected":false},"excerpt":{"rendered":"<p><em><strong>La nutrith\u00e9rHAPPY! manger mieux, \u00e7a rend heureux<\/strong><\/em> est un livre qui donne des recettes et des conseils, pour adopter, en douceur, une vie plus saine et plus heureuse, gr\u00e2ce \u00e0 l&rsquo;alimentation. Auteure : Vanessa Ritter, aux \u00e9ditions La Californie en Alsace.<\/p>\n","protected":false},"featured_media":148,"comment_status":"open","ping_status":"closed","template":"","meta":[],"product_brand":[],"product_cat":[17,16],"product_tag":[22,39,41,38,34,40,37,35,36],"class_list":{"0":"post-151","1":"product","2":"type-product","3":"status-publish","4":"has-post-thumbnail","6":"product_cat-les-livres-qui-font-du-bien","7":"product_cat-livres","8":"product_tag-editions-la-californie","9":"product_tag-les-livres-qui-font-du-bien","10":"product_tag-mangeur-mieux-ca-rend-heureux","11":"product_tag-nourriture-saine","12":"product_tag-nutritherapie","13":"product_tag-nutritherhappy","14":"product_tag-recettes-saines","15":"product_tag-se-soigner-par-lalimentation","16":"product_tag-vanessa-ritter","18":"first","19":"instock","20":"taxable","21":"shipping-taxable","22":"purchasable","23":"product-type-simple"},"yoast_head":"<!-- This site is optimized with the Yoast SEO plugin v27.3 - https:\/\/yoast.com\/product\/yoast-seo-wordpress\/ -->\n<title>La nutrith\u00e9rHAPPY! manger mieux, \u00e7a rend heureux de V. Ritter<\/title>\n<meta name=\"description\" content=\"La nutrith\u00e9rHAPPY! manger mieux, \u00e7a rend heureux, est un livre qui donne des recettes et des conseils, pour adopter une alimentation plus saine.\" \/>\n<meta name=\"robots\" content=\"index, follow, max-snippet:-1, max-image-preview:large, max-video-preview:-1\" \/>\n<link rel=\"canonical\" href=\"https:\/\/editions-la-californie.fr\/californie\/index.php\/produit\/la-nutritherhappy-manger-mieux-ca-rend-heureux-vanessa-ritter-livre-broche\/\" \/>\n<meta property=\"og:locale\" content=\"fr_FR\" \/>\n<meta property=\"og:type\" content=\"article\" \/>\n<meta property=\"og:title\" content=\"La nutrith\u00e9rHAPPY! manger mieux, \u00e7a rend heureux de V. Ritter\" \/>\n<meta property=\"og:description\" content=\"La nutrith\u00e9rHAPPY! manger mieux, \u00e7a rend heureux, est un livre qui donne des recettes et des conseils, pour adopter une alimentation plus saine.\" \/>\n<meta property=\"og:url\" content=\"https:\/\/editions-la-californie.fr\/californie\/index.php\/produit\/la-nutritherhappy-manger-mieux-ca-rend-heureux-vanessa-ritter-livre-broche\/\" \/>\n<meta property=\"og:site_name\" content=\"\u00c9ditions La Californie, boutique en ligne\" \/>\n<meta property=\"article:publisher\" content=\"https:\/\/www.facebook.com\/editionslacalifornie\" \/>\n<meta property=\"article:modified_time\" content=\"2024-01-05T13:15:15+00:00\" \/>\n<meta property=\"og:image\" content=\"https:\/\/editions-la-californie.fr\/californie\/wp-content\/uploads\/2023\/11\/la-nutritherhappy-vanessa-ritter-editions-la-californie-alsace.jpg\" \/>\n\t<meta property=\"og:image:width\" content=\"1000\" \/>\n\t<meta property=\"og:image:height\" content=\"1000\" \/>\n\t<meta property=\"og:image:type\" content=\"image\/jpeg\" \/>\n<meta name=\"twitter:card\" content=\"summary_large_image\" \/>\n<meta name=\"twitter:site\" content=\"@edilacalifornie\" \/>\n<meta name=\"twitter:label1\" content=\"Dur\u00e9e de lecture estim\u00e9e\" \/>\n\t<meta name=\"twitter:data1\" content=\"2 minutes\" \/>\n<script type=\"application\/ld+json\" class=\"yoast-schema-graph\">{\"@context\":\"https:\\\/\\\/schema.org\",\"@graph\":[{\"@type\":\"WebPage\",\"@id\":\"https:\\\/\\\/editions-la-californie.fr\\\/californie\\\/index.php\\\/produit\\\/la-nutritherhappy-manger-mieux-ca-rend-heureux-vanessa-ritter-livre-broche\\\/\",\"url\":\"https:\\\/\\\/editions-la-californie.fr\\\/californie\\\/index.php\\\/produit\\\/la-nutritherhappy-manger-mieux-ca-rend-heureux-vanessa-ritter-livre-broche\\\/\",\"name\":\"La nutrith\u00e9rHAPPY! manger mieux, \u00e7a rend heureux de V. Ritter\",\"isPartOf\":{\"@id\":\"https:\\\/\\\/editions-la-californie.fr\\\/californie\\\/#website\"},\"primaryImageOfPage\":{\"@id\":\"https:\\\/\\\/editions-la-californie.fr\\\/californie\\\/index.php\\\/produit\\\/la-nutritherhappy-manger-mieux-ca-rend-heureux-vanessa-ritter-livre-broche\\\/#primaryimage\"},\"image\":{\"@id\":\"https:\\\/\\\/editions-la-californie.fr\\\/californie\\\/index.php\\\/produit\\\/la-nutritherhappy-manger-mieux-ca-rend-heureux-vanessa-ritter-livre-broche\\\/#primaryimage\"},\"thumbnailUrl\":\"https:\\\/\\\/editions-la-californie.fr\\\/californie\\\/wp-content\\\/uploads\\\/2023\\\/11\\\/la-nutritherhappy-vanessa-ritter-editions-la-californie-alsace.jpg\",\"datePublished\":\"2023-11-13T15:00:30+00:00\",\"dateModified\":\"2024-01-05T13:15:15+00:00\",\"description\":\"La nutrith\u00e9rHAPPY! manger mieux, \u00e7a rend heureux, est un livre qui donne des recettes et des conseils, pour adopter une alimentation plus saine.\",\"breadcrumb\":{\"@id\":\"https:\\\/\\\/editions-la-californie.fr\\\/californie\\\/index.php\\\/produit\\\/la-nutritherhappy-manger-mieux-ca-rend-heureux-vanessa-ritter-livre-broche\\\/#breadcrumb\"},\"inLanguage\":\"fr-FR\",\"potentialAction\":[{\"@type\":\"ReadAction\",\"target\":[\"https:\\\/\\\/editions-la-californie.fr\\\/californie\\\/index.php\\\/produit\\\/la-nutritherhappy-manger-mieux-ca-rend-heureux-vanessa-ritter-livre-broche\\\/\"]}]},{\"@type\":\"ImageObject\",\"inLanguage\":\"fr-FR\",\"@id\":\"https:\\\/\\\/editions-la-californie.fr\\\/californie\\\/index.php\\\/produit\\\/la-nutritherhappy-manger-mieux-ca-rend-heureux-vanessa-ritter-livre-broche\\\/#primaryimage\",\"url\":\"https:\\\/\\\/editions-la-californie.fr\\\/californie\\\/wp-content\\\/uploads\\\/2023\\\/11\\\/la-nutritherhappy-vanessa-ritter-editions-la-californie-alsace.jpg\",\"contentUrl\":\"https:\\\/\\\/editions-la-californie.fr\\\/californie\\\/wp-content\\\/uploads\\\/2023\\\/11\\\/la-nutritherhappy-vanessa-ritter-editions-la-californie-alsace.jpg\",\"width\":1000,\"height\":1000,\"caption\":\"La nutrith\u00e9rHAPPY! manger mieux, \u00e7a rend heureux, est un livre qui donne des recettes et des conseils, pour adopter, en douceur, une vie plus saine et plus heureuse, gr\u00e2ce \u00e0 l'alimentation. Auteure : Vanessa Ritter, aux \u00e9ditions La Californie en Alsace.\"},{\"@type\":\"BreadcrumbList\",\"@id\":\"https:\\\/\\\/editions-la-californie.fr\\\/californie\\\/index.php\\\/produit\\\/la-nutritherhappy-manger-mieux-ca-rend-heureux-vanessa-ritter-livre-broche\\\/#breadcrumb\",\"itemListElement\":[{\"@type\":\"ListItem\",\"position\":1,\"name\":\"Accueil\",\"item\":\"https:\\\/\\\/editions-la-californie.fr\\\/californie\\\/\"},{\"@type\":\"ListItem\",\"position\":2,\"name\":\"Boutique en ligne des \u00c9ditions La Californie\",\"item\":\"https:\\\/\\\/editions-la-californie.fr\\\/californie\\\/\"},{\"@type\":\"ListItem\",\"position\":3,\"name\":\"La nutrith\u00e9rHAPPY! manger mieux, \u00e7a rend heureux, livre broch\u00e9\"}]},{\"@type\":\"WebSite\",\"@id\":\"https:\\\/\\\/editions-la-californie.fr\\\/californie\\\/#website\",\"url\":\"https:\\\/\\\/editions-la-californie.fr\\\/californie\\\/\",\"name\":\"\u00c9ditions La Californie, boutique en ligne\",\"description\":\"Offrez(-vous) des livres imagin\u00e9s, cr\u00e9\u00e9s et illustr\u00e9s en Alsace\",\"publisher\":{\"@id\":\"https:\\\/\\\/editions-la-californie.fr\\\/californie\\\/#organization\"},\"potentialAction\":[{\"@type\":\"SearchAction\",\"target\":{\"@type\":\"EntryPoint\",\"urlTemplate\":\"https:\\\/\\\/editions-la-californie.fr\\\/californie\\\/?s={search_term_string}\"},\"query-input\":{\"@type\":\"PropertyValueSpecification\",\"valueRequired\":true,\"valueName\":\"search_term_string\"}}],\"inLanguage\":\"fr-FR\"},{\"@type\":\"Organization\",\"@id\":\"https:\\\/\\\/editions-la-californie.fr\\\/californie\\\/#organization\",\"name\":\"\u00c9ditions La Californie\",\"url\":\"https:\\\/\\\/editions-la-californie.fr\\\/californie\\\/\",\"logo\":{\"@type\":\"ImageObject\",\"inLanguage\":\"fr-FR\",\"@id\":\"https:\\\/\\\/editions-la-californie.fr\\\/californie\\\/#\\\/schema\\\/logo\\\/image\\\/\",\"url\":\"https:\\\/\\\/editions-la-californie.fr\\\/californie\\\/wp-content\\\/uploads\\\/2023\\\/11\\\/cropped-logo-editions-la-californie-alsace-boutique.png\",\"contentUrl\":\"https:\\\/\\\/editions-la-californie.fr\\\/californie\\\/wp-content\\\/uploads\\\/2023\\\/11\\\/cropped-logo-editions-la-californie-alsace-boutique.png\",\"width\":522,\"height\":122,\"caption\":\"\u00c9ditions La Californie\"},\"image\":{\"@id\":\"https:\\\/\\\/editions-la-californie.fr\\\/californie\\\/#\\\/schema\\\/logo\\\/image\\\/\"},\"sameAs\":[\"https:\\\/\\\/www.facebook.com\\\/editionslacalifornie\",\"https:\\\/\\\/x.com\\\/edilacalifornie\",\"https:\\\/\\\/www.instagram.com\\\/editionslacalifornie\"]}]}<\/script>\n<!-- \/ Yoast SEO plugin. -->","yoast_head_json":{"title":"La nutrith\u00e9rHAPPY! manger mieux, \u00e7a rend heureux de V. Ritter","description":"La nutrith\u00e9rHAPPY! manger mieux, \u00e7a rend heureux, est un livre qui donne des recettes et des conseils, pour adopter une alimentation plus saine.","robots":{"index":"index","follow":"follow","max-snippet":"max-snippet:-1","max-image-preview":"max-image-preview:large","max-video-preview":"max-video-preview:-1"},"canonical":"https:\/\/editions-la-californie.fr\/californie\/index.php\/produit\/la-nutritherhappy-manger-mieux-ca-rend-heureux-vanessa-ritter-livre-broche\/","og_locale":"fr_FR","og_type":"article","og_title":"La nutrith\u00e9rHAPPY! manger mieux, \u00e7a rend heureux de V. Ritter","og_description":"La nutrith\u00e9rHAPPY! manger mieux, \u00e7a rend heureux, est un livre qui donne des recettes et des conseils, pour adopter une alimentation plus saine.","og_url":"https:\/\/editions-la-californie.fr\/californie\/index.php\/produit\/la-nutritherhappy-manger-mieux-ca-rend-heureux-vanessa-ritter-livre-broche\/","og_site_name":"\u00c9ditions La Californie, boutique en ligne","article_publisher":"https:\/\/www.facebook.com\/editionslacalifornie","article_modified_time":"2024-01-05T13:15:15+00:00","og_image":[{"width":1000,"height":1000,"url":"https:\/\/editions-la-californie.fr\/californie\/wp-content\/uploads\/2023\/11\/la-nutritherhappy-vanessa-ritter-editions-la-californie-alsace.jpg","type":"image\/jpeg"}],"twitter_card":"summary_large_image","twitter_site":"@edilacalifornie","twitter_misc":{"Dur\u00e9e de lecture estim\u00e9e":"2 minutes"},"schema":{"@context":"https:\/\/schema.org","@graph":[{"@type":"WebPage","@id":"https:\/\/editions-la-californie.fr\/californie\/index.php\/produit\/la-nutritherhappy-manger-mieux-ca-rend-heureux-vanessa-ritter-livre-broche\/","url":"https:\/\/editions-la-californie.fr\/californie\/index.php\/produit\/la-nutritherhappy-manger-mieux-ca-rend-heureux-vanessa-ritter-livre-broche\/","name":"La nutrith\u00e9rHAPPY! manger mieux, \u00e7a rend heureux de V. Ritter","isPartOf":{"@id":"https:\/\/editions-la-californie.fr\/californie\/#website"},"primaryImageOfPage":{"@id":"https:\/\/editions-la-californie.fr\/californie\/index.php\/produit\/la-nutritherhappy-manger-mieux-ca-rend-heureux-vanessa-ritter-livre-broche\/#primaryimage"},"image":{"@id":"https:\/\/editions-la-californie.fr\/californie\/index.php\/produit\/la-nutritherhappy-manger-mieux-ca-rend-heureux-vanessa-ritter-livre-broche\/#primaryimage"},"thumbnailUrl":"https:\/\/editions-la-californie.fr\/californie\/wp-content\/uploads\/2023\/11\/la-nutritherhappy-vanessa-ritter-editions-la-californie-alsace.jpg","datePublished":"2023-11-13T15:00:30+00:00","dateModified":"2024-01-05T13:15:15+00:00","description":"La nutrith\u00e9rHAPPY! manger mieux, \u00e7a rend heureux, est un livre qui donne des recettes et des conseils, pour adopter une alimentation plus saine.","breadcrumb":{"@id":"https:\/\/editions-la-californie.fr\/californie\/index.php\/produit\/la-nutritherhappy-manger-mieux-ca-rend-heureux-vanessa-ritter-livre-broche\/#breadcrumb"},"inLanguage":"fr-FR","potentialAction":[{"@type":"ReadAction","target":["https:\/\/editions-la-californie.fr\/californie\/index.php\/produit\/la-nutritherhappy-manger-mieux-ca-rend-heureux-vanessa-ritter-livre-broche\/"]}]},{"@type":"ImageObject","inLanguage":"fr-FR","@id":"https:\/\/editions-la-californie.fr\/californie\/index.php\/produit\/la-nutritherhappy-manger-mieux-ca-rend-heureux-vanessa-ritter-livre-broche\/#primaryimage","url":"https:\/\/editions-la-californie.fr\/californie\/wp-content\/uploads\/2023\/11\/la-nutritherhappy-vanessa-ritter-editions-la-californie-alsace.jpg","contentUrl":"https:\/\/editions-la-californie.fr\/californie\/wp-content\/uploads\/2023\/11\/la-nutritherhappy-vanessa-ritter-editions-la-californie-alsace.jpg","width":1000,"height":1000,"caption":"La nutrith\u00e9rHAPPY! manger mieux, \u00e7a rend heureux, est un livre qui donne des recettes et des conseils, pour adopter, en douceur, une vie plus saine et plus heureuse, gr\u00e2ce \u00e0 l'alimentation. Auteure : Vanessa Ritter, aux \u00e9ditions La Californie en Alsace."},{"@type":"BreadcrumbList","@id":"https:\/\/editions-la-californie.fr\/californie\/index.php\/produit\/la-nutritherhappy-manger-mieux-ca-rend-heureux-vanessa-ritter-livre-broche\/#breadcrumb","itemListElement":[{"@type":"ListItem","position":1,"name":"Accueil","item":"https:\/\/editions-la-californie.fr\/californie\/"},{"@type":"ListItem","position":2,"name":"Boutique en ligne des \u00c9ditions La Californie","item":"https:\/\/editions-la-californie.fr\/californie\/"},{"@type":"ListItem","position":3,"name":"La nutrith\u00e9rHAPPY! manger mieux, \u00e7a rend heureux, livre broch\u00e9"}]},{"@type":"WebSite","@id":"https:\/\/editions-la-californie.fr\/californie\/#website","url":"https:\/\/editions-la-californie.fr\/californie\/","name":"\u00c9ditions La Californie, boutique en ligne","description":"Offrez(-vous) des livres imagin\u00e9s, cr\u00e9\u00e9s et illustr\u00e9s en Alsace","publisher":{"@id":"https:\/\/editions-la-californie.fr\/californie\/#organization"},"potentialAction":[{"@type":"SearchAction","target":{"@type":"EntryPoint","urlTemplate":"https:\/\/editions-la-californie.fr\/californie\/?s={search_term_string}"},"query-input":{"@type":"PropertyValueSpecification","valueRequired":true,"valueName":"search_term_string"}}],"inLanguage":"fr-FR"},{"@type":"Organization","@id":"https:\/\/editions-la-californie.fr\/californie\/#organization","name":"\u00c9ditions La Californie","url":"https:\/\/editions-la-californie.fr\/californie\/","logo":{"@type":"ImageObject","inLanguage":"fr-FR","@id":"https:\/\/editions-la-californie.fr\/californie\/#\/schema\/logo\/image\/","url":"https:\/\/editions-la-californie.fr\/californie\/wp-content\/uploads\/2023\/11\/cropped-logo-editions-la-californie-alsace-boutique.png","contentUrl":"https:\/\/editions-la-californie.fr\/californie\/wp-content\/uploads\/2023\/11\/cropped-logo-editions-la-californie-alsace-boutique.png","width":522,"height":122,"caption":"\u00c9ditions La Californie"},"image":{"@id":"https:\/\/editions-la-californie.fr\/californie\/#\/schema\/logo\/image\/"},"sameAs":["https:\/\/www.facebook.com\/editionslacalifornie","https:\/\/x.com\/edilacalifornie","https:\/\/www.instagram.com\/editionslacalifornie"]}]}},"jetpack_sharing_enabled":true,"_links":{"self":[{"href":"https:\/\/editions-la-californie.fr\/californie\/index.php\/wp-json\/wp\/v2\/product\/151","targetHints":{"allow":["GET"]}}],"collection":[{"href":"https:\/\/editions-la-californie.fr\/californie\/index.php\/wp-json\/wp\/v2\/product"}],"about":[{"href":"https:\/\/editions-la-californie.fr\/californie\/index.php\/wp-json\/wp\/v2\/types\/product"}],"replies":[{"embeddable":true,"href":"https:\/\/editions-la-californie.fr\/californie\/index.php\/wp-json\/wp\/v2\/comments?post=151"}],"wp:featuredmedia":[{"embeddable":true,"href":"https:\/\/editions-la-californie.fr\/californie\/index.php\/wp-json\/wp\/v2\/media\/148"}],"wp:attachment":[{"href":"https:\/\/editions-la-californie.fr\/californie\/index.php\/wp-json\/wp\/v2\/media?parent=151"}],"wp:term":[{"taxonomy":"product_brand","embeddable":true,"href":"https:\/\/editions-la-californie.fr\/californie\/index.php\/wp-json\/wp\/v2\/product_brand?post=151"},{"taxonomy":"product_cat","embeddable":true,"href":"https:\/\/editions-la-californie.fr\/californie\/index.php\/wp-json\/wp\/v2\/product_cat?post=151"},{"taxonomy":"product_tag","embeddable":true,"href":"https:\/\/editions-la-californie.fr\/californie\/index.php\/wp-json\/wp\/v2\/product_tag?post=151"}],"curies":[{"name":"wp","href":"https:\/\/api.w.org\/{rel}","templated":true}]}}