{"id":152,"date":"2023-11-13T16:30:51","date_gmt":"2023-11-13T15:30:51","guid":{"rendered":"https:\/\/editions-la-californie.fr\/californie\/?post_type=product&#038;p=152"},"modified":"2026-04-02T12:00:25","modified_gmt":"2026-04-02T10:00:25","slug":"si-loin-de-latlantide-de-philippe-monnier-livre-broche","status":"publish","type":"product","link":"https:\/\/editions-la-californie.fr\/californie\/index.php\/produit\/si-loin-de-latlantide-de-philippe-monnier-livre-broche\/","title":{"rendered":"Si loin de l&rsquo;Atlantide, de Philippe Monnier, livre broch\u00e9"},"content":{"rendered":"<h3>Si loin de l&rsquo;Atlantide, une odyss\u00e9e po\u00e9tique en mots, images et musique.<\/h3>\n<p><em><strong>Si loin de l&rsquo;Atlantide<\/strong><\/em> est un livre compos\u00e9 de textes, de photographies et de chansons \u00e0 \u00e9couter en direct sur son smartphone, gr\u00e2ce \u00e0 des QRcodes. \u00c9crivain et journaliste, Philippe Monnier nous invite \u00e0 une balade au coeur des mots, l\u00e0 o\u00f9 les id\u00e9es prennent forme entre les lignes, douces m\u00e9lodies de l&rsquo;\u00e2me. Il esquisse des notes qui nous entra\u00eenent loin de la r\u00e9alit\u00e9, dans des univers cotonneux, balay\u00e9s par la douce brise de l&rsquo;espoir. Aux antipodes du d\u00e9veloppement personnel et de ses gourous stupides, <em><strong>Si loin de l&rsquo;Atlantide<\/strong><\/em> est une ode \u00e0 la vie, aux joies simples et au bonheur fugace qu&rsquo;il suffit de cueillir.<\/p>\n<h3>Philippe Monnier, \u00e9crivain et journaliste<\/h3>\n<p>Passionn\u00e9 de musique, Philippe Monnier a suivi des \u00e9tudes de lettres, avant de bifurquer dans la communication et le marketing. Anim\u00e9 par la curiosit\u00e9, l&rsquo;ouverture aux autres et l&rsquo;irr\u00e9pressible envie de cr\u00e9er, Philippe Monnier a collabor\u00e9 \u00e0 de nombreux projets artistiques et professionnels dans le domaine de l&rsquo;\u00e9v\u00e8nementiel, la musique, le spectacle et l&rsquo;\u00e9criture. Auteur des livres pour enfants \u00e0 succ\u00e8s \u00ab\u00a0<a href=\"https:\/\/editions-la-californie.fr\/californie\/index.php\/produit\/le-hamster-damsterdam-de-philippe-monnier-et-elena-blondeau-livre-broche\/\" target=\"_blank\" rel=\"noopener\">Le hamster d&rsquo;Amsterdam<\/a>\u00a0\u00bb et \u00ab\u00a0<a href=\"https:\/\/editions-la-californie.fr\/californie\/index.php\/produit\/le-roquetn-roll-de-philippe-monnier-et-elena-blondeau-livre-broche\/\" target=\"_blank\" rel=\"noopener\">Le roquet&rsquo;n roll<\/a>\u00ab\u00a0, il anime des ateliers d&rsquo;\u00e9criture destin\u00e9s aux adultes, aux adolescents et aux enfants en rupture scolaire.<\/p>\n<h3>Un avant-go\u00fbt de \u00ab\u00a0Si loin de l&rsquo;Atlantide\u00a0\u00bb de Philippe Monnier<\/h3>\n<p><em data-redactor-tag=\"em\">Rien ne dure jamais.<br \/>\nTout finit par s\u2019estomper dans les brumes de l\u2019oubli. La rugosit\u00e9 douloureuse des souvenirs, les remords et les regrets, la rancoeur d\u00e9vorante. Et puis il y a les dialogues de l\u2019\u00e2me, toutes ces pens\u00e9es qui se seraient perdues dans le vent du soir, si je n\u2019avais d\u00e9cid\u00e9 de les rattraper pour les consigner dans ce recueil.<br \/>\nChaque jour est une odyss\u00e9e ponctu\u00e9e de r\u00e9flexions, de bonheur et d\u2019amour. Tant\u00f4t pragmatiques, tant\u00f4t po\u00e9tiques, les textes, chansons et photos publi\u00e9s dans cet ouvrage vous guident vers un ailleurs. Laissez-vous porter au gr\u00e9 des vagues et scrutez l\u2019horizon : l\u2019Atlantide vous attend. Quelque part.<br \/>\nPeut-\u00eatre percevrez-vous alors, au fil des pages, le tumulte d\u2019une r\u00e9alit\u00e9 chaotique qui laisse, peu \u00e0 peu, la place au chuchotement d\u2019un esprit universel.<br \/>\nRien ne dure jamais.<br \/>\nSauf l\u2019amour. <\/em><\/p>\n<p>Livre broch\u00e9 144 pages, format 21&#215;14,8cm, impression haut-de-gamme avec pelliculage <em data-redactor-tag=\"em\">soft touch<\/em>.<br \/>\nAuteur : Philippe Monnier<br \/>\nISBN : 978-2-493618-05-4<\/p>\n<h3>Vu dans la presse !<\/h3>\n<p><img decoding=\"async\" src=\"https:\/\/s3.amazonaws.com\/images.ecwid.com\/images\/wysiwyg\/product\/68448869\/465168134\/1662192554157-1627025223\/l_atlantide_philippe_monnier_article_l_alsace_jpg\" data-verified=\"redactor\" \/><\/p>\n<h3>Nos lecteurs en parlent<\/h3>\n<p><img decoding=\"async\" src=\"https:\/\/s3.amazonaws.com\/images.ecwid.com\/images\/wysiwyg\/product\/68448869\/465168134\/1662192660463-1046271032\/Si_loin_de_l_atlantide_avis_2_jpg\" data-verified=\"redactor\" \/><\/p>\n<p><img decoding=\"async\" src=\"https:\/\/s3.amazonaws.com\/images.ecwid.com\/images\/wysiwyg\/product\/68448869\/465168134\/1662192676095-1175953954\/Si_loin_de_l_atlantide_avis_3_jpg\" data-verified=\"redactor\" \/><\/p>\n<p><img decoding=\"async\" src=\"https:\/\/s3.amazonaws.com\/images.ecwid.com\/images\/wysiwyg\/product\/68448869\/465168134\/16621926220041347455206\/Si_loin_de_l_atlantide_avis_1_jpg\" data-verified=\"redactor\" \/><\/p>\n<p><img decoding=\"async\" src=\"https:\/\/s3.amazonaws.com\/images.ecwid.com\/images\/wysiwyg\/product\/68448869\/465168134\/1662192691390-558136107\/Si_loin_de_l_atlantide_avis_4_jpg\" data-verified=\"redactor\" \/><\/p>\n<p>&nbsp;<\/p>\n<p>Imagin\u00e9 et cr\u00e9\u00e9 en Alsace. Imprim\u00e9 en France.<\/p>\n<p>\u00c9ditions La Californie, \u00e9diteur de talents en Alsace \u00e0 Saint-Louis, Mulhouse, Strasbourg et Colmar.<\/p>\n","protected":false},"excerpt":{"rendered":"<p><em><strong>Si loin de l&rsquo;Atlantide<\/strong><\/em> est une odyss\u00e9e po\u00e9tique en mots, images et musique qui m\u00e8ne le lecteur dans des pens\u00e9es, des r\u00eaveries ou des voyages oniriques.<\/p>\n","protected":false},"featured_media":162,"comment_status":"open","ping_status":"closed","template":"","meta":[],"product_brand":[],"product_cat":[17,16],"product_tag":[22,47,39,44,46,43,27,45,42],"class_list":{"0":"post-152","1":"product","2":"type-product","3":"status-publish","4":"has-post-thumbnail","6":"product_cat-les-livres-qui-font-du-bien","7":"product_cat-livres","8":"product_tag-editions-la-californie","9":"product_tag-la-californie-en-alsace","10":"product_tag-les-livres-qui-font-du-bien","11":"product_tag-livre-de-developpement-personnel","12":"product_tag-livre-musical","13":"product_tag-mythe-de-latlantide","14":"product_tag-philippe-monnier-ecrivain","15":"product_tag-philippe-monnier-ecrivain-en-alsace","16":"product_tag-si-loin-de-latlantide","18":"first","19":"instock","20":"taxable","21":"shipping-taxable","22":"purchasable","23":"product-type-simple"},"yoast_head":"<!-- This site is optimized with the Yoast SEO plugin v27.5 - https:\/\/yoast.com\/product\/yoast-seo-wordpress\/ -->\n<title>Si loin de l&#039;Atlantide, l&#039;odyss\u00e9e multisensorielle de Philippe Monnier<\/title>\n<meta name=\"description\" content=\"Si loin de l&#039;Atlantide est une odyss\u00e9e po\u00e9tique en mots, images et musique qui m\u00e8ne le lecteur dans des pens\u00e9es, des r\u00eaveries ou des voyages oniriques.\" \/>\n<meta name=\"robots\" content=\"index, follow, max-snippet:-1, max-image-preview:large, max-video-preview:-1\" \/>\n<link rel=\"canonical\" href=\"https:\/\/editions-la-californie.fr\/californie\/index.php\/produit\/si-loin-de-latlantide-de-philippe-monnier-livre-broche\/\" \/>\n<meta property=\"og:locale\" content=\"fr_FR\" \/>\n<meta property=\"og:type\" content=\"article\" \/>\n<meta property=\"og:title\" content=\"Si loin de l&#039;Atlantide, l&#039;odyss\u00e9e multisensorielle de Philippe Monnier\" \/>\n<meta property=\"og:description\" content=\"Si loin de l&#039;Atlantide est une odyss\u00e9e po\u00e9tique en mots, images et musique qui m\u00e8ne le lecteur dans des pens\u00e9es, des r\u00eaveries ou des voyages oniriques.\" \/>\n<meta property=\"og:url\" content=\"https:\/\/editions-la-californie.fr\/californie\/index.php\/produit\/si-loin-de-latlantide-de-philippe-monnier-livre-broche\/\" \/>\n<meta property=\"og:site_name\" content=\"\u00c9ditions La Californie, boutique en ligne\" \/>\n<meta property=\"article:publisher\" content=\"https:\/\/www.facebook.com\/editionslacalifornie\" \/>\n<meta property=\"article:modified_time\" content=\"2026-04-02T10:00:25+00:00\" \/>\n<meta property=\"og:image\" content=\"https:\/\/editions-la-californie.fr\/californie\/wp-content\/uploads\/2023\/11\/si-loin-de-l-atlantide-philippe-monnier.jpg\" \/>\n\t<meta property=\"og:image:width\" content=\"1000\" \/>\n\t<meta property=\"og:image:height\" content=\"1000\" \/>\n\t<meta property=\"og:image:type\" content=\"image\/jpeg\" \/>\n<meta name=\"twitter:card\" content=\"summary_large_image\" \/>\n<meta name=\"twitter:site\" content=\"@edilacalifornie\" \/>\n<meta name=\"twitter:label1\" content=\"Dur\u00e9e de lecture estim\u00e9e\" \/>\n\t<meta name=\"twitter:data1\" content=\"4 minutes\" \/>\n<script type=\"application\/ld+json\" class=\"yoast-schema-graph\">{\"@context\":\"https:\\\/\\\/schema.org\",\"@graph\":[{\"@type\":\"WebPage\",\"@id\":\"https:\\\/\\\/editions-la-californie.fr\\\/californie\\\/index.php\\\/produit\\\/si-loin-de-latlantide-de-philippe-monnier-livre-broche\\\/\",\"url\":\"https:\\\/\\\/editions-la-californie.fr\\\/californie\\\/index.php\\\/produit\\\/si-loin-de-latlantide-de-philippe-monnier-livre-broche\\\/\",\"name\":\"Si loin de l'Atlantide, l'odyss\u00e9e multisensorielle de Philippe Monnier\",\"isPartOf\":{\"@id\":\"https:\\\/\\\/editions-la-californie.fr\\\/californie\\\/#website\"},\"primaryImageOfPage\":{\"@id\":\"https:\\\/\\\/editions-la-californie.fr\\\/californie\\\/index.php\\\/produit\\\/si-loin-de-latlantide-de-philippe-monnier-livre-broche\\\/#primaryimage\"},\"image\":{\"@id\":\"https:\\\/\\\/editions-la-californie.fr\\\/californie\\\/index.php\\\/produit\\\/si-loin-de-latlantide-de-philippe-monnier-livre-broche\\\/#primaryimage\"},\"thumbnailUrl\":\"https:\\\/\\\/editions-la-californie.fr\\\/californie\\\/wp-content\\\/uploads\\\/2023\\\/11\\\/si-loin-de-l-atlantide-philippe-monnier.jpg\",\"datePublished\":\"2023-11-13T15:30:51+00:00\",\"dateModified\":\"2026-04-02T10:00:25+00:00\",\"description\":\"Si loin de l'Atlantide est une odyss\u00e9e po\u00e9tique en mots, images et musique qui m\u00e8ne le lecteur dans des pens\u00e9es, des r\u00eaveries ou des voyages oniriques.\",\"breadcrumb\":{\"@id\":\"https:\\\/\\\/editions-la-californie.fr\\\/californie\\\/index.php\\\/produit\\\/si-loin-de-latlantide-de-philippe-monnier-livre-broche\\\/#breadcrumb\"},\"inLanguage\":\"fr-FR\",\"potentialAction\":[{\"@type\":\"ReadAction\",\"target\":[\"https:\\\/\\\/editions-la-californie.fr\\\/californie\\\/index.php\\\/produit\\\/si-loin-de-latlantide-de-philippe-monnier-livre-broche\\\/\"]}]},{\"@type\":\"ImageObject\",\"inLanguage\":\"fr-FR\",\"@id\":\"https:\\\/\\\/editions-la-californie.fr\\\/californie\\\/index.php\\\/produit\\\/si-loin-de-latlantide-de-philippe-monnier-livre-broche\\\/#primaryimage\",\"url\":\"https:\\\/\\\/editions-la-californie.fr\\\/californie\\\/wp-content\\\/uploads\\\/2023\\\/11\\\/si-loin-de-l-atlantide-philippe-monnier.jpg\",\"contentUrl\":\"https:\\\/\\\/editions-la-californie.fr\\\/californie\\\/wp-content\\\/uploads\\\/2023\\\/11\\\/si-loin-de-l-atlantide-philippe-monnier.jpg\",\"width\":1000,\"height\":1000,\"caption\":\"Si loin de l'Atlantide, une odyss\u00e9e po\u00e9tique en mots, images et musique orchestr\u00e9e par Philippe Monnier, \u00e9crivain et musicien. Livre broch\u00e9 paru aux \u00c9ditions La Californie, en Alsace.\"},{\"@type\":\"BreadcrumbList\",\"@id\":\"https:\\\/\\\/editions-la-californie.fr\\\/californie\\\/index.php\\\/produit\\\/si-loin-de-latlantide-de-philippe-monnier-livre-broche\\\/#breadcrumb\",\"itemListElement\":[{\"@type\":\"ListItem\",\"position\":1,\"name\":\"Accueil\",\"item\":\"https:\\\/\\\/editions-la-californie.fr\\\/californie\\\/\"},{\"@type\":\"ListItem\",\"position\":2,\"name\":\"Boutique en ligne des \u00c9ditions La Californie\",\"item\":\"https:\\\/\\\/editions-la-californie.fr\\\/californie\\\/\"},{\"@type\":\"ListItem\",\"position\":3,\"name\":\"Si loin de l&#8217;Atlantide, de Philippe Monnier, livre broch\u00e9\"}]},{\"@type\":\"WebSite\",\"@id\":\"https:\\\/\\\/editions-la-californie.fr\\\/californie\\\/#website\",\"url\":\"https:\\\/\\\/editions-la-californie.fr\\\/californie\\\/\",\"name\":\"\u00c9ditions La Californie, boutique en ligne\",\"description\":\"Offrez(-vous) des livres imagin\u00e9s, cr\u00e9\u00e9s et illustr\u00e9s en Alsace\",\"publisher\":{\"@id\":\"https:\\\/\\\/editions-la-californie.fr\\\/californie\\\/#organization\"},\"potentialAction\":[{\"@type\":\"SearchAction\",\"target\":{\"@type\":\"EntryPoint\",\"urlTemplate\":\"https:\\\/\\\/editions-la-californie.fr\\\/californie\\\/?s={search_term_string}\"},\"query-input\":{\"@type\":\"PropertyValueSpecification\",\"valueRequired\":true,\"valueName\":\"search_term_string\"}}],\"inLanguage\":\"fr-FR\"},{\"@type\":\"Organization\",\"@id\":\"https:\\\/\\\/editions-la-californie.fr\\\/californie\\\/#organization\",\"name\":\"\u00c9ditions La Californie\",\"url\":\"https:\\\/\\\/editions-la-californie.fr\\\/californie\\\/\",\"logo\":{\"@type\":\"ImageObject\",\"inLanguage\":\"fr-FR\",\"@id\":\"https:\\\/\\\/editions-la-californie.fr\\\/californie\\\/#\\\/schema\\\/logo\\\/image\\\/\",\"url\":\"https:\\\/\\\/editions-la-californie.fr\\\/californie\\\/wp-content\\\/uploads\\\/2023\\\/11\\\/cropped-logo-editions-la-californie-alsace-boutique.png\",\"contentUrl\":\"https:\\\/\\\/editions-la-californie.fr\\\/californie\\\/wp-content\\\/uploads\\\/2023\\\/11\\\/cropped-logo-editions-la-californie-alsace-boutique.png\",\"width\":522,\"height\":122,\"caption\":\"\u00c9ditions La Californie\"},\"image\":{\"@id\":\"https:\\\/\\\/editions-la-californie.fr\\\/californie\\\/#\\\/schema\\\/logo\\\/image\\\/\"},\"sameAs\":[\"https:\\\/\\\/www.facebook.com\\\/editionslacalifornie\",\"https:\\\/\\\/x.com\\\/edilacalifornie\",\"https:\\\/\\\/www.instagram.com\\\/editionslacalifornie\"]}]}<\/script>\n<!-- \/ Yoast SEO plugin. -->","yoast_head_json":{"title":"Si loin de l'Atlantide, l'odyss\u00e9e multisensorielle de Philippe Monnier","description":"Si loin de l'Atlantide est une odyss\u00e9e po\u00e9tique en mots, images et musique qui m\u00e8ne le lecteur dans des pens\u00e9es, des r\u00eaveries ou des voyages oniriques.","robots":{"index":"index","follow":"follow","max-snippet":"max-snippet:-1","max-image-preview":"max-image-preview:large","max-video-preview":"max-video-preview:-1"},"canonical":"https:\/\/editions-la-californie.fr\/californie\/index.php\/produit\/si-loin-de-latlantide-de-philippe-monnier-livre-broche\/","og_locale":"fr_FR","og_type":"article","og_title":"Si loin de l'Atlantide, l'odyss\u00e9e multisensorielle de Philippe Monnier","og_description":"Si loin de l'Atlantide est une odyss\u00e9e po\u00e9tique en mots, images et musique qui m\u00e8ne le lecteur dans des pens\u00e9es, des r\u00eaveries ou des voyages oniriques.","og_url":"https:\/\/editions-la-californie.fr\/californie\/index.php\/produit\/si-loin-de-latlantide-de-philippe-monnier-livre-broche\/","og_site_name":"\u00c9ditions La Californie, boutique en ligne","article_publisher":"https:\/\/www.facebook.com\/editionslacalifornie","article_modified_time":"2026-04-02T10:00:25+00:00","og_image":[{"width":1000,"height":1000,"url":"https:\/\/editions-la-californie.fr\/californie\/wp-content\/uploads\/2023\/11\/si-loin-de-l-atlantide-philippe-monnier.jpg","type":"image\/jpeg"}],"twitter_card":"summary_large_image","twitter_site":"@edilacalifornie","twitter_misc":{"Dur\u00e9e de lecture estim\u00e9e":"4 minutes"},"schema":{"@context":"https:\/\/schema.org","@graph":[{"@type":"WebPage","@id":"https:\/\/editions-la-californie.fr\/californie\/index.php\/produit\/si-loin-de-latlantide-de-philippe-monnier-livre-broche\/","url":"https:\/\/editions-la-californie.fr\/californie\/index.php\/produit\/si-loin-de-latlantide-de-philippe-monnier-livre-broche\/","name":"Si loin de l'Atlantide, l'odyss\u00e9e multisensorielle de Philippe Monnier","isPartOf":{"@id":"https:\/\/editions-la-californie.fr\/californie\/#website"},"primaryImageOfPage":{"@id":"https:\/\/editions-la-californie.fr\/californie\/index.php\/produit\/si-loin-de-latlantide-de-philippe-monnier-livre-broche\/#primaryimage"},"image":{"@id":"https:\/\/editions-la-californie.fr\/californie\/index.php\/produit\/si-loin-de-latlantide-de-philippe-monnier-livre-broche\/#primaryimage"},"thumbnailUrl":"https:\/\/editions-la-californie.fr\/californie\/wp-content\/uploads\/2023\/11\/si-loin-de-l-atlantide-philippe-monnier.jpg","datePublished":"2023-11-13T15:30:51+00:00","dateModified":"2026-04-02T10:00:25+00:00","description":"Si loin de l'Atlantide est une odyss\u00e9e po\u00e9tique en mots, images et musique qui m\u00e8ne le lecteur dans des pens\u00e9es, des r\u00eaveries ou des voyages oniriques.","breadcrumb":{"@id":"https:\/\/editions-la-californie.fr\/californie\/index.php\/produit\/si-loin-de-latlantide-de-philippe-monnier-livre-broche\/#breadcrumb"},"inLanguage":"fr-FR","potentialAction":[{"@type":"ReadAction","target":["https:\/\/editions-la-californie.fr\/californie\/index.php\/produit\/si-loin-de-latlantide-de-philippe-monnier-livre-broche\/"]}]},{"@type":"ImageObject","inLanguage":"fr-FR","@id":"https:\/\/editions-la-californie.fr\/californie\/index.php\/produit\/si-loin-de-latlantide-de-philippe-monnier-livre-broche\/#primaryimage","url":"https:\/\/editions-la-californie.fr\/californie\/wp-content\/uploads\/2023\/11\/si-loin-de-l-atlantide-philippe-monnier.jpg","contentUrl":"https:\/\/editions-la-californie.fr\/californie\/wp-content\/uploads\/2023\/11\/si-loin-de-l-atlantide-philippe-monnier.jpg","width":1000,"height":1000,"caption":"Si loin de l'Atlantide, une odyss\u00e9e po\u00e9tique en mots, images et musique orchestr\u00e9e par Philippe Monnier, \u00e9crivain et musicien. Livre broch\u00e9 paru aux \u00c9ditions La Californie, en Alsace."},{"@type":"BreadcrumbList","@id":"https:\/\/editions-la-californie.fr\/californie\/index.php\/produit\/si-loin-de-latlantide-de-philippe-monnier-livre-broche\/#breadcrumb","itemListElement":[{"@type":"ListItem","position":1,"name":"Accueil","item":"https:\/\/editions-la-californie.fr\/californie\/"},{"@type":"ListItem","position":2,"name":"Boutique en ligne des \u00c9ditions La Californie","item":"https:\/\/editions-la-californie.fr\/californie\/"},{"@type":"ListItem","position":3,"name":"Si loin de l&#8217;Atlantide, de Philippe Monnier, livre broch\u00e9"}]},{"@type":"WebSite","@id":"https:\/\/editions-la-californie.fr\/californie\/#website","url":"https:\/\/editions-la-californie.fr\/californie\/","name":"\u00c9ditions La Californie, boutique en ligne","description":"Offrez(-vous) des livres imagin\u00e9s, cr\u00e9\u00e9s et illustr\u00e9s en Alsace","publisher":{"@id":"https:\/\/editions-la-californie.fr\/californie\/#organization"},"potentialAction":[{"@type":"SearchAction","target":{"@type":"EntryPoint","urlTemplate":"https:\/\/editions-la-californie.fr\/californie\/?s={search_term_string}"},"query-input":{"@type":"PropertyValueSpecification","valueRequired":true,"valueName":"search_term_string"}}],"inLanguage":"fr-FR"},{"@type":"Organization","@id":"https:\/\/editions-la-californie.fr\/californie\/#organization","name":"\u00c9ditions La Californie","url":"https:\/\/editions-la-californie.fr\/californie\/","logo":{"@type":"ImageObject","inLanguage":"fr-FR","@id":"https:\/\/editions-la-californie.fr\/californie\/#\/schema\/logo\/image\/","url":"https:\/\/editions-la-californie.fr\/californie\/wp-content\/uploads\/2023\/11\/cropped-logo-editions-la-californie-alsace-boutique.png","contentUrl":"https:\/\/editions-la-californie.fr\/californie\/wp-content\/uploads\/2023\/11\/cropped-logo-editions-la-californie-alsace-boutique.png","width":522,"height":122,"caption":"\u00c9ditions La Californie"},"image":{"@id":"https:\/\/editions-la-californie.fr\/californie\/#\/schema\/logo\/image\/"},"sameAs":["https:\/\/www.facebook.com\/editionslacalifornie","https:\/\/x.com\/edilacalifornie","https:\/\/www.instagram.com\/editionslacalifornie"]}]}},"jetpack_sharing_enabled":true,"_links":{"self":[{"href":"https:\/\/editions-la-californie.fr\/californie\/index.php\/wp-json\/wp\/v2\/product\/152","targetHints":{"allow":["GET"]}}],"collection":[{"href":"https:\/\/editions-la-californie.fr\/californie\/index.php\/wp-json\/wp\/v2\/product"}],"about":[{"href":"https:\/\/editions-la-californie.fr\/californie\/index.php\/wp-json\/wp\/v2\/types\/product"}],"replies":[{"embeddable":true,"href":"https:\/\/editions-la-californie.fr\/californie\/index.php\/wp-json\/wp\/v2\/comments?post=152"}],"wp:featuredmedia":[{"embeddable":true,"href":"https:\/\/editions-la-californie.fr\/californie\/index.php\/wp-json\/wp\/v2\/media\/162"}],"wp:attachment":[{"href":"https:\/\/editions-la-californie.fr\/californie\/index.php\/wp-json\/wp\/v2\/media?parent=152"}],"wp:term":[{"taxonomy":"product_brand","embeddable":true,"href":"https:\/\/editions-la-californie.fr\/californie\/index.php\/wp-json\/wp\/v2\/product_brand?post=152"},{"taxonomy":"product_cat","embeddable":true,"href":"https:\/\/editions-la-californie.fr\/californie\/index.php\/wp-json\/wp\/v2\/product_cat?post=152"},{"taxonomy":"product_tag","embeddable":true,"href":"https:\/\/editions-la-californie.fr\/californie\/index.php\/wp-json\/wp\/v2\/product_tag?post=152"}],"curies":[{"name":"wp","href":"https:\/\/api.w.org\/{rel}","templated":true}]}}