{"id":195,"date":"2024-04-20T16:51:33","date_gmt":"2024-04-20T14:51:33","guid":{"rendered":"https:\/\/editions-la-californie.fr\/californie\/?post_type=product&#038;p=195"},"modified":"2026-04-07T18:25:46","modified_gmt":"2026-04-07T16:25:46","slug":"le-lama-de-lima-de-philippe-monnier-et-elena-blondeau-livre-relie","status":"publish","type":"product","link":"https:\/\/editions-la-californie.fr\/californie\/index.php\/produit\/le-lama-de-lima-de-philippe-monnier-et-elena-blondeau-livre-relie\/","title":{"rendered":"_Le lama de Lima, de Philippe Monnier et \u00c9l\u00e9na Blondeau, livre reli\u00e9"},"content":{"rendered":"<h3>LE LAMA DE LIMA &#8211; l&rsquo;aventure tr\u00e9pidante et d\u00e9lirante qui vous m\u00e8ne sur les traces de la past\u00e8que azt\u00e8que, au coeur de la Cordill\u00e8re des Andes!<\/h3>\n<p>Apr\u00e8s le succ\u00e8s des livres jeunesse <strong><a href=\"https:\/\/editions-la-californie.fr\/californie\/index.php\/produit\/le-hamster-damsterdam-de-philippe-monnier-et-elena-blondeau-livre-broche\/\">Le hamster d&rsquo;Amsterdam<\/a><\/strong> et <strong><a href=\"https:\/\/editions-la-californie.fr\/californie\/index.php\/produit\/le-roquetn-roll-de-philippe-monnier-et-elena-blondeau-livre-broche\/\">Le roquet&rsquo;n roll<\/a><\/strong>,\u00a0 <strong data-redactor-tag=\"strong\"><em data-redactor-tag=\"em\">Les Animuchachos<\/em><\/strong> reviennent avec une aventure tr\u00e9pidante : Le lama de Lima.<\/p>\n<p>Auteur : Philippe Monnier, \u00e9crivain.<br \/>\nIllustratrice : El\u00e9na Blondeau, aquarelliste.<\/p>\n<h2>Pr\u00e9sentation du livre<\/h2>\n<p>\u00c0 midi pile, le 12 avril, une myst\u00e9rieuse lettre fut post\u00e9e en 6 exemplaires \u00e0 divers destinataires, dans une bo\u00eete aux lettres de Lima, au P\u00e9rou. Dix jours plus tard, de l\u2019autre c\u00f4t\u00e9 de la Terre, les sept myst\u00e9rieux destinataires re\u00e7urent une dr\u00f4le d\u2019enveloppe au courrier du jour. Chacun s\u2019empressa de l\u2019ouvrir pour d\u00e9couvrir un bien \u00e9trange message \u00e9crit d\u2019une patte experte \u00e0 l\u2019encre verte :<\/p>\n<p>\u00ab\u00a0Les amis j\u2019ai besoin de vous &#8211; rendez-vous au P\u00e9rou !\u00a0\u00bb<\/p>\n<p>Ainsi d\u00e9bute cette fabuleuse histoire qui m\u00e8nera le lama de Lima et son ami, lehamster d&rsquo;Amsterdam, sur les traces de la past\u00e8que azt\u00e8que.<\/p>\n<h4>Le positionnement<\/h4>\n<p>Avec des textes bourr\u00e9s d&rsquo;humour et de subtilit\u00e9 et de magnifiques illustrations \u00e0 l&rsquo;aquarelle, <em data-redactor-tag=\"em\">Le lama de Lima <\/em>est un livre qui fait la part belle \u00e0 l&rsquo;amiti\u00e9, la bienveillance, la rigolade et&#8230; l&rsquo;aventure !<\/p>\n<h4>Pour qui ?<\/h4>\n<p>Comme ses pr\u00e9d\u00e9cesseurs <a href=\"https:\/\/editions-la-californie.fr\/californie\/index.php\/produit\/le-hamster-damsterdam-de-philippe-monnier-et-elena-blondeau-livre-broche\/\"><strong><em data-redactor-tag=\"em\">Le hamster d&rsquo;Amsterdam <\/em><\/strong><\/a>et <em data-redactor-tag=\"em\"><a href=\"https:\/\/editions-la-californie.fr\/californie\/index.php\/produit\/le-roquetn-roll-de-philippe-monnier-et-elena-blondeau-livre-broche\/\"><strong>Le roquet&rsquo;n roll<\/strong><\/a>, Le lama de Lima<\/em> pr\u00e9sente plusieurs niveaux de lecture. Ainsi, les petits savoureront la musicalit\u00e9 des mots de cette dr\u00f4le d\u2019aventure racont\u00e9e par un adulte. Les plus grands appr\u00e9cieront un r\u00e9cit cocasse, aux multiples rebondissements! Les adultes saisiront, quant \u00e0 eux, les subtilit\u00e9s et l\u2019intelligence d\u2019une plume cr\u00e9ative.<\/p>\n<h2>Informations techniques<\/h2>\n<p>Livre broch\u00e9 48 pages, format 21&#215;29,7cm, impression haut-de-gamme avec pelliculage <em data-redactor-tag=\"em\">soft touch<\/em>.<\/p>\n<p>Imagin\u00e9 et cr\u00e9\u00e9 en Alsace.<br \/>\n<a href=\"https:\/\/editions-la-californie.fr\/\" target=\"_blank\" rel=\"noopener\">\u00c9ditions La Californie<\/a>, \u00e9diteur de talents en Alsace \u00e0 Saint-Louis, Mulhouse, Strasbourg et Colmar.<\/p>\n<h3>Soutenez la cr\u00e9ation culturelle alsacienne<\/h3>\n<p>Ajoutez \u00e0 votre commande un autre ouvrage cr\u00e9\u00e9 en Alsace :<\/p>\n<ul>\n<li><a href=\"https:\/\/editions-la-californie.fr\/californie\/index.php\/produit\/si-loin-de-latlantide-de-philippe-monnier-livre-broche\/\">Si loin de l&rsquo;Atlantide<\/a>, un voyages en mots, images et musique de Philippe Monnier<\/li>\n<li><a href=\"https:\/\/editions-la-californie.fr\/californie\/index.php\/produit\/la-nutritherhappy-manger-mieux-ca-rend-heureux-vanessa-ritter-livre-broche\/\" target=\"_blank\" rel=\"noopener\">La nutrith\u00e9rHAPPY!<\/a> : manger mieux, \u00e7a rend heureux de Vanessa Ritter<\/li>\n<li><a href=\"https:\/\/editions-la-californie.fr\/californie\/index.php\/produit\/le-hamster-damsterdam-de-philippe-monnier-et-elena-blondeau-livre-broche\/\">Le hamster d&rsquo;Amsterdam<\/a>, premier volume des Animuchachos de Philippe Monnier et El\u00e9na Blondeau<\/li>\n<\/ul>\n<p><strong data-redactor-tag=\"strong\">La livraison est offerte \u00e0 partir de 36-euros<\/strong>, alors : PROFITEZ-EN!<\/p>\n<p>Imagin\u00e9, cr\u00e9\u00e9 et dessin\u00e9 en Alsace.<\/p>\n<p>Une question ? <a href=\"https:\/\/editions-la-californie.fr\/californie\/index.php\/contactez-les-editions-la-californie-boutique-en-ligne-de-livres\/\">CONTACTEZ-NOUS !<\/a><\/p>\n","protected":false},"excerpt":{"rendered":"<p><strong><em>Le lama de Lima <\/em><\/strong>est un livre pour enfants dr\u00f4le et subtil, illustr\u00e9 \u00e0 l&rsquo;aquarelle, qui c\u00e9l\u00e8bre l&rsquo;amiti\u00e9, la bienveillance, la rigolade et&#8230; l&rsquo;aventure !<\/p>\n","protected":false},"featured_media":421,"comment_status":"open","ping_status":"closed","template":"","meta":[],"product_brand":[],"product_cat":[24,16],"product_tag":[59,25,29,22,28,30,26,52,58,27],"class_list":{"0":"post-195","1":"product","2":"type-product","3":"status-publish","4":"has-post-thumbnail","6":"product_cat-les-animuchachos","7":"product_cat-livres","8":"product_tag-alsace","9":"product_tag-animuchachos","10":"product_tag-editeur-en-alsace","11":"product_tag-editions-la-californie","12":"product_tag-elena-blondeau-aquarelle","13":"product_tag-la-limace-dalsace","14":"product_tag-le-hamster-damsterdam","15":"product_tag-le-lama-de-lima","16":"product_tag-livre-jeunesse","17":"product_tag-philippe-monnier-ecrivain","19":"first","20":"instock","21":"taxable","22":"shipping-taxable","23":"purchasable","24":"product-type-simple"},"yoast_head":"<!-- This site is optimized with the Yoast SEO plugin v27.4 - https:\/\/yoast.com\/product\/yoast-seo-wordpress\/ -->\n<title>Le lama de Lima, un livre de P. Monnier et E. Blondeau<\/title>\n<meta name=\"description\" content=\"Le lama de Lima est un livre pour enfants dr\u00f4le et subtil, illustr\u00e9 \u00e0 l&#039;aquarelle, qui c\u00e9l\u00e8bre l&#039;amiti\u00e9, la bienveillance, la rigolade et l&#039;aventure !\" \/>\n<meta name=\"robots\" content=\"index, follow, max-snippet:-1, max-image-preview:large, max-video-preview:-1\" \/>\n<link rel=\"canonical\" href=\"https:\/\/editions-la-californie.fr\/californie\/index.php\/produit\/le-lama-de-lima-de-philippe-monnier-et-elena-blondeau-livre-relie\/\" \/>\n<meta property=\"og:locale\" content=\"fr_FR\" \/>\n<meta property=\"og:type\" content=\"article\" \/>\n<meta property=\"og:title\" content=\"Le lama de Lima, un livre de P. Monnier et E. Blondeau\" \/>\n<meta property=\"og:description\" content=\"Le lama de Lima est un livre pour enfants dr\u00f4le et subtil, illustr\u00e9 \u00e0 l&#039;aquarelle, qui c\u00e9l\u00e8bre l&#039;amiti\u00e9, la bienveillance, la rigolade et l&#039;aventure !\" \/>\n<meta property=\"og:url\" content=\"https:\/\/editions-la-californie.fr\/californie\/index.php\/produit\/le-lama-de-lima-de-philippe-monnier-et-elena-blondeau-livre-relie\/\" \/>\n<meta property=\"og:site_name\" content=\"\u00c9ditions La Californie, boutique en ligne\" \/>\n<meta property=\"article:publisher\" content=\"https:\/\/www.facebook.com\/editionslacalifornie\" \/>\n<meta property=\"article:modified_time\" content=\"2026-04-07T16:25:46+00:00\" \/>\n<meta property=\"og:image\" content=\"https:\/\/editions-la-californie.fr\/californie\/wp-content\/uploads\/2024\/01\/Le-lama-de-Lima-philippe-monnier-elena-blondeau.jpg\" \/>\n\t<meta property=\"og:image:width\" content=\"800\" \/>\n\t<meta property=\"og:image:height\" content=\"576\" \/>\n\t<meta property=\"og:image:type\" content=\"image\/jpeg\" \/>\n<meta name=\"twitter:card\" content=\"summary_large_image\" \/>\n<meta name=\"twitter:site\" content=\"@edilacalifornie\" \/>\n<meta name=\"twitter:label1\" content=\"Dur\u00e9e de lecture estim\u00e9e\" \/>\n\t<meta name=\"twitter:data1\" content=\"3 minutes\" \/>\n<script type=\"application\/ld+json\" class=\"yoast-schema-graph\">{\"@context\":\"https:\\\/\\\/schema.org\",\"@graph\":[{\"@type\":\"WebPage\",\"@id\":\"https:\\\/\\\/editions-la-californie.fr\\\/californie\\\/index.php\\\/produit\\\/le-lama-de-lima-de-philippe-monnier-et-elena-blondeau-livre-relie\\\/\",\"url\":\"https:\\\/\\\/editions-la-californie.fr\\\/californie\\\/index.php\\\/produit\\\/le-lama-de-lima-de-philippe-monnier-et-elena-blondeau-livre-relie\\\/\",\"name\":\"Le lama de Lima, un livre de P. Monnier et E. Blondeau\",\"isPartOf\":{\"@id\":\"https:\\\/\\\/editions-la-californie.fr\\\/californie\\\/#website\"},\"primaryImageOfPage\":{\"@id\":\"https:\\\/\\\/editions-la-californie.fr\\\/californie\\\/index.php\\\/produit\\\/le-lama-de-lima-de-philippe-monnier-et-elena-blondeau-livre-relie\\\/#primaryimage\"},\"image\":{\"@id\":\"https:\\\/\\\/editions-la-californie.fr\\\/californie\\\/index.php\\\/produit\\\/le-lama-de-lima-de-philippe-monnier-et-elena-blondeau-livre-relie\\\/#primaryimage\"},\"thumbnailUrl\":\"https:\\\/\\\/editions-la-californie.fr\\\/californie\\\/wp-content\\\/uploads\\\/2024\\\/01\\\/Le-lama-de-Lima-philippe-monnier-elena-blondeau.jpg\",\"datePublished\":\"2024-04-20T14:51:33+00:00\",\"dateModified\":\"2026-04-07T16:25:46+00:00\",\"description\":\"Le lama de Lima est un livre pour enfants dr\u00f4le et subtil, illustr\u00e9 \u00e0 l'aquarelle, qui c\u00e9l\u00e8bre l'amiti\u00e9, la bienveillance, la rigolade et l'aventure !\",\"breadcrumb\":{\"@id\":\"https:\\\/\\\/editions-la-californie.fr\\\/californie\\\/index.php\\\/produit\\\/le-lama-de-lima-de-philippe-monnier-et-elena-blondeau-livre-relie\\\/#breadcrumb\"},\"inLanguage\":\"fr-FR\",\"potentialAction\":[{\"@type\":\"ReadAction\",\"target\":[\"https:\\\/\\\/editions-la-californie.fr\\\/californie\\\/index.php\\\/produit\\\/le-lama-de-lima-de-philippe-monnier-et-elena-blondeau-livre-relie\\\/\"]}]},{\"@type\":\"ImageObject\",\"inLanguage\":\"fr-FR\",\"@id\":\"https:\\\/\\\/editions-la-californie.fr\\\/californie\\\/index.php\\\/produit\\\/le-lama-de-lima-de-philippe-monnier-et-elena-blondeau-livre-relie\\\/#primaryimage\",\"url\":\"https:\\\/\\\/editions-la-californie.fr\\\/californie\\\/wp-content\\\/uploads\\\/2024\\\/01\\\/Le-lama-de-Lima-philippe-monnier-elena-blondeau.jpg\",\"contentUrl\":\"https:\\\/\\\/editions-la-californie.fr\\\/californie\\\/wp-content\\\/uploads\\\/2024\\\/01\\\/Le-lama-de-Lima-philippe-monnier-elena-blondeau.jpg\",\"width\":800,\"height\":576,\"caption\":\"Le lama de Lima, un livre dr\u00f4le et subtil \u00e9crit par Philippe Monnier et illustr\u00e9 \u00e0 l'aquarelle par El\u00e9na Blondeau. \u00c9ditions La Californie, en Alsace.\"},{\"@type\":\"BreadcrumbList\",\"@id\":\"https:\\\/\\\/editions-la-californie.fr\\\/californie\\\/index.php\\\/produit\\\/le-lama-de-lima-de-philippe-monnier-et-elena-blondeau-livre-relie\\\/#breadcrumb\",\"itemListElement\":[{\"@type\":\"ListItem\",\"position\":1,\"name\":\"Accueil\",\"item\":\"https:\\\/\\\/editions-la-californie.fr\\\/californie\\\/\"},{\"@type\":\"ListItem\",\"position\":2,\"name\":\"Boutique en ligne des \u00c9ditions La Californie\",\"item\":\"https:\\\/\\\/editions-la-californie.fr\\\/californie\\\/\"},{\"@type\":\"ListItem\",\"position\":3,\"name\":\"_Le lama de Lima, de Philippe Monnier et \u00c9l\u00e9na Blondeau, livre reli\u00e9\"}]},{\"@type\":\"WebSite\",\"@id\":\"https:\\\/\\\/editions-la-californie.fr\\\/californie\\\/#website\",\"url\":\"https:\\\/\\\/editions-la-californie.fr\\\/californie\\\/\",\"name\":\"\u00c9ditions La Californie, boutique en ligne\",\"description\":\"Offrez(-vous) des livres imagin\u00e9s, cr\u00e9\u00e9s et illustr\u00e9s en Alsace\",\"publisher\":{\"@id\":\"https:\\\/\\\/editions-la-californie.fr\\\/californie\\\/#organization\"},\"potentialAction\":[{\"@type\":\"SearchAction\",\"target\":{\"@type\":\"EntryPoint\",\"urlTemplate\":\"https:\\\/\\\/editions-la-californie.fr\\\/californie\\\/?s={search_term_string}\"},\"query-input\":{\"@type\":\"PropertyValueSpecification\",\"valueRequired\":true,\"valueName\":\"search_term_string\"}}],\"inLanguage\":\"fr-FR\"},{\"@type\":\"Organization\",\"@id\":\"https:\\\/\\\/editions-la-californie.fr\\\/californie\\\/#organization\",\"name\":\"\u00c9ditions La Californie\",\"url\":\"https:\\\/\\\/editions-la-californie.fr\\\/californie\\\/\",\"logo\":{\"@type\":\"ImageObject\",\"inLanguage\":\"fr-FR\",\"@id\":\"https:\\\/\\\/editions-la-californie.fr\\\/californie\\\/#\\\/schema\\\/logo\\\/image\\\/\",\"url\":\"https:\\\/\\\/editions-la-californie.fr\\\/californie\\\/wp-content\\\/uploads\\\/2023\\\/11\\\/cropped-logo-editions-la-californie-alsace-boutique.png\",\"contentUrl\":\"https:\\\/\\\/editions-la-californie.fr\\\/californie\\\/wp-content\\\/uploads\\\/2023\\\/11\\\/cropped-logo-editions-la-californie-alsace-boutique.png\",\"width\":522,\"height\":122,\"caption\":\"\u00c9ditions La Californie\"},\"image\":{\"@id\":\"https:\\\/\\\/editions-la-californie.fr\\\/californie\\\/#\\\/schema\\\/logo\\\/image\\\/\"},\"sameAs\":[\"https:\\\/\\\/www.facebook.com\\\/editionslacalifornie\",\"https:\\\/\\\/x.com\\\/edilacalifornie\",\"https:\\\/\\\/www.instagram.com\\\/editionslacalifornie\"]}]}<\/script>\n<!-- \/ Yoast SEO plugin. -->","yoast_head_json":{"title":"Le lama de Lima, un livre de P. Monnier et E. Blondeau","description":"Le lama de Lima est un livre pour enfants dr\u00f4le et subtil, illustr\u00e9 \u00e0 l'aquarelle, qui c\u00e9l\u00e8bre l'amiti\u00e9, la bienveillance, la rigolade et l'aventure !","robots":{"index":"index","follow":"follow","max-snippet":"max-snippet:-1","max-image-preview":"max-image-preview:large","max-video-preview":"max-video-preview:-1"},"canonical":"https:\/\/editions-la-californie.fr\/californie\/index.php\/produit\/le-lama-de-lima-de-philippe-monnier-et-elena-blondeau-livre-relie\/","og_locale":"fr_FR","og_type":"article","og_title":"Le lama de Lima, un livre de P. Monnier et E. Blondeau","og_description":"Le lama de Lima est un livre pour enfants dr\u00f4le et subtil, illustr\u00e9 \u00e0 l'aquarelle, qui c\u00e9l\u00e8bre l'amiti\u00e9, la bienveillance, la rigolade et l'aventure !","og_url":"https:\/\/editions-la-californie.fr\/californie\/index.php\/produit\/le-lama-de-lima-de-philippe-monnier-et-elena-blondeau-livre-relie\/","og_site_name":"\u00c9ditions La Californie, boutique en ligne","article_publisher":"https:\/\/www.facebook.com\/editionslacalifornie","article_modified_time":"2026-04-07T16:25:46+00:00","og_image":[{"width":800,"height":576,"url":"https:\/\/editions-la-californie.fr\/californie\/wp-content\/uploads\/2024\/01\/Le-lama-de-Lima-philippe-monnier-elena-blondeau.jpg","type":"image\/jpeg"}],"twitter_card":"summary_large_image","twitter_site":"@edilacalifornie","twitter_misc":{"Dur\u00e9e de lecture estim\u00e9e":"3 minutes"},"schema":{"@context":"https:\/\/schema.org","@graph":[{"@type":"WebPage","@id":"https:\/\/editions-la-californie.fr\/californie\/index.php\/produit\/le-lama-de-lima-de-philippe-monnier-et-elena-blondeau-livre-relie\/","url":"https:\/\/editions-la-californie.fr\/californie\/index.php\/produit\/le-lama-de-lima-de-philippe-monnier-et-elena-blondeau-livre-relie\/","name":"Le lama de Lima, un livre de P. Monnier et E. Blondeau","isPartOf":{"@id":"https:\/\/editions-la-californie.fr\/californie\/#website"},"primaryImageOfPage":{"@id":"https:\/\/editions-la-californie.fr\/californie\/index.php\/produit\/le-lama-de-lima-de-philippe-monnier-et-elena-blondeau-livre-relie\/#primaryimage"},"image":{"@id":"https:\/\/editions-la-californie.fr\/californie\/index.php\/produit\/le-lama-de-lima-de-philippe-monnier-et-elena-blondeau-livre-relie\/#primaryimage"},"thumbnailUrl":"https:\/\/editions-la-californie.fr\/californie\/wp-content\/uploads\/2024\/01\/Le-lama-de-Lima-philippe-monnier-elena-blondeau.jpg","datePublished":"2024-04-20T14:51:33+00:00","dateModified":"2026-04-07T16:25:46+00:00","description":"Le lama de Lima est un livre pour enfants dr\u00f4le et subtil, illustr\u00e9 \u00e0 l'aquarelle, qui c\u00e9l\u00e8bre l'amiti\u00e9, la bienveillance, la rigolade et l'aventure !","breadcrumb":{"@id":"https:\/\/editions-la-californie.fr\/californie\/index.php\/produit\/le-lama-de-lima-de-philippe-monnier-et-elena-blondeau-livre-relie\/#breadcrumb"},"inLanguage":"fr-FR","potentialAction":[{"@type":"ReadAction","target":["https:\/\/editions-la-californie.fr\/californie\/index.php\/produit\/le-lama-de-lima-de-philippe-monnier-et-elena-blondeau-livre-relie\/"]}]},{"@type":"ImageObject","inLanguage":"fr-FR","@id":"https:\/\/editions-la-californie.fr\/californie\/index.php\/produit\/le-lama-de-lima-de-philippe-monnier-et-elena-blondeau-livre-relie\/#primaryimage","url":"https:\/\/editions-la-californie.fr\/californie\/wp-content\/uploads\/2024\/01\/Le-lama-de-Lima-philippe-monnier-elena-blondeau.jpg","contentUrl":"https:\/\/editions-la-californie.fr\/californie\/wp-content\/uploads\/2024\/01\/Le-lama-de-Lima-philippe-monnier-elena-blondeau.jpg","width":800,"height":576,"caption":"Le lama de Lima, un livre dr\u00f4le et subtil \u00e9crit par Philippe Monnier et illustr\u00e9 \u00e0 l'aquarelle par El\u00e9na Blondeau. \u00c9ditions La Californie, en Alsace."},{"@type":"BreadcrumbList","@id":"https:\/\/editions-la-californie.fr\/californie\/index.php\/produit\/le-lama-de-lima-de-philippe-monnier-et-elena-blondeau-livre-relie\/#breadcrumb","itemListElement":[{"@type":"ListItem","position":1,"name":"Accueil","item":"https:\/\/editions-la-californie.fr\/californie\/"},{"@type":"ListItem","position":2,"name":"Boutique en ligne des \u00c9ditions La Californie","item":"https:\/\/editions-la-californie.fr\/californie\/"},{"@type":"ListItem","position":3,"name":"_Le lama de Lima, de Philippe Monnier et \u00c9l\u00e9na Blondeau, livre reli\u00e9"}]},{"@type":"WebSite","@id":"https:\/\/editions-la-californie.fr\/californie\/#website","url":"https:\/\/editions-la-californie.fr\/californie\/","name":"\u00c9ditions La Californie, boutique en ligne","description":"Offrez(-vous) des livres imagin\u00e9s, cr\u00e9\u00e9s et illustr\u00e9s en Alsace","publisher":{"@id":"https:\/\/editions-la-californie.fr\/californie\/#organization"},"potentialAction":[{"@type":"SearchAction","target":{"@type":"EntryPoint","urlTemplate":"https:\/\/editions-la-californie.fr\/californie\/?s={search_term_string}"},"query-input":{"@type":"PropertyValueSpecification","valueRequired":true,"valueName":"search_term_string"}}],"inLanguage":"fr-FR"},{"@type":"Organization","@id":"https:\/\/editions-la-californie.fr\/californie\/#organization","name":"\u00c9ditions La Californie","url":"https:\/\/editions-la-californie.fr\/californie\/","logo":{"@type":"ImageObject","inLanguage":"fr-FR","@id":"https:\/\/editions-la-californie.fr\/californie\/#\/schema\/logo\/image\/","url":"https:\/\/editions-la-californie.fr\/californie\/wp-content\/uploads\/2023\/11\/cropped-logo-editions-la-californie-alsace-boutique.png","contentUrl":"https:\/\/editions-la-californie.fr\/californie\/wp-content\/uploads\/2023\/11\/cropped-logo-editions-la-californie-alsace-boutique.png","width":522,"height":122,"caption":"\u00c9ditions La Californie"},"image":{"@id":"https:\/\/editions-la-californie.fr\/californie\/#\/schema\/logo\/image\/"},"sameAs":["https:\/\/www.facebook.com\/editionslacalifornie","https:\/\/x.com\/edilacalifornie","https:\/\/www.instagram.com\/editionslacalifornie"]}]}},"jetpack_sharing_enabled":true,"_links":{"self":[{"href":"https:\/\/editions-la-californie.fr\/californie\/index.php\/wp-json\/wp\/v2\/product\/195","targetHints":{"allow":["GET"]}}],"collection":[{"href":"https:\/\/editions-la-californie.fr\/californie\/index.php\/wp-json\/wp\/v2\/product"}],"about":[{"href":"https:\/\/editions-la-californie.fr\/californie\/index.php\/wp-json\/wp\/v2\/types\/product"}],"replies":[{"embeddable":true,"href":"https:\/\/editions-la-californie.fr\/californie\/index.php\/wp-json\/wp\/v2\/comments?post=195"}],"wp:featuredmedia":[{"embeddable":true,"href":"https:\/\/editions-la-californie.fr\/californie\/index.php\/wp-json\/wp\/v2\/media\/421"}],"wp:attachment":[{"href":"https:\/\/editions-la-californie.fr\/californie\/index.php\/wp-json\/wp\/v2\/media?parent=195"}],"wp:term":[{"taxonomy":"product_brand","embeddable":true,"href":"https:\/\/editions-la-californie.fr\/californie\/index.php\/wp-json\/wp\/v2\/product_brand?post=195"},{"taxonomy":"product_cat","embeddable":true,"href":"https:\/\/editions-la-californie.fr\/californie\/index.php\/wp-json\/wp\/v2\/product_cat?post=195"},{"taxonomy":"product_tag","embeddable":true,"href":"https:\/\/editions-la-californie.fr\/californie\/index.php\/wp-json\/wp\/v2\/product_tag?post=195"}],"curies":[{"name":"wp","href":"https:\/\/api.w.org\/{rel}","templated":true}]}}