{"id":256,"date":"2024-07-01T08:33:22","date_gmt":"2024-07-01T06:33:22","guid":{"rendered":"https:\/\/editions-la-californie.fr\/californie\/?post_type=product&#038;p=256"},"modified":"2026-04-07T18:26:08","modified_gmt":"2026-04-07T16:26:08","slug":"luka-le-dragon-livre-de-caroline-niglis-gerber-et-coeur-dartiflo","status":"publish","type":"product","link":"https:\/\/editions-la-californie.fr\/californie\/index.php\/produit\/luka-le-dragon-livre-de-caroline-niglis-gerber-et-coeur-dartiflo\/","title":{"rendered":"_Luka le dragon, de Caroline Niglis-Gerber et Coeur d&rsquo;Artiflo"},"content":{"rendered":"<p>Luka le dragon, un livre \u00e9crit par Caroline Niglis-Gerber et illustr\u00e9 par Coeur d&rsquo;Artiflo. <strong>Le livre audio est inclus !<\/strong><\/p>\n<p style=\"text-align: center;\"><em>\u00a0\u00bb Je vais te raconter l\u2019histoire de Luka, un petit dragon pas comme les autres, <\/em><br \/>\n<em>et de son Nini, qui l\u2019accompagne sur les chemins de la vie ! \u00ab\u00a0<\/em><\/p>\n<h3>Extrait de \u00ab\u00a0Luka le dragon\u00a0\u00bb<\/h3>\n<p>Luka est un gentil petit dragon aux grands yeux bleus. Un dragon, normalement, \u00e7a fait peur, mais pas lui !<br \/>\nCar, au lieu de cracher du feu, il souffle des nuages de fum\u00e9e&#8230;<br \/>\nLuka est un adorable petit dragon qui aime les bonbons, sa famille, ses amis et son Nini\u00a0!<br \/>\nOui son Nini, tu as bien entendu\u2026 Nini, c\u2019est sa marraine, une marraine pas comme les autres. Elle est un peu comme une f\u00e9e. C\u2019est Luka qui l\u2019a baptis\u00e9e comme \u00e7a, car \u00ab\u00a0Nini\u00a0\u00bb est un des premiers mots qu\u2019il a su dire.<br \/>\nLuka et sa marraine adorent \u00eatre tous les deux. Nini lui apprend \u00e0 apprivoiser ses \u00e9motions pour mieux les g\u00e9rer, parce que Luka a souvent du mal \u00e0 contr\u00f4ler ses nuages de fum\u00e9e. Ils sont aussi vifs et changeants que les \u00e9motions qu\u2019il ressent et ils changent de couleur et de taille. Parfois m\u00eame, il y en a plusieurs.<\/p>\n<h3>Un livre audio inclus<\/h3>\n<p>Laissez-vous bercer par un extrait du livre audio, inclus dans l&rsquo;achat du livre imprim\u00e9 !<\/p>\n<audio class=\"wp-audio-shortcode\" id=\"audio-256-1\" preload=\"none\" style=\"width: 100%;\" controls=\"controls\"><source type=\"audio\/mpeg\" src=\"https:\/\/editions-la-californie.fr\/californie\/wp-content\/uploads\/2024\/07\/Luka-le-dragon-extrait.mp3?_=1\" \/><a href=\"https:\/\/editions-la-californie.fr\/californie\/wp-content\/uploads\/2024\/07\/Luka-le-dragon-extrait.mp3\">https:\/\/editions-la-californie.fr\/californie\/wp-content\/uploads\/2024\/07\/Luka-le-dragon-extrait.mp3<\/a><\/audio>\n<h3>Informations<\/h3>\n<p>Format : 21x21cm &#8211; 24 pages<br \/>\nLivre audio inclus, accessible gr\u00e2ce \u00e0 un qr-code<br \/>\nISBN : 978-2-493618-14-6<br \/>\nPrix : 10-\u20ac<\/p>\n<h3>Exp\u00e9dition et livraison<\/h3>\n<p>Pour la commande d&rsquo;un livre \u00ab\u00a0Luka le dragon\u00a0\u00bb, optez pour l&rsquo;envoi en \u00ab\u00a0lettre verte\u00a0\u00bb par la Poste. Ce transport \u00e9cologique ne vous co\u00fbtera que 3,00-\u20ac.<br \/>\nPour toute commande sup\u00e9rieure, choisissez l&rsquo;envoi par Colissimo.<br \/>\n<strong>\u00c0 partir de 36,00-\u20ac, b\u00e9n\u00e9ficiez de la livraison \u00e0 0,01-\u20ac !<\/strong><\/p>\n","protected":false},"excerpt":{"rendered":"<p>Luka le dragon est un livre pour enfants \u00e0 partir de 2 ans.<\/p>\n","protected":false},"featured_media":257,"comment_status":"open","ping_status":"closed","template":"","meta":[],"product_brand":[],"product_cat":[53],"product_tag":[54,56,55],"class_list":{"0":"post-256","1":"product","2":"type-product","3":"status-publish","4":"has-post-thumbnail","6":"product_cat-luka-le-dragon","7":"product_tag-livre","8":"product_tag-livre-pour-enfant","9":"product_tag-luka-le-dragon","11":"first","12":"instock","13":"taxable","14":"shipping-taxable","15":"purchasable","16":"product-type-simple"},"yoast_head":"<!-- This site is optimized with the Yoast SEO plugin v27.4 - https:\/\/yoast.com\/product\/yoast-seo-wordpress\/ -->\n<title>Luka le dragon, un livre de Caroline Niglis-Gerber et Coeur d&#039;Artiflo<\/title>\n<meta name=\"description\" content=\"Luka le dragon, une belle histoire \u00e9crite par Caroline Niglis et illustr\u00e9e par Coeur d&#039;Artiflo, avec un livre audio inclus ! \u00c9ditions La Californie - Alsace\" \/>\n<meta name=\"robots\" content=\"index, follow, max-snippet:-1, max-image-preview:large, max-video-preview:-1\" \/>\n<link rel=\"canonical\" href=\"https:\/\/editions-la-californie.fr\/californie\/index.php\/produit\/luka-le-dragon-livre-de-caroline-niglis-gerber-et-coeur-dartiflo\/\" \/>\n<meta property=\"og:locale\" content=\"fr_FR\" \/>\n<meta property=\"og:type\" content=\"article\" \/>\n<meta property=\"og:title\" content=\"Luka le dragon, un livre de Caroline Niglis-Gerber et Coeur d&#039;Artiflo\" \/>\n<meta property=\"og:description\" content=\"Luka le dragon, une belle histoire \u00e9crite par Caroline Niglis et illustr\u00e9e par Coeur d&#039;Artiflo, avec un livre audio inclus ! \u00c9ditions La Californie - Alsace\" \/>\n<meta property=\"og:url\" content=\"https:\/\/editions-la-californie.fr\/californie\/index.php\/produit\/luka-le-dragon-livre-de-caroline-niglis-gerber-et-coeur-dartiflo\/\" \/>\n<meta property=\"og:site_name\" content=\"\u00c9ditions La Californie, boutique en ligne\" \/>\n<meta property=\"article:publisher\" content=\"https:\/\/www.facebook.com\/editionslacalifornie\" \/>\n<meta property=\"article:modified_time\" content=\"2026-04-07T16:26:08+00:00\" \/>\n<meta property=\"og:image\" content=\"https:\/\/editions-la-californie.fr\/californie\/wp-content\/uploads\/2024\/06\/luka-le-dragon-livre-audio-editions-la-californie-1000.jpg\" \/>\n\t<meta property=\"og:image:width\" content=\"1000\" \/>\n\t<meta property=\"og:image:height\" content=\"1000\" \/>\n\t<meta property=\"og:image:type\" content=\"image\/jpeg\" \/>\n<meta name=\"twitter:card\" content=\"summary_large_image\" \/>\n<meta name=\"twitter:site\" content=\"@edilacalifornie\" \/>\n<meta name=\"twitter:label1\" content=\"Dur\u00e9e de lecture estim\u00e9e\" \/>\n\t<meta name=\"twitter:data1\" content=\"2 minutes\" \/>\n<script type=\"application\/ld+json\" class=\"yoast-schema-graph\">{\"@context\":\"https:\\\/\\\/schema.org\",\"@graph\":[{\"@type\":\"WebPage\",\"@id\":\"https:\\\/\\\/editions-la-californie.fr\\\/californie\\\/index.php\\\/produit\\\/luka-le-dragon-livre-de-caroline-niglis-gerber-et-coeur-dartiflo\\\/\",\"url\":\"https:\\\/\\\/editions-la-californie.fr\\\/californie\\\/index.php\\\/produit\\\/luka-le-dragon-livre-de-caroline-niglis-gerber-et-coeur-dartiflo\\\/\",\"name\":\"Luka le dragon, un livre de Caroline Niglis-Gerber et Coeur d'Artiflo\",\"isPartOf\":{\"@id\":\"https:\\\/\\\/editions-la-californie.fr\\\/californie\\\/#website\"},\"primaryImageOfPage\":{\"@id\":\"https:\\\/\\\/editions-la-californie.fr\\\/californie\\\/index.php\\\/produit\\\/luka-le-dragon-livre-de-caroline-niglis-gerber-et-coeur-dartiflo\\\/#primaryimage\"},\"image\":{\"@id\":\"https:\\\/\\\/editions-la-californie.fr\\\/californie\\\/index.php\\\/produit\\\/luka-le-dragon-livre-de-caroline-niglis-gerber-et-coeur-dartiflo\\\/#primaryimage\"},\"thumbnailUrl\":\"https:\\\/\\\/editions-la-californie.fr\\\/californie\\\/wp-content\\\/uploads\\\/2024\\\/06\\\/luka-le-dragon-livre-audio-editions-la-californie-1000.jpg\",\"datePublished\":\"2024-07-01T06:33:22+00:00\",\"dateModified\":\"2026-04-07T16:26:08+00:00\",\"description\":\"Luka le dragon, une belle histoire \u00e9crite par Caroline Niglis et illustr\u00e9e par Coeur d'Artiflo, avec un livre audio inclus ! \u00c9ditions La Californie - Alsace\",\"breadcrumb\":{\"@id\":\"https:\\\/\\\/editions-la-californie.fr\\\/californie\\\/index.php\\\/produit\\\/luka-le-dragon-livre-de-caroline-niglis-gerber-et-coeur-dartiflo\\\/#breadcrumb\"},\"inLanguage\":\"fr-FR\",\"potentialAction\":[{\"@type\":\"ReadAction\",\"target\":[\"https:\\\/\\\/editions-la-californie.fr\\\/californie\\\/index.php\\\/produit\\\/luka-le-dragon-livre-de-caroline-niglis-gerber-et-coeur-dartiflo\\\/\"]}]},{\"@type\":\"ImageObject\",\"inLanguage\":\"fr-FR\",\"@id\":\"https:\\\/\\\/editions-la-californie.fr\\\/californie\\\/index.php\\\/produit\\\/luka-le-dragon-livre-de-caroline-niglis-gerber-et-coeur-dartiflo\\\/#primaryimage\",\"url\":\"https:\\\/\\\/editions-la-californie.fr\\\/californie\\\/wp-content\\\/uploads\\\/2024\\\/06\\\/luka-le-dragon-livre-audio-editions-la-californie-1000.jpg\",\"contentUrl\":\"https:\\\/\\\/editions-la-californie.fr\\\/californie\\\/wp-content\\\/uploads\\\/2024\\\/06\\\/luka-le-dragon-livre-audio-editions-la-californie-1000.jpg\",\"width\":1000,\"height\":1000,\"caption\":\"Luka le dragon, un livre \u00e9crit par Caroline Niglis-Gerber et illustr\u00e9 par Coeur d'Artiflo. En cadeau : le livre audio, compos\u00e9 par Philippe Monnier !\"},{\"@type\":\"BreadcrumbList\",\"@id\":\"https:\\\/\\\/editions-la-californie.fr\\\/californie\\\/index.php\\\/produit\\\/luka-le-dragon-livre-de-caroline-niglis-gerber-et-coeur-dartiflo\\\/#breadcrumb\",\"itemListElement\":[{\"@type\":\"ListItem\",\"position\":1,\"name\":\"Accueil\",\"item\":\"https:\\\/\\\/editions-la-californie.fr\\\/californie\\\/\"},{\"@type\":\"ListItem\",\"position\":2,\"name\":\"Boutique en ligne des \u00c9ditions La Californie\",\"item\":\"https:\\\/\\\/editions-la-californie.fr\\\/californie\\\/\"},{\"@type\":\"ListItem\",\"position\":3,\"name\":\"_Luka le dragon, de Caroline Niglis-Gerber et Coeur d&rsquo;Artiflo\"}]},{\"@type\":\"WebSite\",\"@id\":\"https:\\\/\\\/editions-la-californie.fr\\\/californie\\\/#website\",\"url\":\"https:\\\/\\\/editions-la-californie.fr\\\/californie\\\/\",\"name\":\"\u00c9ditions La Californie, boutique en ligne\",\"description\":\"Offrez(-vous) des livres imagin\u00e9s, cr\u00e9\u00e9s et illustr\u00e9s en Alsace\",\"publisher\":{\"@id\":\"https:\\\/\\\/editions-la-californie.fr\\\/californie\\\/#organization\"},\"potentialAction\":[{\"@type\":\"SearchAction\",\"target\":{\"@type\":\"EntryPoint\",\"urlTemplate\":\"https:\\\/\\\/editions-la-californie.fr\\\/californie\\\/?s={search_term_string}\"},\"query-input\":{\"@type\":\"PropertyValueSpecification\",\"valueRequired\":true,\"valueName\":\"search_term_string\"}}],\"inLanguage\":\"fr-FR\"},{\"@type\":\"Organization\",\"@id\":\"https:\\\/\\\/editions-la-californie.fr\\\/californie\\\/#organization\",\"name\":\"\u00c9ditions La Californie\",\"url\":\"https:\\\/\\\/editions-la-californie.fr\\\/californie\\\/\",\"logo\":{\"@type\":\"ImageObject\",\"inLanguage\":\"fr-FR\",\"@id\":\"https:\\\/\\\/editions-la-californie.fr\\\/californie\\\/#\\\/schema\\\/logo\\\/image\\\/\",\"url\":\"https:\\\/\\\/editions-la-californie.fr\\\/californie\\\/wp-content\\\/uploads\\\/2023\\\/11\\\/cropped-logo-editions-la-californie-alsace-boutique.png\",\"contentUrl\":\"https:\\\/\\\/editions-la-californie.fr\\\/californie\\\/wp-content\\\/uploads\\\/2023\\\/11\\\/cropped-logo-editions-la-californie-alsace-boutique.png\",\"width\":522,\"height\":122,\"caption\":\"\u00c9ditions La Californie\"},\"image\":{\"@id\":\"https:\\\/\\\/editions-la-californie.fr\\\/californie\\\/#\\\/schema\\\/logo\\\/image\\\/\"},\"sameAs\":[\"https:\\\/\\\/www.facebook.com\\\/editionslacalifornie\",\"https:\\\/\\\/x.com\\\/edilacalifornie\",\"https:\\\/\\\/www.instagram.com\\\/editionslacalifornie\"]}]}<\/script>\n<!-- \/ Yoast SEO plugin. -->","yoast_head_json":{"title":"Luka le dragon, un livre de Caroline Niglis-Gerber et Coeur d'Artiflo","description":"Luka le dragon, une belle histoire \u00e9crite par Caroline Niglis et illustr\u00e9e par Coeur d'Artiflo, avec un livre audio inclus ! \u00c9ditions La Californie - Alsace","robots":{"index":"index","follow":"follow","max-snippet":"max-snippet:-1","max-image-preview":"max-image-preview:large","max-video-preview":"max-video-preview:-1"},"canonical":"https:\/\/editions-la-californie.fr\/californie\/index.php\/produit\/luka-le-dragon-livre-de-caroline-niglis-gerber-et-coeur-dartiflo\/","og_locale":"fr_FR","og_type":"article","og_title":"Luka le dragon, un livre de Caroline Niglis-Gerber et Coeur d'Artiflo","og_description":"Luka le dragon, une belle histoire \u00e9crite par Caroline Niglis et illustr\u00e9e par Coeur d'Artiflo, avec un livre audio inclus ! \u00c9ditions La Californie - Alsace","og_url":"https:\/\/editions-la-californie.fr\/californie\/index.php\/produit\/luka-le-dragon-livre-de-caroline-niglis-gerber-et-coeur-dartiflo\/","og_site_name":"\u00c9ditions La Californie, boutique en ligne","article_publisher":"https:\/\/www.facebook.com\/editionslacalifornie","article_modified_time":"2026-04-07T16:26:08+00:00","og_image":[{"width":1000,"height":1000,"url":"https:\/\/editions-la-californie.fr\/californie\/wp-content\/uploads\/2024\/06\/luka-le-dragon-livre-audio-editions-la-californie-1000.jpg","type":"image\/jpeg"}],"twitter_card":"summary_large_image","twitter_site":"@edilacalifornie","twitter_misc":{"Dur\u00e9e de lecture estim\u00e9e":"2 minutes"},"schema":{"@context":"https:\/\/schema.org","@graph":[{"@type":"WebPage","@id":"https:\/\/editions-la-californie.fr\/californie\/index.php\/produit\/luka-le-dragon-livre-de-caroline-niglis-gerber-et-coeur-dartiflo\/","url":"https:\/\/editions-la-californie.fr\/californie\/index.php\/produit\/luka-le-dragon-livre-de-caroline-niglis-gerber-et-coeur-dartiflo\/","name":"Luka le dragon, un livre de Caroline Niglis-Gerber et Coeur d'Artiflo","isPartOf":{"@id":"https:\/\/editions-la-californie.fr\/californie\/#website"},"primaryImageOfPage":{"@id":"https:\/\/editions-la-californie.fr\/californie\/index.php\/produit\/luka-le-dragon-livre-de-caroline-niglis-gerber-et-coeur-dartiflo\/#primaryimage"},"image":{"@id":"https:\/\/editions-la-californie.fr\/californie\/index.php\/produit\/luka-le-dragon-livre-de-caroline-niglis-gerber-et-coeur-dartiflo\/#primaryimage"},"thumbnailUrl":"https:\/\/editions-la-californie.fr\/californie\/wp-content\/uploads\/2024\/06\/luka-le-dragon-livre-audio-editions-la-californie-1000.jpg","datePublished":"2024-07-01T06:33:22+00:00","dateModified":"2026-04-07T16:26:08+00:00","description":"Luka le dragon, une belle histoire \u00e9crite par Caroline Niglis et illustr\u00e9e par Coeur d'Artiflo, avec un livre audio inclus ! \u00c9ditions La Californie - Alsace","breadcrumb":{"@id":"https:\/\/editions-la-californie.fr\/californie\/index.php\/produit\/luka-le-dragon-livre-de-caroline-niglis-gerber-et-coeur-dartiflo\/#breadcrumb"},"inLanguage":"fr-FR","potentialAction":[{"@type":"ReadAction","target":["https:\/\/editions-la-californie.fr\/californie\/index.php\/produit\/luka-le-dragon-livre-de-caroline-niglis-gerber-et-coeur-dartiflo\/"]}]},{"@type":"ImageObject","inLanguage":"fr-FR","@id":"https:\/\/editions-la-californie.fr\/californie\/index.php\/produit\/luka-le-dragon-livre-de-caroline-niglis-gerber-et-coeur-dartiflo\/#primaryimage","url":"https:\/\/editions-la-californie.fr\/californie\/wp-content\/uploads\/2024\/06\/luka-le-dragon-livre-audio-editions-la-californie-1000.jpg","contentUrl":"https:\/\/editions-la-californie.fr\/californie\/wp-content\/uploads\/2024\/06\/luka-le-dragon-livre-audio-editions-la-californie-1000.jpg","width":1000,"height":1000,"caption":"Luka le dragon, un livre \u00e9crit par Caroline Niglis-Gerber et illustr\u00e9 par Coeur d'Artiflo. En cadeau : le livre audio, compos\u00e9 par Philippe Monnier !"},{"@type":"BreadcrumbList","@id":"https:\/\/editions-la-californie.fr\/californie\/index.php\/produit\/luka-le-dragon-livre-de-caroline-niglis-gerber-et-coeur-dartiflo\/#breadcrumb","itemListElement":[{"@type":"ListItem","position":1,"name":"Accueil","item":"https:\/\/editions-la-californie.fr\/californie\/"},{"@type":"ListItem","position":2,"name":"Boutique en ligne des \u00c9ditions La Californie","item":"https:\/\/editions-la-californie.fr\/californie\/"},{"@type":"ListItem","position":3,"name":"_Luka le dragon, de Caroline Niglis-Gerber et Coeur d&rsquo;Artiflo"}]},{"@type":"WebSite","@id":"https:\/\/editions-la-californie.fr\/californie\/#website","url":"https:\/\/editions-la-californie.fr\/californie\/","name":"\u00c9ditions La Californie, boutique en ligne","description":"Offrez(-vous) des livres imagin\u00e9s, cr\u00e9\u00e9s et illustr\u00e9s en Alsace","publisher":{"@id":"https:\/\/editions-la-californie.fr\/californie\/#organization"},"potentialAction":[{"@type":"SearchAction","target":{"@type":"EntryPoint","urlTemplate":"https:\/\/editions-la-californie.fr\/californie\/?s={search_term_string}"},"query-input":{"@type":"PropertyValueSpecification","valueRequired":true,"valueName":"search_term_string"}}],"inLanguage":"fr-FR"},{"@type":"Organization","@id":"https:\/\/editions-la-californie.fr\/californie\/#organization","name":"\u00c9ditions La Californie","url":"https:\/\/editions-la-californie.fr\/californie\/","logo":{"@type":"ImageObject","inLanguage":"fr-FR","@id":"https:\/\/editions-la-californie.fr\/californie\/#\/schema\/logo\/image\/","url":"https:\/\/editions-la-californie.fr\/californie\/wp-content\/uploads\/2023\/11\/cropped-logo-editions-la-californie-alsace-boutique.png","contentUrl":"https:\/\/editions-la-californie.fr\/californie\/wp-content\/uploads\/2023\/11\/cropped-logo-editions-la-californie-alsace-boutique.png","width":522,"height":122,"caption":"\u00c9ditions La Californie"},"image":{"@id":"https:\/\/editions-la-californie.fr\/californie\/#\/schema\/logo\/image\/"},"sameAs":["https:\/\/www.facebook.com\/editionslacalifornie","https:\/\/x.com\/edilacalifornie","https:\/\/www.instagram.com\/editionslacalifornie"]}]}},"jetpack_sharing_enabled":true,"_links":{"self":[{"href":"https:\/\/editions-la-californie.fr\/californie\/index.php\/wp-json\/wp\/v2\/product\/256","targetHints":{"allow":["GET"]}}],"collection":[{"href":"https:\/\/editions-la-californie.fr\/californie\/index.php\/wp-json\/wp\/v2\/product"}],"about":[{"href":"https:\/\/editions-la-californie.fr\/californie\/index.php\/wp-json\/wp\/v2\/types\/product"}],"replies":[{"embeddable":true,"href":"https:\/\/editions-la-californie.fr\/californie\/index.php\/wp-json\/wp\/v2\/comments?post=256"}],"wp:featuredmedia":[{"embeddable":true,"href":"https:\/\/editions-la-californie.fr\/californie\/index.php\/wp-json\/wp\/v2\/media\/257"}],"wp:attachment":[{"href":"https:\/\/editions-la-californie.fr\/californie\/index.php\/wp-json\/wp\/v2\/media?parent=256"}],"wp:term":[{"taxonomy":"product_brand","embeddable":true,"href":"https:\/\/editions-la-californie.fr\/californie\/index.php\/wp-json\/wp\/v2\/product_brand?post=256"},{"taxonomy":"product_cat","embeddable":true,"href":"https:\/\/editions-la-californie.fr\/californie\/index.php\/wp-json\/wp\/v2\/product_cat?post=256"},{"taxonomy":"product_tag","embeddable":true,"href":"https:\/\/editions-la-californie.fr\/californie\/index.php\/wp-json\/wp\/v2\/product_tag?post=256"}],"curies":[{"name":"wp","href":"https:\/\/api.w.org\/{rel}","templated":true}]}}