{"id":621,"date":"2025-04-21T11:55:24","date_gmt":"2025-04-21T09:55:24","guid":{"rendered":"https:\/\/editions-la-californie.fr\/californie\/?post_type=product&#038;p=621"},"modified":"2026-04-05T19:26:45","modified_gmt":"2026-04-05T17:26:45","slug":"dys-moi-comment-t-enseigner-de-mathilde-brasquer","status":"publish","type":"product","link":"https:\/\/editions-la-californie.fr\/californie\/index.php\/produit\/dys-moi-comment-t-enseigner-de-mathilde-brasquer\/","title":{"rendered":"_DYS-moi comment t&rsquo;enseigner, de Mathilde Brasquer, livre broch\u00e9"},"content":{"rendered":"<h3>DYS-moi comment t&rsquo;enseigner &#8211; le livre qui apporte des solutions concr\u00e8tes aux enseignants<\/h3>\n<p>Auteure : Mathilde Brasquer, orthophoniste.<br \/>\nPr\u00e9face de Sabine Drexler, S\u00e9natrice du Haut-Rhin.<br \/>\nDate de parution : 25 avril 2025.<br \/>\nCollection : les livres qui font du bien.<\/p>\n<h2>Un livre sur les troubles d&rsquo;apprentissage<\/h2>\n<p>Apr\u00e8s le succ\u00e8s de son premier livre \u00ab DYS-moi comment t\u2019aider \u00bb, Mathilde Brasquer s\u2019adresse cette fois aux enseignants, en premi\u00e8re ligne face aux troubles d\u2019apprentissage. Orthophoniste depuis plus de 25 ans, elle propose des r\u00e9ponses concr\u00e8tes, des solutions \u00e9prouv\u00e9es et des am\u00e9nagements efficaces, tir\u00e9s de son exp\u00e9rience de terrain.<br \/>\n\u00c9loign\u00e9e des th\u00e9ories abstraites et des exp\u00e9rimentations incertaines, Mathilde privil\u00e9gie une approche pratique, claire et bienveillante. Elle met des mots sur les troubles, d\u00e9crypte les m\u00e9canismes cognitifs des enfants et partage des outils adaptables \u00e0 la r\u00e9alit\u00e9 de la classe. Son objectif : permettre \u00e0 chaque enseignant d\u2019int\u00e9grer au mieux ces \u00e9l\u00e8ves qui ne demandent qu\u2019\u00e0 apprendre.<br \/>\n\u00ab Dys-moi comment t\u2019enseigner \u00bb est \u00e0 la fois un guide pr\u00e9cieux et un compagnon de route, pour avancer avec confiance et aider les enfants porteurs de troubles DYS \u00e0 trouver pleinement leur place \u00e0 l\u2019\u00e9cole&#8230; et dans l\u2019avenir\u00a0!<\/p>\n<h2>Informations techniques<\/h2>\n<p>Livre broch\u00e9<br \/>\nISBN : 978-2-493618-17-7<br \/>\n144 pages<br \/>\nFormat : 148x210mm (A5)<\/p>\n<p><strong><em>DYS-moi comment t\u2019enseigner<\/em><\/strong> fait partie de la collection <em><a href=\"https:\/\/editions-la-californie.fr\/les-livres-qui-font-du-bien\/\" target=\"_blank\" rel=\"noopener\">Les livres qui font du bien<\/a><\/em>.<br \/>\nImagin\u00e9 et cr\u00e9\u00e9 en Alsace. Imprim\u00e9 en France.<br \/>\n<a href=\"https:\/\/editions-la-californie.fr\/\">\u00c9ditions La Californie<\/a>, \u00e9diteur de talents en Alsace \u00e0 Saint-Louis, Mulhouse, Strasbourg et Colmar.<\/p>\n","protected":false},"excerpt":{"rendered":"<p>Dans \u00ab\u00a0DYS-moi comment t&rsquo;enseigner\u00a0\u00bb, Mathilde Brasquer s\u2019adresse aux enseignants, en premi\u00e8re ligne face aux troubles d\u2019apprentissage.<\/p>\n","protected":false},"featured_media":623,"comment_status":"open","ping_status":"closed","template":"","meta":[],"product_brand":[],"product_cat":[17,16],"product_tag":[20,22,18,23,19,21],"class_list":{"0":"post-621","1":"product","2":"type-product","3":"status-publish","4":"has-post-thumbnail","6":"product_cat-les-livres-qui-font-du-bien","7":"product_cat-livres","8":"product_tag-dys","9":"product_tag-editions-la-californie","10":"product_tag-livre-dys","11":"product_tag-livre-orthophoniste","12":"product_tag-livre-sur-les-troubles-dapprentissage","13":"product_tag-troubles-dys","15":"first","16":"instock","17":"taxable","18":"shipping-taxable","19":"purchasable","20":"product-type-simple"},"yoast_head":"<!-- This site is optimized with the Yoast SEO plugin v27.5 - https:\/\/yoast.com\/product\/yoast-seo-wordpress\/ -->\n<title>_DYS-moi comment t&#039;enseigner, de Mathilde Brasquer, livre broch\u00e9<\/title>\n<meta name=\"description\" content=\"Dans &quot;DYS-moi comment t&#039;enseigner&quot;, Mathilde Brasquer s\u2019adresse aux enseignants, en premi\u00e8re ligne face aux troubles d\u2019apprentissage.\" \/>\n<meta name=\"robots\" content=\"index, follow, max-snippet:-1, max-image-preview:large, max-video-preview:-1\" \/>\n<link rel=\"canonical\" href=\"https:\/\/editions-la-californie.fr\/californie\/index.php\/produit\/dys-moi-comment-t-enseigner-de-mathilde-brasquer\/\" \/>\n<meta property=\"og:locale\" content=\"fr_FR\" \/>\n<meta property=\"og:type\" content=\"article\" \/>\n<meta property=\"og:title\" content=\"_DYS-moi comment t&#039;enseigner, de Mathilde Brasquer, livre broch\u00e9\" \/>\n<meta property=\"og:description\" content=\"Dans &quot;DYS-moi comment t&#039;enseigner&quot;, Mathilde Brasquer s\u2019adresse aux enseignants, en premi\u00e8re ligne face aux troubles d\u2019apprentissage.\" \/>\n<meta property=\"og:url\" content=\"https:\/\/editions-la-californie.fr\/californie\/index.php\/produit\/dys-moi-comment-t-enseigner-de-mathilde-brasquer\/\" \/>\n<meta property=\"og:site_name\" content=\"\u00c9ditions La Californie, boutique en ligne\" \/>\n<meta property=\"article:publisher\" content=\"https:\/\/www.facebook.com\/editionslacalifornie\" \/>\n<meta property=\"article:modified_time\" content=\"2026-04-05T17:26:45+00:00\" \/>\n<meta property=\"og:image\" content=\"https:\/\/editions-la-californie.fr\/californie\/wp-content\/uploads\/2025\/04\/dys-moi-comment-t-enseigner-mathilde-brasquer.jpg\" \/>\n\t<meta property=\"og:image:width\" content=\"483\" \/>\n\t<meta property=\"og:image:height\" content=\"700\" \/>\n\t<meta property=\"og:image:type\" content=\"image\/jpeg\" \/>\n<meta name=\"twitter:card\" content=\"summary_large_image\" \/>\n<meta name=\"twitter:site\" content=\"@edilacalifornie\" \/>\n<meta name=\"twitter:label1\" content=\"Dur\u00e9e de lecture estim\u00e9e\" \/>\n\t<meta name=\"twitter:data1\" content=\"2 minutes\" \/>\n<script type=\"application\/ld+json\" class=\"yoast-schema-graph\">{\"@context\":\"https:\\\/\\\/schema.org\",\"@graph\":[{\"@type\":\"WebPage\",\"@id\":\"https:\\\/\\\/editions-la-californie.fr\\\/californie\\\/index.php\\\/produit\\\/dys-moi-comment-t-enseigner-de-mathilde-brasquer\\\/\",\"url\":\"https:\\\/\\\/editions-la-californie.fr\\\/californie\\\/index.php\\\/produit\\\/dys-moi-comment-t-enseigner-de-mathilde-brasquer\\\/\",\"name\":\"_DYS-moi comment t'enseigner, de Mathilde Brasquer, livre broch\u00e9\",\"isPartOf\":{\"@id\":\"https:\\\/\\\/editions-la-californie.fr\\\/californie\\\/#website\"},\"primaryImageOfPage\":{\"@id\":\"https:\\\/\\\/editions-la-californie.fr\\\/californie\\\/index.php\\\/produit\\\/dys-moi-comment-t-enseigner-de-mathilde-brasquer\\\/#primaryimage\"},\"image\":{\"@id\":\"https:\\\/\\\/editions-la-californie.fr\\\/californie\\\/index.php\\\/produit\\\/dys-moi-comment-t-enseigner-de-mathilde-brasquer\\\/#primaryimage\"},\"thumbnailUrl\":\"https:\\\/\\\/editions-la-californie.fr\\\/californie\\\/wp-content\\\/uploads\\\/2025\\\/04\\\/dys-moi-comment-t-enseigner-mathilde-brasquer.jpg\",\"datePublished\":\"2025-04-21T09:55:24+00:00\",\"dateModified\":\"2026-04-05T17:26:45+00:00\",\"description\":\"Dans \\\"DYS-moi comment t'enseigner\\\", Mathilde Brasquer s\u2019adresse aux enseignants, en premi\u00e8re ligne face aux troubles d\u2019apprentissage.\",\"breadcrumb\":{\"@id\":\"https:\\\/\\\/editions-la-californie.fr\\\/californie\\\/index.php\\\/produit\\\/dys-moi-comment-t-enseigner-de-mathilde-brasquer\\\/#breadcrumb\"},\"inLanguage\":\"fr-FR\",\"potentialAction\":[{\"@type\":\"ReadAction\",\"target\":[\"https:\\\/\\\/editions-la-californie.fr\\\/californie\\\/index.php\\\/produit\\\/dys-moi-comment-t-enseigner-de-mathilde-brasquer\\\/\"]}]},{\"@type\":\"ImageObject\",\"inLanguage\":\"fr-FR\",\"@id\":\"https:\\\/\\\/editions-la-californie.fr\\\/californie\\\/index.php\\\/produit\\\/dys-moi-comment-t-enseigner-de-mathilde-brasquer\\\/#primaryimage\",\"url\":\"https:\\\/\\\/editions-la-californie.fr\\\/californie\\\/wp-content\\\/uploads\\\/2025\\\/04\\\/dys-moi-comment-t-enseigner-mathilde-brasquer.jpg\",\"contentUrl\":\"https:\\\/\\\/editions-la-californie.fr\\\/californie\\\/wp-content\\\/uploads\\\/2025\\\/04\\\/dys-moi-comment-t-enseigner-mathilde-brasquer.jpg\",\"width\":483,\"height\":700,\"caption\":\"\u00ab Dys-moi comment t\u2019enseigner \u00bb est \u00e0 la fois un guide pr\u00e9cieux et un compagnon de route, pour avancer avec confiance et aider les enfants porteurs de troubles DYS \u00e0 trouver pleinement leur place \u00e0 l\u2019\u00e9cole... et dans l\u2019avenir\u00a0!\"},{\"@type\":\"BreadcrumbList\",\"@id\":\"https:\\\/\\\/editions-la-californie.fr\\\/californie\\\/index.php\\\/produit\\\/dys-moi-comment-t-enseigner-de-mathilde-brasquer\\\/#breadcrumb\",\"itemListElement\":[{\"@type\":\"ListItem\",\"position\":1,\"name\":\"Accueil\",\"item\":\"https:\\\/\\\/editions-la-californie.fr\\\/californie\\\/\"},{\"@type\":\"ListItem\",\"position\":2,\"name\":\"Boutique en ligne des \u00c9ditions La Californie\",\"item\":\"https:\\\/\\\/editions-la-californie.fr\\\/californie\\\/\"},{\"@type\":\"ListItem\",\"position\":3,\"name\":\"_DYS-moi comment t&rsquo;enseigner, de Mathilde Brasquer, livre broch\u00e9\"}]},{\"@type\":\"WebSite\",\"@id\":\"https:\\\/\\\/editions-la-californie.fr\\\/californie\\\/#website\",\"url\":\"https:\\\/\\\/editions-la-californie.fr\\\/californie\\\/\",\"name\":\"\u00c9ditions La Californie, boutique en ligne\",\"description\":\"Offrez(-vous) des livres imagin\u00e9s, cr\u00e9\u00e9s et illustr\u00e9s en Alsace\",\"publisher\":{\"@id\":\"https:\\\/\\\/editions-la-californie.fr\\\/californie\\\/#organization\"},\"potentialAction\":[{\"@type\":\"SearchAction\",\"target\":{\"@type\":\"EntryPoint\",\"urlTemplate\":\"https:\\\/\\\/editions-la-californie.fr\\\/californie\\\/?s={search_term_string}\"},\"query-input\":{\"@type\":\"PropertyValueSpecification\",\"valueRequired\":true,\"valueName\":\"search_term_string\"}}],\"inLanguage\":\"fr-FR\"},{\"@type\":\"Organization\",\"@id\":\"https:\\\/\\\/editions-la-californie.fr\\\/californie\\\/#organization\",\"name\":\"\u00c9ditions La Californie\",\"url\":\"https:\\\/\\\/editions-la-californie.fr\\\/californie\\\/\",\"logo\":{\"@type\":\"ImageObject\",\"inLanguage\":\"fr-FR\",\"@id\":\"https:\\\/\\\/editions-la-californie.fr\\\/californie\\\/#\\\/schema\\\/logo\\\/image\\\/\",\"url\":\"https:\\\/\\\/editions-la-californie.fr\\\/californie\\\/wp-content\\\/uploads\\\/2023\\\/11\\\/cropped-logo-editions-la-californie-alsace-boutique.png\",\"contentUrl\":\"https:\\\/\\\/editions-la-californie.fr\\\/californie\\\/wp-content\\\/uploads\\\/2023\\\/11\\\/cropped-logo-editions-la-californie-alsace-boutique.png\",\"width\":522,\"height\":122,\"caption\":\"\u00c9ditions La Californie\"},\"image\":{\"@id\":\"https:\\\/\\\/editions-la-californie.fr\\\/californie\\\/#\\\/schema\\\/logo\\\/image\\\/\"},\"sameAs\":[\"https:\\\/\\\/www.facebook.com\\\/editionslacalifornie\",\"https:\\\/\\\/x.com\\\/edilacalifornie\",\"https:\\\/\\\/www.instagram.com\\\/editionslacalifornie\"]}]}<\/script>\n<!-- \/ Yoast SEO plugin. -->","yoast_head_json":{"title":"_DYS-moi comment t'enseigner, de Mathilde Brasquer, livre broch\u00e9","description":"Dans \"DYS-moi comment t'enseigner\", Mathilde Brasquer s\u2019adresse aux enseignants, en premi\u00e8re ligne face aux troubles d\u2019apprentissage.","robots":{"index":"index","follow":"follow","max-snippet":"max-snippet:-1","max-image-preview":"max-image-preview:large","max-video-preview":"max-video-preview:-1"},"canonical":"https:\/\/editions-la-californie.fr\/californie\/index.php\/produit\/dys-moi-comment-t-enseigner-de-mathilde-brasquer\/","og_locale":"fr_FR","og_type":"article","og_title":"_DYS-moi comment t'enseigner, de Mathilde Brasquer, livre broch\u00e9","og_description":"Dans \"DYS-moi comment t'enseigner\", Mathilde Brasquer s\u2019adresse aux enseignants, en premi\u00e8re ligne face aux troubles d\u2019apprentissage.","og_url":"https:\/\/editions-la-californie.fr\/californie\/index.php\/produit\/dys-moi-comment-t-enseigner-de-mathilde-brasquer\/","og_site_name":"\u00c9ditions La Californie, boutique en ligne","article_publisher":"https:\/\/www.facebook.com\/editionslacalifornie","article_modified_time":"2026-04-05T17:26:45+00:00","og_image":[{"width":483,"height":700,"url":"https:\/\/editions-la-californie.fr\/californie\/wp-content\/uploads\/2025\/04\/dys-moi-comment-t-enseigner-mathilde-brasquer.jpg","type":"image\/jpeg"}],"twitter_card":"summary_large_image","twitter_site":"@edilacalifornie","twitter_misc":{"Dur\u00e9e de lecture estim\u00e9e":"2 minutes"},"schema":{"@context":"https:\/\/schema.org","@graph":[{"@type":"WebPage","@id":"https:\/\/editions-la-californie.fr\/californie\/index.php\/produit\/dys-moi-comment-t-enseigner-de-mathilde-brasquer\/","url":"https:\/\/editions-la-californie.fr\/californie\/index.php\/produit\/dys-moi-comment-t-enseigner-de-mathilde-brasquer\/","name":"_DYS-moi comment t'enseigner, de Mathilde Brasquer, livre broch\u00e9","isPartOf":{"@id":"https:\/\/editions-la-californie.fr\/californie\/#website"},"primaryImageOfPage":{"@id":"https:\/\/editions-la-californie.fr\/californie\/index.php\/produit\/dys-moi-comment-t-enseigner-de-mathilde-brasquer\/#primaryimage"},"image":{"@id":"https:\/\/editions-la-californie.fr\/californie\/index.php\/produit\/dys-moi-comment-t-enseigner-de-mathilde-brasquer\/#primaryimage"},"thumbnailUrl":"https:\/\/editions-la-californie.fr\/californie\/wp-content\/uploads\/2025\/04\/dys-moi-comment-t-enseigner-mathilde-brasquer.jpg","datePublished":"2025-04-21T09:55:24+00:00","dateModified":"2026-04-05T17:26:45+00:00","description":"Dans \"DYS-moi comment t'enseigner\", Mathilde Brasquer s\u2019adresse aux enseignants, en premi\u00e8re ligne face aux troubles d\u2019apprentissage.","breadcrumb":{"@id":"https:\/\/editions-la-californie.fr\/californie\/index.php\/produit\/dys-moi-comment-t-enseigner-de-mathilde-brasquer\/#breadcrumb"},"inLanguage":"fr-FR","potentialAction":[{"@type":"ReadAction","target":["https:\/\/editions-la-californie.fr\/californie\/index.php\/produit\/dys-moi-comment-t-enseigner-de-mathilde-brasquer\/"]}]},{"@type":"ImageObject","inLanguage":"fr-FR","@id":"https:\/\/editions-la-californie.fr\/californie\/index.php\/produit\/dys-moi-comment-t-enseigner-de-mathilde-brasquer\/#primaryimage","url":"https:\/\/editions-la-californie.fr\/californie\/wp-content\/uploads\/2025\/04\/dys-moi-comment-t-enseigner-mathilde-brasquer.jpg","contentUrl":"https:\/\/editions-la-californie.fr\/californie\/wp-content\/uploads\/2025\/04\/dys-moi-comment-t-enseigner-mathilde-brasquer.jpg","width":483,"height":700,"caption":"\u00ab Dys-moi comment t\u2019enseigner \u00bb est \u00e0 la fois un guide pr\u00e9cieux et un compagnon de route, pour avancer avec confiance et aider les enfants porteurs de troubles DYS \u00e0 trouver pleinement leur place \u00e0 l\u2019\u00e9cole... et dans l\u2019avenir\u00a0!"},{"@type":"BreadcrumbList","@id":"https:\/\/editions-la-californie.fr\/californie\/index.php\/produit\/dys-moi-comment-t-enseigner-de-mathilde-brasquer\/#breadcrumb","itemListElement":[{"@type":"ListItem","position":1,"name":"Accueil","item":"https:\/\/editions-la-californie.fr\/californie\/"},{"@type":"ListItem","position":2,"name":"Boutique en ligne des \u00c9ditions La Californie","item":"https:\/\/editions-la-californie.fr\/californie\/"},{"@type":"ListItem","position":3,"name":"_DYS-moi comment t&rsquo;enseigner, de Mathilde Brasquer, livre broch\u00e9"}]},{"@type":"WebSite","@id":"https:\/\/editions-la-californie.fr\/californie\/#website","url":"https:\/\/editions-la-californie.fr\/californie\/","name":"\u00c9ditions La Californie, boutique en ligne","description":"Offrez(-vous) des livres imagin\u00e9s, cr\u00e9\u00e9s et illustr\u00e9s en Alsace","publisher":{"@id":"https:\/\/editions-la-californie.fr\/californie\/#organization"},"potentialAction":[{"@type":"SearchAction","target":{"@type":"EntryPoint","urlTemplate":"https:\/\/editions-la-californie.fr\/californie\/?s={search_term_string}"},"query-input":{"@type":"PropertyValueSpecification","valueRequired":true,"valueName":"search_term_string"}}],"inLanguage":"fr-FR"},{"@type":"Organization","@id":"https:\/\/editions-la-californie.fr\/californie\/#organization","name":"\u00c9ditions La Californie","url":"https:\/\/editions-la-californie.fr\/californie\/","logo":{"@type":"ImageObject","inLanguage":"fr-FR","@id":"https:\/\/editions-la-californie.fr\/californie\/#\/schema\/logo\/image\/","url":"https:\/\/editions-la-californie.fr\/californie\/wp-content\/uploads\/2023\/11\/cropped-logo-editions-la-californie-alsace-boutique.png","contentUrl":"https:\/\/editions-la-californie.fr\/californie\/wp-content\/uploads\/2023\/11\/cropped-logo-editions-la-californie-alsace-boutique.png","width":522,"height":122,"caption":"\u00c9ditions La Californie"},"image":{"@id":"https:\/\/editions-la-californie.fr\/californie\/#\/schema\/logo\/image\/"},"sameAs":["https:\/\/www.facebook.com\/editionslacalifornie","https:\/\/x.com\/edilacalifornie","https:\/\/www.instagram.com\/editionslacalifornie"]}]}},"jetpack_sharing_enabled":true,"_links":{"self":[{"href":"https:\/\/editions-la-californie.fr\/californie\/index.php\/wp-json\/wp\/v2\/product\/621","targetHints":{"allow":["GET"]}}],"collection":[{"href":"https:\/\/editions-la-californie.fr\/californie\/index.php\/wp-json\/wp\/v2\/product"}],"about":[{"href":"https:\/\/editions-la-californie.fr\/californie\/index.php\/wp-json\/wp\/v2\/types\/product"}],"replies":[{"embeddable":true,"href":"https:\/\/editions-la-californie.fr\/californie\/index.php\/wp-json\/wp\/v2\/comments?post=621"}],"wp:featuredmedia":[{"embeddable":true,"href":"https:\/\/editions-la-californie.fr\/californie\/index.php\/wp-json\/wp\/v2\/media\/623"}],"wp:attachment":[{"href":"https:\/\/editions-la-californie.fr\/californie\/index.php\/wp-json\/wp\/v2\/media?parent=621"}],"wp:term":[{"taxonomy":"product_brand","embeddable":true,"href":"https:\/\/editions-la-californie.fr\/californie\/index.php\/wp-json\/wp\/v2\/product_brand?post=621"},{"taxonomy":"product_cat","embeddable":true,"href":"https:\/\/editions-la-californie.fr\/californie\/index.php\/wp-json\/wp\/v2\/product_cat?post=621"},{"taxonomy":"product_tag","embeddable":true,"href":"https:\/\/editions-la-californie.fr\/californie\/index.php\/wp-json\/wp\/v2\/product_tag?post=621"}],"curies":[{"name":"wp","href":"https:\/\/api.w.org\/{rel}","templated":true}]}}