{"id":676,"date":"2025-04-28T09:56:03","date_gmt":"2025-04-28T07:56:03","guid":{"rendered":"https:\/\/editions-la-californie.fr\/californie\/?post_type=product&#038;p=676"},"modified":"2026-04-02T12:00:16","modified_gmt":"2026-04-02T10:00:16","slug":"_luka-le-dragon-cahier-de-coloriage","status":"publish","type":"product","link":"https:\/\/editions-la-californie.fr\/californie\/index.php\/produit\/_luka-le-dragon-cahier-de-coloriage\/","title":{"rendered":"_Luka le dragon, cahier de coloriage"},"content":{"rendered":"<p>Luka le dragon t\u2019attend dans 8 sc\u00e8nes fantastiques !<br \/>\nAttrape tes crayons de couleur et transforme-les en chefs-d\u2019oeuvre rigolos et pleins de magie !<\/p>\n<h3>Informations<\/h3>\n<p>Format : 21x21cm &#8211; 12 pages<br \/>\nPapier issu de for\u00eats g\u00e9r\u00e9es durablement<br \/>\nISBN : 978-2-493618-20-7<br \/>\nPrix : 5-\u20ac<\/p>\n<h3>Exp\u00e9dition et livraison<\/h3>\n<p>Pour la commande d&rsquo;un livre \u00ab\u00a0Luka le dragon\u00a0\u00bb, optez pour l&rsquo;envoi en \u00ab\u00a0lettre verte\u00a0\u00bb par la Poste. Ce transport \u00e9cologique ne vous co\u00fbtera que 3,00-\u20ac.<br \/>\nPour toute commande sup\u00e9rieure, choisissez l&rsquo;envoi par Colissimo.<br \/>\n<strong>\u00c0 partir de 36,00-\u20ac, b\u00e9n\u00e9ficiez de la livraison \u00e0 0,01-\u20ac !<\/strong><\/p>\n","protected":false},"excerpt":{"rendered":"<p>Luka le dragon, le cahier de coloriage pour cr\u00e9er tes propres chefs d&rsquo;oeuvre !<\/p>\n","protected":false},"featured_media":679,"comment_status":"open","ping_status":"closed","template":"","meta":[],"product_brand":[],"product_cat":[53],"product_tag":[54,56,55],"class_list":{"0":"post-676","1":"product","2":"type-product","3":"status-publish","4":"has-post-thumbnail","6":"product_cat-luka-le-dragon","7":"product_tag-livre","8":"product_tag-livre-pour-enfant","9":"product_tag-luka-le-dragon","11":"first","12":"instock","13":"taxable","14":"shipping-taxable","15":"purchasable","16":"product-type-simple"},"yoast_head":"<!-- This site is optimized with the Yoast SEO plugin v27.4 - https:\/\/yoast.com\/product\/yoast-seo-wordpress\/ -->\n<title>Cahier de coloriage Luka le dragon : cr\u00e9\u00e9 tes chefs d&#039;oeuvre !<\/title>\n<meta name=\"description\" content=\"Avec le cahier de coloriage Luka le dragon, cr\u00e9\u00e9 tes propres chefs d&#039;oeuvre ! \u00c9ditions La Californie \u00e0 Saint-Louis en Alsace.\" \/>\n<meta name=\"robots\" content=\"index, follow, max-snippet:-1, max-image-preview:large, max-video-preview:-1\" \/>\n<link rel=\"canonical\" href=\"https:\/\/editions-la-californie.fr\/californie\/index.php\/produit\/_luka-le-dragon-cahier-de-coloriage\/\" \/>\n<meta property=\"og:locale\" content=\"fr_FR\" \/>\n<meta property=\"og:type\" content=\"article\" \/>\n<meta property=\"og:title\" content=\"Cahier de coloriage Luka le dragon : cr\u00e9\u00e9 tes chefs d&#039;oeuvre !\" \/>\n<meta property=\"og:description\" content=\"Avec le cahier de coloriage Luka le dragon, cr\u00e9\u00e9 tes propres chefs d&#039;oeuvre ! \u00c9ditions La Californie \u00e0 Saint-Louis en Alsace.\" \/>\n<meta property=\"og:url\" content=\"https:\/\/editions-la-californie.fr\/californie\/index.php\/produit\/_luka-le-dragon-cahier-de-coloriage\/\" \/>\n<meta property=\"og:site_name\" content=\"\u00c9ditions La Californie, boutique en ligne\" \/>\n<meta property=\"article:publisher\" content=\"https:\/\/www.facebook.com\/editionslacalifornie\" \/>\n<meta property=\"article:modified_time\" content=\"2026-04-02T10:00:16+00:00\" \/>\n<meta property=\"og:image\" content=\"https:\/\/editions-la-californie.fr\/californie\/wp-content\/uploads\/2025\/04\/Luka-coloriage-couv.jpg\" \/>\n\t<meta property=\"og:image:width\" content=\"600\" \/>\n\t<meta property=\"og:image:height\" content=\"600\" \/>\n\t<meta property=\"og:image:type\" content=\"image\/jpeg\" \/>\n<meta name=\"twitter:card\" content=\"summary_large_image\" \/>\n<meta name=\"twitter:site\" content=\"@edilacalifornie\" \/>\n<meta name=\"twitter:label1\" content=\"Dur\u00e9e de lecture estim\u00e9e\" \/>\n\t<meta name=\"twitter:data1\" content=\"1 minute\" \/>\n<script type=\"application\/ld+json\" class=\"yoast-schema-graph\">{\"@context\":\"https:\\\/\\\/schema.org\",\"@graph\":[{\"@type\":\"WebPage\",\"@id\":\"https:\\\/\\\/editions-la-californie.fr\\\/californie\\\/index.php\\\/produit\\\/_luka-le-dragon-cahier-de-coloriage\\\/\",\"url\":\"https:\\\/\\\/editions-la-californie.fr\\\/californie\\\/index.php\\\/produit\\\/_luka-le-dragon-cahier-de-coloriage\\\/\",\"name\":\"Cahier de coloriage Luka le dragon : cr\u00e9\u00e9 tes chefs d'oeuvre !\",\"isPartOf\":{\"@id\":\"https:\\\/\\\/editions-la-californie.fr\\\/californie\\\/#website\"},\"primaryImageOfPage\":{\"@id\":\"https:\\\/\\\/editions-la-californie.fr\\\/californie\\\/index.php\\\/produit\\\/_luka-le-dragon-cahier-de-coloriage\\\/#primaryimage\"},\"image\":{\"@id\":\"https:\\\/\\\/editions-la-californie.fr\\\/californie\\\/index.php\\\/produit\\\/_luka-le-dragon-cahier-de-coloriage\\\/#primaryimage\"},\"thumbnailUrl\":\"https:\\\/\\\/editions-la-californie.fr\\\/californie\\\/wp-content\\\/uploads\\\/2025\\\/04\\\/Luka-coloriage-couv.jpg\",\"datePublished\":\"2025-04-28T07:56:03+00:00\",\"dateModified\":\"2026-04-02T10:00:16+00:00\",\"description\":\"Avec le cahier de coloriage Luka le dragon, cr\u00e9\u00e9 tes propres chefs d'oeuvre ! \u00c9ditions La Californie \u00e0 Saint-Louis en Alsace.\",\"breadcrumb\":{\"@id\":\"https:\\\/\\\/editions-la-californie.fr\\\/californie\\\/index.php\\\/produit\\\/_luka-le-dragon-cahier-de-coloriage\\\/#breadcrumb\"},\"inLanguage\":\"fr-FR\",\"potentialAction\":[{\"@type\":\"ReadAction\",\"target\":[\"https:\\\/\\\/editions-la-californie.fr\\\/californie\\\/index.php\\\/produit\\\/_luka-le-dragon-cahier-de-coloriage\\\/\"]}]},{\"@type\":\"ImageObject\",\"inLanguage\":\"fr-FR\",\"@id\":\"https:\\\/\\\/editions-la-californie.fr\\\/californie\\\/index.php\\\/produit\\\/_luka-le-dragon-cahier-de-coloriage\\\/#primaryimage\",\"url\":\"https:\\\/\\\/editions-la-californie.fr\\\/californie\\\/wp-content\\\/uploads\\\/2025\\\/04\\\/Luka-coloriage-couv.jpg\",\"contentUrl\":\"https:\\\/\\\/editions-la-californie.fr\\\/californie\\\/wp-content\\\/uploads\\\/2025\\\/04\\\/Luka-coloriage-couv.jpg\",\"width\":600,\"height\":600,\"caption\":\"Luka le dragon, cahier de coloriage.\"},{\"@type\":\"BreadcrumbList\",\"@id\":\"https:\\\/\\\/editions-la-californie.fr\\\/californie\\\/index.php\\\/produit\\\/_luka-le-dragon-cahier-de-coloriage\\\/#breadcrumb\",\"itemListElement\":[{\"@type\":\"ListItem\",\"position\":1,\"name\":\"Accueil\",\"item\":\"https:\\\/\\\/editions-la-californie.fr\\\/californie\\\/\"},{\"@type\":\"ListItem\",\"position\":2,\"name\":\"Boutique en ligne des \u00c9ditions La Californie\",\"item\":\"https:\\\/\\\/editions-la-californie.fr\\\/californie\\\/\"},{\"@type\":\"ListItem\",\"position\":3,\"name\":\"_Luka le dragon, cahier de coloriage\"}]},{\"@type\":\"WebSite\",\"@id\":\"https:\\\/\\\/editions-la-californie.fr\\\/californie\\\/#website\",\"url\":\"https:\\\/\\\/editions-la-californie.fr\\\/californie\\\/\",\"name\":\"\u00c9ditions La Californie, boutique en ligne\",\"description\":\"Offrez(-vous) des livres imagin\u00e9s, cr\u00e9\u00e9s et illustr\u00e9s en Alsace\",\"publisher\":{\"@id\":\"https:\\\/\\\/editions-la-californie.fr\\\/californie\\\/#organization\"},\"potentialAction\":[{\"@type\":\"SearchAction\",\"target\":{\"@type\":\"EntryPoint\",\"urlTemplate\":\"https:\\\/\\\/editions-la-californie.fr\\\/californie\\\/?s={search_term_string}\"},\"query-input\":{\"@type\":\"PropertyValueSpecification\",\"valueRequired\":true,\"valueName\":\"search_term_string\"}}],\"inLanguage\":\"fr-FR\"},{\"@type\":\"Organization\",\"@id\":\"https:\\\/\\\/editions-la-californie.fr\\\/californie\\\/#organization\",\"name\":\"\u00c9ditions La Californie\",\"url\":\"https:\\\/\\\/editions-la-californie.fr\\\/californie\\\/\",\"logo\":{\"@type\":\"ImageObject\",\"inLanguage\":\"fr-FR\",\"@id\":\"https:\\\/\\\/editions-la-californie.fr\\\/californie\\\/#\\\/schema\\\/logo\\\/image\\\/\",\"url\":\"https:\\\/\\\/editions-la-californie.fr\\\/californie\\\/wp-content\\\/uploads\\\/2023\\\/11\\\/cropped-logo-editions-la-californie-alsace-boutique.png\",\"contentUrl\":\"https:\\\/\\\/editions-la-californie.fr\\\/californie\\\/wp-content\\\/uploads\\\/2023\\\/11\\\/cropped-logo-editions-la-californie-alsace-boutique.png\",\"width\":522,\"height\":122,\"caption\":\"\u00c9ditions La Californie\"},\"image\":{\"@id\":\"https:\\\/\\\/editions-la-californie.fr\\\/californie\\\/#\\\/schema\\\/logo\\\/image\\\/\"},\"sameAs\":[\"https:\\\/\\\/www.facebook.com\\\/editionslacalifornie\",\"https:\\\/\\\/x.com\\\/edilacalifornie\",\"https:\\\/\\\/www.instagram.com\\\/editionslacalifornie\"]}]}<\/script>\n<!-- \/ Yoast SEO plugin. -->","yoast_head_json":{"title":"Cahier de coloriage Luka le dragon : cr\u00e9\u00e9 tes chefs d'oeuvre !","description":"Avec le cahier de coloriage Luka le dragon, cr\u00e9\u00e9 tes propres chefs d'oeuvre ! \u00c9ditions La Californie \u00e0 Saint-Louis en Alsace.","robots":{"index":"index","follow":"follow","max-snippet":"max-snippet:-1","max-image-preview":"max-image-preview:large","max-video-preview":"max-video-preview:-1"},"canonical":"https:\/\/editions-la-californie.fr\/californie\/index.php\/produit\/_luka-le-dragon-cahier-de-coloriage\/","og_locale":"fr_FR","og_type":"article","og_title":"Cahier de coloriage Luka le dragon : cr\u00e9\u00e9 tes chefs d'oeuvre !","og_description":"Avec le cahier de coloriage Luka le dragon, cr\u00e9\u00e9 tes propres chefs d'oeuvre ! \u00c9ditions La Californie \u00e0 Saint-Louis en Alsace.","og_url":"https:\/\/editions-la-californie.fr\/californie\/index.php\/produit\/_luka-le-dragon-cahier-de-coloriage\/","og_site_name":"\u00c9ditions La Californie, boutique en ligne","article_publisher":"https:\/\/www.facebook.com\/editionslacalifornie","article_modified_time":"2026-04-02T10:00:16+00:00","og_image":[{"width":600,"height":600,"url":"https:\/\/editions-la-californie.fr\/californie\/wp-content\/uploads\/2025\/04\/Luka-coloriage-couv.jpg","type":"image\/jpeg"}],"twitter_card":"summary_large_image","twitter_site":"@edilacalifornie","twitter_misc":{"Dur\u00e9e de lecture estim\u00e9e":"1 minute"},"schema":{"@context":"https:\/\/schema.org","@graph":[{"@type":"WebPage","@id":"https:\/\/editions-la-californie.fr\/californie\/index.php\/produit\/_luka-le-dragon-cahier-de-coloriage\/","url":"https:\/\/editions-la-californie.fr\/californie\/index.php\/produit\/_luka-le-dragon-cahier-de-coloriage\/","name":"Cahier de coloriage Luka le dragon : cr\u00e9\u00e9 tes chefs d'oeuvre !","isPartOf":{"@id":"https:\/\/editions-la-californie.fr\/californie\/#website"},"primaryImageOfPage":{"@id":"https:\/\/editions-la-californie.fr\/californie\/index.php\/produit\/_luka-le-dragon-cahier-de-coloriage\/#primaryimage"},"image":{"@id":"https:\/\/editions-la-californie.fr\/californie\/index.php\/produit\/_luka-le-dragon-cahier-de-coloriage\/#primaryimage"},"thumbnailUrl":"https:\/\/editions-la-californie.fr\/californie\/wp-content\/uploads\/2025\/04\/Luka-coloriage-couv.jpg","datePublished":"2025-04-28T07:56:03+00:00","dateModified":"2026-04-02T10:00:16+00:00","description":"Avec le cahier de coloriage Luka le dragon, cr\u00e9\u00e9 tes propres chefs d'oeuvre ! \u00c9ditions La Californie \u00e0 Saint-Louis en Alsace.","breadcrumb":{"@id":"https:\/\/editions-la-californie.fr\/californie\/index.php\/produit\/_luka-le-dragon-cahier-de-coloriage\/#breadcrumb"},"inLanguage":"fr-FR","potentialAction":[{"@type":"ReadAction","target":["https:\/\/editions-la-californie.fr\/californie\/index.php\/produit\/_luka-le-dragon-cahier-de-coloriage\/"]}]},{"@type":"ImageObject","inLanguage":"fr-FR","@id":"https:\/\/editions-la-californie.fr\/californie\/index.php\/produit\/_luka-le-dragon-cahier-de-coloriage\/#primaryimage","url":"https:\/\/editions-la-californie.fr\/californie\/wp-content\/uploads\/2025\/04\/Luka-coloriage-couv.jpg","contentUrl":"https:\/\/editions-la-californie.fr\/californie\/wp-content\/uploads\/2025\/04\/Luka-coloriage-couv.jpg","width":600,"height":600,"caption":"Luka le dragon, cahier de coloriage."},{"@type":"BreadcrumbList","@id":"https:\/\/editions-la-californie.fr\/californie\/index.php\/produit\/_luka-le-dragon-cahier-de-coloriage\/#breadcrumb","itemListElement":[{"@type":"ListItem","position":1,"name":"Accueil","item":"https:\/\/editions-la-californie.fr\/californie\/"},{"@type":"ListItem","position":2,"name":"Boutique en ligne des \u00c9ditions La Californie","item":"https:\/\/editions-la-californie.fr\/californie\/"},{"@type":"ListItem","position":3,"name":"_Luka le dragon, cahier de coloriage"}]},{"@type":"WebSite","@id":"https:\/\/editions-la-californie.fr\/californie\/#website","url":"https:\/\/editions-la-californie.fr\/californie\/","name":"\u00c9ditions La Californie, boutique en ligne","description":"Offrez(-vous) des livres imagin\u00e9s, cr\u00e9\u00e9s et illustr\u00e9s en Alsace","publisher":{"@id":"https:\/\/editions-la-californie.fr\/californie\/#organization"},"potentialAction":[{"@type":"SearchAction","target":{"@type":"EntryPoint","urlTemplate":"https:\/\/editions-la-californie.fr\/californie\/?s={search_term_string}"},"query-input":{"@type":"PropertyValueSpecification","valueRequired":true,"valueName":"search_term_string"}}],"inLanguage":"fr-FR"},{"@type":"Organization","@id":"https:\/\/editions-la-californie.fr\/californie\/#organization","name":"\u00c9ditions La Californie","url":"https:\/\/editions-la-californie.fr\/californie\/","logo":{"@type":"ImageObject","inLanguage":"fr-FR","@id":"https:\/\/editions-la-californie.fr\/californie\/#\/schema\/logo\/image\/","url":"https:\/\/editions-la-californie.fr\/californie\/wp-content\/uploads\/2023\/11\/cropped-logo-editions-la-californie-alsace-boutique.png","contentUrl":"https:\/\/editions-la-californie.fr\/californie\/wp-content\/uploads\/2023\/11\/cropped-logo-editions-la-californie-alsace-boutique.png","width":522,"height":122,"caption":"\u00c9ditions La Californie"},"image":{"@id":"https:\/\/editions-la-californie.fr\/californie\/#\/schema\/logo\/image\/"},"sameAs":["https:\/\/www.facebook.com\/editionslacalifornie","https:\/\/x.com\/edilacalifornie","https:\/\/www.instagram.com\/editionslacalifornie"]}]}},"jetpack_sharing_enabled":true,"_links":{"self":[{"href":"https:\/\/editions-la-californie.fr\/californie\/index.php\/wp-json\/wp\/v2\/product\/676","targetHints":{"allow":["GET"]}}],"collection":[{"href":"https:\/\/editions-la-californie.fr\/californie\/index.php\/wp-json\/wp\/v2\/product"}],"about":[{"href":"https:\/\/editions-la-californie.fr\/californie\/index.php\/wp-json\/wp\/v2\/types\/product"}],"replies":[{"embeddable":true,"href":"https:\/\/editions-la-californie.fr\/californie\/index.php\/wp-json\/wp\/v2\/comments?post=676"}],"wp:featuredmedia":[{"embeddable":true,"href":"https:\/\/editions-la-californie.fr\/californie\/index.php\/wp-json\/wp\/v2\/media\/679"}],"wp:attachment":[{"href":"https:\/\/editions-la-californie.fr\/californie\/index.php\/wp-json\/wp\/v2\/media?parent=676"}],"wp:term":[{"taxonomy":"product_brand","embeddable":true,"href":"https:\/\/editions-la-californie.fr\/californie\/index.php\/wp-json\/wp\/v2\/product_brand?post=676"},{"taxonomy":"product_cat","embeddable":true,"href":"https:\/\/editions-la-californie.fr\/californie\/index.php\/wp-json\/wp\/v2\/product_cat?post=676"},{"taxonomy":"product_tag","embeddable":true,"href":"https:\/\/editions-la-californie.fr\/californie\/index.php\/wp-json\/wp\/v2\/product_tag?post=676"}],"curies":[{"name":"wp","href":"https:\/\/api.w.org\/{rel}","templated":true}]}}