{"id":812,"date":"2025-08-19T09:21:31","date_gmt":"2025-08-19T07:21:31","guid":{"rendered":"https:\/\/editions-la-californie.fr\/californie\/?post_type=product&#038;p=812"},"modified":"2026-04-02T12:00:18","modified_gmt":"2026-04-02T10:00:18","slug":"cetait-pas-mieux-avant-roman-de-pierre-della-valentina-strasbourg","status":"publish","type":"product","link":"https:\/\/editions-la-californie.fr\/californie\/index.php\/produit\/cetait-pas-mieux-avant-roman-de-pierre-della-valentina-strasbourg\/","title":{"rendered":"_C&rsquo;\u00e9tait pas mieux avant, de Pierre Della Valentina, livre broch\u00e9"},"content":{"rendered":"<h3>C&rsquo;\u00e9tait pas mieux avant &#8211; un roman tendre et dr\u00f4le pour les ados<\/h3>\n<p>Auteur : Pierre Della Valentina.<br \/>\nDate de parution officielle : 5 septembre 2025.<br \/>\nCollection : romans.<\/p>\n<h3>Un grand saut dans les ann\u00e9es 90 \u00e0 Strasbourg<\/h3>\n<p>Strasbourg, 2025.<br \/>\nAlexandre, quinze ans, vit avec sa m\u00e8re, divorc\u00e9e et psychologiquement fragile. Il s\u2019oppose de plus en plus \u00e0 elle. Quoi qu\u2019il arrive, cette derni\u00e8re revient toujours avec le m\u00eame argument :<br \/>\n\u00ab\u00a0\u00c0 mon \u00e9poque, \u00e7a ne se passait pas comme \u00e7a\u00a0!\u00a0\u00bb<br \/>\nSuite \u00e0 une \u00e9ni\u00e8me dispute, Alexandre se retrouve propuls\u00e9&#8230; en 1995\u00a0!<br \/>\nDe rencontres en d\u00e9couvertes, il va pouvoir juger par lui-m\u00eame si, effectivement, tout \u00e9tait tellement mieux avant&#8230; ou pas\u00a0! Mais, tr\u00e8s vite, Alexandre se rend compte que ce voyage dans le pass\u00e9 n\u2019est pas anodin et qu\u2019une mission p\u00e9rilleuse l\u2019attend.<\/p>\n<p><a href=\"https:\/\/editions-la-californie.fr\/3d-flip-book\/cetait-pas-mieux-avant-extrait\/\" target=\"_blank\" rel=\"noopener\">Pour d\u00e9couvrir le premier chapitre, cliquez ici<\/a>.<\/p>\n<h3>Pierre Della Valentina<\/h3>\n<p>Kin\u00e9sith\u00e9rapeute et ost\u00e9opathe \u00e0 Strasbourg, Pierre Della Valentina signe un premier roman sinc\u00e8re et touchant. Ce papa d\u2019une fille de treize ans parvient \u00e0 r\u00e9concilier les ados et les \u00ab darons \u00bb gr\u00e2ce \u00e0 un style percutant et vif, en usant de r\u00e9f\u00e9rences qui sonnent juste.<\/p>\n<h3>Informations techniques<\/h3>\n<p>Livre broch\u00e9<br \/>\nISBN : 978-2-493618-22-1<br \/>\n188 pages<br \/>\nFormat : 148x210mm (A5)<\/p>\n<p>Imagin\u00e9 et cr\u00e9\u00e9 en Alsace. Imprim\u00e9 en France.<br \/>\n<a href=\"https:\/\/editions-la-californie.fr\/\">\u00c9ditions La Californie<\/a>, \u00e9diteur de talents en Alsace \u00e0 Saint-Louis, Mulhouse, Strasbourg et Colmar.<\/p>\n","protected":false},"excerpt":{"rendered":"<p>\u00ab\u00a0C&rsquo;\u00e9tait pas mieux avant\u00a0\u00bb, un grand saut dans le Strasbourg des ann\u00e9es 90. Un roman sinc\u00e8re et touchant qui r\u00e9concilie les ados et leur daron !<\/p>\n","protected":false},"featured_media":813,"comment_status":"open","ping_status":"closed","template":"","meta":[],"product_brand":[],"product_cat":[16,67],"product_tag":[71,22,69,70,68,73,72,74],"class_list":{"0":"post-812","1":"product","2":"type-product","3":"status-publish","4":"has-post-thumbnail","6":"product_cat-livres","7":"product_cat-romans","8":"product_tag-editeur-alsacien","9":"product_tag-editions-la-californie","10":"product_tag-litterature-ados","11":"product_tag-livre-alsace","12":"product_tag-roman-adolescent","13":"product_tag-roman-alsacien","14":"product_tag-roman-strasbourg","15":"product_tag-strasbourg","17":"first","18":"instock","19":"taxable","20":"shipping-taxable","21":"purchasable","22":"product-type-simple"},"yoast_head":"<!-- This site is optimized with the Yoast SEO plugin v27.4 - https:\/\/yoast.com\/product\/yoast-seo-wordpress\/ -->\n<title>_C&#039;\u00e9tait pas mieux avant, de Pierre Della Valentina, livre broch\u00e9<\/title>\n<meta name=\"description\" content=\"&quot;C&#039;\u00e9tait pas mieux avant&quot;, un grand saut dans le Strasbourg des ann\u00e9es 90. Un roman sinc\u00e8re et touchant qui r\u00e9concilie les ados et leur daron !\u00a0\" \/>\n<meta name=\"robots\" content=\"index, follow, max-snippet:-1, max-image-preview:large, max-video-preview:-1\" \/>\n<link rel=\"canonical\" href=\"https:\/\/editions-la-californie.fr\/californie\/index.php\/produit\/cetait-pas-mieux-avant-roman-de-pierre-della-valentina-strasbourg\/\" \/>\n<meta property=\"og:locale\" content=\"fr_FR\" \/>\n<meta property=\"og:type\" content=\"article\" \/>\n<meta property=\"og:title\" content=\"_C&#039;\u00e9tait pas mieux avant, de Pierre Della Valentina, livre broch\u00e9\" \/>\n<meta property=\"og:description\" content=\"&quot;C&#039;\u00e9tait pas mieux avant&quot;, un grand saut dans le Strasbourg des ann\u00e9es 90. Un roman sinc\u00e8re et touchant qui r\u00e9concilie les ados et leur daron !\u00a0\" \/>\n<meta property=\"og:url\" content=\"https:\/\/editions-la-californie.fr\/californie\/index.php\/produit\/cetait-pas-mieux-avant-roman-de-pierre-della-valentina-strasbourg\/\" \/>\n<meta property=\"og:site_name\" content=\"\u00c9ditions La Californie, boutique en ligne\" \/>\n<meta property=\"article:publisher\" content=\"https:\/\/www.facebook.com\/editionslacalifornie\" \/>\n<meta property=\"article:modified_time\" content=\"2026-04-02T10:00:18+00:00\" \/>\n<meta property=\"og:image\" content=\"https:\/\/editions-la-californie.fr\/californie\/wp-content\/uploads\/2025\/08\/c-etait-pas-mieux-avant-pierre-della-valentina-couv.jpg\" \/>\n\t<meta property=\"og:image:width\" content=\"564\" \/>\n\t<meta property=\"og:image:height\" content=\"800\" \/>\n\t<meta property=\"og:image:type\" content=\"image\/jpeg\" \/>\n<meta name=\"twitter:card\" content=\"summary_large_image\" \/>\n<meta name=\"twitter:site\" content=\"@edilacalifornie\" \/>\n<meta name=\"twitter:label1\" content=\"Dur\u00e9e de lecture estim\u00e9e\" \/>\n\t<meta name=\"twitter:data1\" content=\"2 minutes\" \/>\n<script type=\"application\/ld+json\" class=\"yoast-schema-graph\">{\"@context\":\"https:\\\/\\\/schema.org\",\"@graph\":[{\"@type\":\"WebPage\",\"@id\":\"https:\\\/\\\/editions-la-californie.fr\\\/californie\\\/index.php\\\/produit\\\/cetait-pas-mieux-avant-roman-de-pierre-della-valentina-strasbourg\\\/\",\"url\":\"https:\\\/\\\/editions-la-californie.fr\\\/californie\\\/index.php\\\/produit\\\/cetait-pas-mieux-avant-roman-de-pierre-della-valentina-strasbourg\\\/\",\"name\":\"_C'\u00e9tait pas mieux avant, de Pierre Della Valentina, livre broch\u00e9\",\"isPartOf\":{\"@id\":\"https:\\\/\\\/editions-la-californie.fr\\\/californie\\\/#website\"},\"primaryImageOfPage\":{\"@id\":\"https:\\\/\\\/editions-la-californie.fr\\\/californie\\\/index.php\\\/produit\\\/cetait-pas-mieux-avant-roman-de-pierre-della-valentina-strasbourg\\\/#primaryimage\"},\"image\":{\"@id\":\"https:\\\/\\\/editions-la-californie.fr\\\/californie\\\/index.php\\\/produit\\\/cetait-pas-mieux-avant-roman-de-pierre-della-valentina-strasbourg\\\/#primaryimage\"},\"thumbnailUrl\":\"https:\\\/\\\/editions-la-californie.fr\\\/californie\\\/wp-content\\\/uploads\\\/2025\\\/08\\\/c-etait-pas-mieux-avant-pierre-della-valentina-couv.jpg\",\"datePublished\":\"2025-08-19T07:21:31+00:00\",\"dateModified\":\"2026-04-02T10:00:18+00:00\",\"description\":\"\\\"C'\u00e9tait pas mieux avant\\\", un grand saut dans le Strasbourg des ann\u00e9es 90. Un roman sinc\u00e8re et touchant qui r\u00e9concilie les ados et leur daron !\u00a0\",\"breadcrumb\":{\"@id\":\"https:\\\/\\\/editions-la-californie.fr\\\/californie\\\/index.php\\\/produit\\\/cetait-pas-mieux-avant-roman-de-pierre-della-valentina-strasbourg\\\/#breadcrumb\"},\"inLanguage\":\"fr-FR\",\"potentialAction\":[{\"@type\":\"ReadAction\",\"target\":[\"https:\\\/\\\/editions-la-californie.fr\\\/californie\\\/index.php\\\/produit\\\/cetait-pas-mieux-avant-roman-de-pierre-della-valentina-strasbourg\\\/\"]}]},{\"@type\":\"ImageObject\",\"inLanguage\":\"fr-FR\",\"@id\":\"https:\\\/\\\/editions-la-californie.fr\\\/californie\\\/index.php\\\/produit\\\/cetait-pas-mieux-avant-roman-de-pierre-della-valentina-strasbourg\\\/#primaryimage\",\"url\":\"https:\\\/\\\/editions-la-californie.fr\\\/californie\\\/wp-content\\\/uploads\\\/2025\\\/08\\\/c-etait-pas-mieux-avant-pierre-della-valentina-couv.jpg\",\"contentUrl\":\"https:\\\/\\\/editions-la-californie.fr\\\/californie\\\/wp-content\\\/uploads\\\/2025\\\/08\\\/c-etait-pas-mieux-avant-pierre-della-valentina-couv.jpg\",\"width\":564,\"height\":800,\"caption\":\"C'\u00e9tait pas mieux avant, un roman sinc\u00e8re, dr\u00f4le et touchant qui r\u00e9concilie les ados et leurs parents ! Auteur : Pierre Della Valentina, aux \u00c9ditions La Californie en Alsace\"},{\"@type\":\"BreadcrumbList\",\"@id\":\"https:\\\/\\\/editions-la-californie.fr\\\/californie\\\/index.php\\\/produit\\\/cetait-pas-mieux-avant-roman-de-pierre-della-valentina-strasbourg\\\/#breadcrumb\",\"itemListElement\":[{\"@type\":\"ListItem\",\"position\":1,\"name\":\"Accueil\",\"item\":\"https:\\\/\\\/editions-la-californie.fr\\\/californie\\\/\"},{\"@type\":\"ListItem\",\"position\":2,\"name\":\"Boutique en ligne des \u00c9ditions La Californie\",\"item\":\"https:\\\/\\\/editions-la-californie.fr\\\/californie\\\/\"},{\"@type\":\"ListItem\",\"position\":3,\"name\":\"_C&rsquo;\u00e9tait pas mieux avant, de Pierre Della Valentina, livre broch\u00e9\"}]},{\"@type\":\"WebSite\",\"@id\":\"https:\\\/\\\/editions-la-californie.fr\\\/californie\\\/#website\",\"url\":\"https:\\\/\\\/editions-la-californie.fr\\\/californie\\\/\",\"name\":\"\u00c9ditions La Californie, boutique en ligne\",\"description\":\"Offrez(-vous) des livres imagin\u00e9s, cr\u00e9\u00e9s et illustr\u00e9s en Alsace\",\"publisher\":{\"@id\":\"https:\\\/\\\/editions-la-californie.fr\\\/californie\\\/#organization\"},\"potentialAction\":[{\"@type\":\"SearchAction\",\"target\":{\"@type\":\"EntryPoint\",\"urlTemplate\":\"https:\\\/\\\/editions-la-californie.fr\\\/californie\\\/?s={search_term_string}\"},\"query-input\":{\"@type\":\"PropertyValueSpecification\",\"valueRequired\":true,\"valueName\":\"search_term_string\"}}],\"inLanguage\":\"fr-FR\"},{\"@type\":\"Organization\",\"@id\":\"https:\\\/\\\/editions-la-californie.fr\\\/californie\\\/#organization\",\"name\":\"\u00c9ditions La Californie\",\"url\":\"https:\\\/\\\/editions-la-californie.fr\\\/californie\\\/\",\"logo\":{\"@type\":\"ImageObject\",\"inLanguage\":\"fr-FR\",\"@id\":\"https:\\\/\\\/editions-la-californie.fr\\\/californie\\\/#\\\/schema\\\/logo\\\/image\\\/\",\"url\":\"https:\\\/\\\/editions-la-californie.fr\\\/californie\\\/wp-content\\\/uploads\\\/2023\\\/11\\\/cropped-logo-editions-la-californie-alsace-boutique.png\",\"contentUrl\":\"https:\\\/\\\/editions-la-californie.fr\\\/californie\\\/wp-content\\\/uploads\\\/2023\\\/11\\\/cropped-logo-editions-la-californie-alsace-boutique.png\",\"width\":522,\"height\":122,\"caption\":\"\u00c9ditions La Californie\"},\"image\":{\"@id\":\"https:\\\/\\\/editions-la-californie.fr\\\/californie\\\/#\\\/schema\\\/logo\\\/image\\\/\"},\"sameAs\":[\"https:\\\/\\\/www.facebook.com\\\/editionslacalifornie\",\"https:\\\/\\\/x.com\\\/edilacalifornie\",\"https:\\\/\\\/www.instagram.com\\\/editionslacalifornie\"]}]}<\/script>\n<!-- \/ Yoast SEO plugin. -->","yoast_head_json":{"title":"_C'\u00e9tait pas mieux avant, de Pierre Della Valentina, livre broch\u00e9","description":"\"C'\u00e9tait pas mieux avant\", un grand saut dans le Strasbourg des ann\u00e9es 90. Un roman sinc\u00e8re et touchant qui r\u00e9concilie les ados et leur daron !\u00a0","robots":{"index":"index","follow":"follow","max-snippet":"max-snippet:-1","max-image-preview":"max-image-preview:large","max-video-preview":"max-video-preview:-1"},"canonical":"https:\/\/editions-la-californie.fr\/californie\/index.php\/produit\/cetait-pas-mieux-avant-roman-de-pierre-della-valentina-strasbourg\/","og_locale":"fr_FR","og_type":"article","og_title":"_C'\u00e9tait pas mieux avant, de Pierre Della Valentina, livre broch\u00e9","og_description":"\"C'\u00e9tait pas mieux avant\", un grand saut dans le Strasbourg des ann\u00e9es 90. Un roman sinc\u00e8re et touchant qui r\u00e9concilie les ados et leur daron !\u00a0","og_url":"https:\/\/editions-la-californie.fr\/californie\/index.php\/produit\/cetait-pas-mieux-avant-roman-de-pierre-della-valentina-strasbourg\/","og_site_name":"\u00c9ditions La Californie, boutique en ligne","article_publisher":"https:\/\/www.facebook.com\/editionslacalifornie","article_modified_time":"2026-04-02T10:00:18+00:00","og_image":[{"width":564,"height":800,"url":"https:\/\/editions-la-californie.fr\/californie\/wp-content\/uploads\/2025\/08\/c-etait-pas-mieux-avant-pierre-della-valentina-couv.jpg","type":"image\/jpeg"}],"twitter_card":"summary_large_image","twitter_site":"@edilacalifornie","twitter_misc":{"Dur\u00e9e de lecture estim\u00e9e":"2 minutes"},"schema":{"@context":"https:\/\/schema.org","@graph":[{"@type":"WebPage","@id":"https:\/\/editions-la-californie.fr\/californie\/index.php\/produit\/cetait-pas-mieux-avant-roman-de-pierre-della-valentina-strasbourg\/","url":"https:\/\/editions-la-californie.fr\/californie\/index.php\/produit\/cetait-pas-mieux-avant-roman-de-pierre-della-valentina-strasbourg\/","name":"_C'\u00e9tait pas mieux avant, de Pierre Della Valentina, livre broch\u00e9","isPartOf":{"@id":"https:\/\/editions-la-californie.fr\/californie\/#website"},"primaryImageOfPage":{"@id":"https:\/\/editions-la-californie.fr\/californie\/index.php\/produit\/cetait-pas-mieux-avant-roman-de-pierre-della-valentina-strasbourg\/#primaryimage"},"image":{"@id":"https:\/\/editions-la-californie.fr\/californie\/index.php\/produit\/cetait-pas-mieux-avant-roman-de-pierre-della-valentina-strasbourg\/#primaryimage"},"thumbnailUrl":"https:\/\/editions-la-californie.fr\/californie\/wp-content\/uploads\/2025\/08\/c-etait-pas-mieux-avant-pierre-della-valentina-couv.jpg","datePublished":"2025-08-19T07:21:31+00:00","dateModified":"2026-04-02T10:00:18+00:00","description":"\"C'\u00e9tait pas mieux avant\", un grand saut dans le Strasbourg des ann\u00e9es 90. Un roman sinc\u00e8re et touchant qui r\u00e9concilie les ados et leur daron !\u00a0","breadcrumb":{"@id":"https:\/\/editions-la-californie.fr\/californie\/index.php\/produit\/cetait-pas-mieux-avant-roman-de-pierre-della-valentina-strasbourg\/#breadcrumb"},"inLanguage":"fr-FR","potentialAction":[{"@type":"ReadAction","target":["https:\/\/editions-la-californie.fr\/californie\/index.php\/produit\/cetait-pas-mieux-avant-roman-de-pierre-della-valentina-strasbourg\/"]}]},{"@type":"ImageObject","inLanguage":"fr-FR","@id":"https:\/\/editions-la-californie.fr\/californie\/index.php\/produit\/cetait-pas-mieux-avant-roman-de-pierre-della-valentina-strasbourg\/#primaryimage","url":"https:\/\/editions-la-californie.fr\/californie\/wp-content\/uploads\/2025\/08\/c-etait-pas-mieux-avant-pierre-della-valentina-couv.jpg","contentUrl":"https:\/\/editions-la-californie.fr\/californie\/wp-content\/uploads\/2025\/08\/c-etait-pas-mieux-avant-pierre-della-valentina-couv.jpg","width":564,"height":800,"caption":"C'\u00e9tait pas mieux avant, un roman sinc\u00e8re, dr\u00f4le et touchant qui r\u00e9concilie les ados et leurs parents ! Auteur : Pierre Della Valentina, aux \u00c9ditions La Californie en Alsace"},{"@type":"BreadcrumbList","@id":"https:\/\/editions-la-californie.fr\/californie\/index.php\/produit\/cetait-pas-mieux-avant-roman-de-pierre-della-valentina-strasbourg\/#breadcrumb","itemListElement":[{"@type":"ListItem","position":1,"name":"Accueil","item":"https:\/\/editions-la-californie.fr\/californie\/"},{"@type":"ListItem","position":2,"name":"Boutique en ligne des \u00c9ditions La Californie","item":"https:\/\/editions-la-californie.fr\/californie\/"},{"@type":"ListItem","position":3,"name":"_C&rsquo;\u00e9tait pas mieux avant, de Pierre Della Valentina, livre broch\u00e9"}]},{"@type":"WebSite","@id":"https:\/\/editions-la-californie.fr\/californie\/#website","url":"https:\/\/editions-la-californie.fr\/californie\/","name":"\u00c9ditions La Californie, boutique en ligne","description":"Offrez(-vous) des livres imagin\u00e9s, cr\u00e9\u00e9s et illustr\u00e9s en Alsace","publisher":{"@id":"https:\/\/editions-la-californie.fr\/californie\/#organization"},"potentialAction":[{"@type":"SearchAction","target":{"@type":"EntryPoint","urlTemplate":"https:\/\/editions-la-californie.fr\/californie\/?s={search_term_string}"},"query-input":{"@type":"PropertyValueSpecification","valueRequired":true,"valueName":"search_term_string"}}],"inLanguage":"fr-FR"},{"@type":"Organization","@id":"https:\/\/editions-la-californie.fr\/californie\/#organization","name":"\u00c9ditions La Californie","url":"https:\/\/editions-la-californie.fr\/californie\/","logo":{"@type":"ImageObject","inLanguage":"fr-FR","@id":"https:\/\/editions-la-californie.fr\/californie\/#\/schema\/logo\/image\/","url":"https:\/\/editions-la-californie.fr\/californie\/wp-content\/uploads\/2023\/11\/cropped-logo-editions-la-californie-alsace-boutique.png","contentUrl":"https:\/\/editions-la-californie.fr\/californie\/wp-content\/uploads\/2023\/11\/cropped-logo-editions-la-californie-alsace-boutique.png","width":522,"height":122,"caption":"\u00c9ditions La Californie"},"image":{"@id":"https:\/\/editions-la-californie.fr\/californie\/#\/schema\/logo\/image\/"},"sameAs":["https:\/\/www.facebook.com\/editionslacalifornie","https:\/\/x.com\/edilacalifornie","https:\/\/www.instagram.com\/editionslacalifornie"]}]}},"jetpack_sharing_enabled":true,"_links":{"self":[{"href":"https:\/\/editions-la-californie.fr\/californie\/index.php\/wp-json\/wp\/v2\/product\/812","targetHints":{"allow":["GET"]}}],"collection":[{"href":"https:\/\/editions-la-californie.fr\/californie\/index.php\/wp-json\/wp\/v2\/product"}],"about":[{"href":"https:\/\/editions-la-californie.fr\/californie\/index.php\/wp-json\/wp\/v2\/types\/product"}],"replies":[{"embeddable":true,"href":"https:\/\/editions-la-californie.fr\/californie\/index.php\/wp-json\/wp\/v2\/comments?post=812"}],"wp:featuredmedia":[{"embeddable":true,"href":"https:\/\/editions-la-californie.fr\/californie\/index.php\/wp-json\/wp\/v2\/media\/813"}],"wp:attachment":[{"href":"https:\/\/editions-la-californie.fr\/californie\/index.php\/wp-json\/wp\/v2\/media?parent=812"}],"wp:term":[{"taxonomy":"product_brand","embeddable":true,"href":"https:\/\/editions-la-californie.fr\/californie\/index.php\/wp-json\/wp\/v2\/product_brand?post=812"},{"taxonomy":"product_cat","embeddable":true,"href":"https:\/\/editions-la-californie.fr\/californie\/index.php\/wp-json\/wp\/v2\/product_cat?post=812"},{"taxonomy":"product_tag","embeddable":true,"href":"https:\/\/editions-la-californie.fr\/californie\/index.php\/wp-json\/wp\/v2\/product_tag?post=812"}],"curies":[{"name":"wp","href":"https:\/\/api.w.org\/{rel}","templated":true}]}}